{"id":78511,"date":"2025-07-11T16:39:31","date_gmt":"2025-07-11T13:39:31","guid":{"rendered":"https:\/\/demo8.ecube.lv\/sezona.lv\/products\/mora-kniv-nazis-kansbol-knife-green\/"},"modified":"2025-07-14T15:25:18","modified_gmt":"2025-07-14T12:25:18","slug":"mora-kniv-nazis-kansbol-knife-green","status":"publish","type":"product","link":"https:\/\/sezona.lv\/en\/products\/mora-kniv-nazis-kansbol-knife-green\/","title":{"rendered":"Mora Kniv Nazis Kansbol Knife Green"},"content":{"rendered":"<div class=\"rte\">\n<div class=\"rte\">\n<div class=\"rte\">\n<div class=\"rte\">\n<p>Kansbol Knife Green ir vienk\u0101r&scaron;s t\u016brisma vai med\u012bbu  nazis ar fiks\u0113tu asmeni, kas nodro&scaron;ina teicamu iztur\u012bbu un nedeform\u0113j\u0101s  pie spiediena. Izgatavots no ner\u016bs\u0113jo&scaron;\u0101 t\u0113rauda &scaron;is asmens ir viegli  asin\u0101ms. Savuk\u0101rt gumijas spals neizsl\u012bd\u0113s no rokas pat ja b\u016bs slapj&scaron;.<\/p>\n<h4>Specifik\u0101cija:<\/h4>\n<p><strong>Materi\u0101ls:<\/strong> Ner\u016bs\u0113jo&scaron;ais t\u0113rauds Sandvik 12C27 <br \/><strong>Ciet\u012bba:<\/strong> 57-58 HRC <br \/><strong>Svars:<\/strong> 230 grami <br \/><strong>Asmens garums:<\/strong> 109mm <br \/><strong>Na\u017ea garums:<\/strong> 218mm <br \/><strong>Asmens biezums:<\/strong> 2.5mm<\/p>\n<\/div>\n<\/div>\n<\/div>\n<\/div>\n","protected":false},"excerpt":{"rendered":"<p>Kansbol Knife Green ir vienk\u0101r&scaron;s t\u016brisma vai med\u012bbu nazis ar fiks\u0113tu asmeni, kas nodro&scaron;ina teicamu iztur\u012bbu un nedeform\u0113j\u0101s pie spiediena. Izgatavots no ner\u016bs\u0113jo&scaron;\u0101 t\u0113rauda &scaron;is asmens ir viegli asin\u0101ms. Savuk\u0101rt gumijas spals neizsl\u012bd\u0113s no rokas pat ja b\u016bs slapj&scaron;. Specifik\u0101cija: Materi\u0101ls: Ner\u016bs\u0113jo&scaron;ais t\u0113rauds Sandvik 12C27 Ciet\u012bba: 57-58 HRC Svars: 230 grami Asmens garums: 109mm Na\u017ea [&hellip;]<\/p>\n","protected":false},"featured_media":70177,"template":"","meta":[],"product_brand":[],"product_cat":[4558,4571,4733],"product_tag":[],"class_list":{"0":"post-78511","1":"product","2":"type-product","3":"status-publish","4":"has-post-thumbnail","6":"product_cat-for-tourism-recreation","7":"product_cat-dishes-knives-folding-tables-for-tourism-recreation","8":"product_cat-knives-dishes-knives-folding-tables-for-tourism-recreation","10":"first","11":"instock","12":"shipping-taxable","13":"purchasable","14":"product-type-simple"},"_links":{"self":[{"href":"https:\/\/sezona.lv\/en\/wp-json\/wp\/v2\/product\/78511","targetHints":{"allow":["GET"]}}],"collection":[{"href":"https:\/\/sezona.lv\/en\/wp-json\/wp\/v2\/product"}],"about":[{"href":"https:\/\/sezona.lv\/en\/wp-json\/wp\/v2\/types\/product"}],"wp:featuredmedia":[{"embeddable":true,"href":"https:\/\/sezona.lv\/en\/wp-json\/wp\/v2\/media\/70177"}],"wp:attachment":[{"href":"https:\/\/sezona.lv\/en\/wp-json\/wp\/v2\/media?parent=78511"}],"wp:term":[{"taxonomy":"product_brand","embeddable":true,"href":"https:\/\/sezona.lv\/en\/wp-json\/wp\/v2\/product_brand?post=78511"},{"taxonomy":"product_cat","embeddable":true,"href":"https:\/\/sezona.lv\/en\/wp-json\/wp\/v2\/product_cat?post=78511"},{"taxonomy":"product_tag","embeddable":true,"href":"https:\/\/sezona.lv\/en\/wp-json\/wp\/v2\/product_tag?post=78511"}],"curies":[{"name":"wp","href":"https:\/\/api.w.org\/{rel}","templated":true}]}}