{"id":78513,"date":"2025-07-14T15:25:21","date_gmt":"2025-07-14T12:25:21","guid":{"rendered":"https:\/\/demo8.ecube.lv\/sezona.lv\/products\/gsi-outdoors-edamriku-kompl-stacking-cutlery-set\/"},"modified":"2025-07-14T15:25:21","modified_gmt":"2025-07-14T12:25:21","slug":"gsi-outdoors-edamriku-kompl-stacking-cutlery-set","status":"publish","type":"product","link":"https:\/\/sezona.lv\/en\/products\/gsi-outdoors-edamriku-kompl-stacking-cutlery-set\/","title":{"rendered":"GSI Outdoors \u0112damr\u012bku kompl. Stacking Cutlery Set"},"content":{"rendered":"<div class=\"rte\">\n<div class=\"rte\">\n<div class=\"rte\">\n<div class=\"rte\">\n<div class=\"rte\">\n<div class=\"rte\">\n<p>\u013boti viegls un kompakts \u0113damr\u012bku komplekts. Tas sastiprin\u0101s sav\u0101 starp\u0101 un vienm\u0113r ir pa rokai visi \u0113damr\u012bki.<\/p>\n<h4>Specifik\u0101cija:<\/h4>\n<p><strong>Materi\u0101ls:<\/strong> Alum\u012bnijs<br \/><strong>Izm\u0113rs:<\/strong> 154 mm x 38 mm x 20 mm<br \/><strong>Svars:<\/strong> 20 grami<\/p>\n<\/div>\n<\/div>\n<\/div>\n<\/div>\n<\/div>\n<\/div>\n","protected":false},"excerpt":{"rendered":"<p>\u013boti viegls un kompakts \u0113damr\u012bku komplekts. Tas sastiprin\u0101s sav\u0101 starp\u0101 un vienm\u0113r ir pa rokai visi \u0113damr\u012bki. Specifik\u0101cija: Materi\u0101ls: Alum\u012bnijsIzm\u0113rs: 154 mm x 38 mm x 20 mmSvars: 20 grami<\/p>\n","protected":false},"featured_media":0,"template":"","meta":[],"product_brand":[959],"product_cat":[4558,4571,4640,4732],"product_tag":[],"class_list":{"0":"post-78513","1":"product","2":"type-product","3":"status-publish","5":"product_brand-gsi-outdoors","6":"product_cat-for-tourism-recreation","7":"product_cat-dishes-knives-folding-tables-for-tourism-recreation","8":"product_cat-recreation","9":"product_cat-cutlery-dishes-knives-folding-tables-for-tourism-recreation","11":"first","12":"instock","13":"shipping-taxable","14":"purchasable","15":"product-type-simple"},"_links":{"self":[{"href":"https:\/\/sezona.lv\/en\/wp-json\/wp\/v2\/product\/78513","targetHints":{"allow":["GET"]}}],"collection":[{"href":"https:\/\/sezona.lv\/en\/wp-json\/wp\/v2\/product"}],"about":[{"href":"https:\/\/sezona.lv\/en\/wp-json\/wp\/v2\/types\/product"}],"wp:attachment":[{"href":"https:\/\/sezona.lv\/en\/wp-json\/wp\/v2\/media?parent=78513"}],"wp:term":[{"taxonomy":"product_brand","embeddable":true,"href":"https:\/\/sezona.lv\/en\/wp-json\/wp\/v2\/product_brand?post=78513"},{"taxonomy":"product_cat","embeddable":true,"href":"https:\/\/sezona.lv\/en\/wp-json\/wp\/v2\/product_cat?post=78513"},{"taxonomy":"product_tag","embeddable":true,"href":"https:\/\/sezona.lv\/en\/wp-json\/wp\/v2\/product_tag?post=78513"}],"curies":[{"name":"wp","href":"https:\/\/api.w.org\/{rel}","templated":true}]}}