{"id":78514,"date":"2025-07-14T15:25:22","date_gmt":"2025-07-14T12:25:22","guid":{"rendered":"https:\/\/demo8.ecube.lv\/sezona.lv\/products\/gsi-outdoors-edamriku-kompl-halulite-ring-cutlery\/"},"modified":"2025-07-14T15:25:22","modified_gmt":"2025-07-14T12:25:22","slug":"gsi-outdoors-edamriku-kompl-halulite-ring-cutlery","status":"publish","type":"product","link":"https:\/\/sezona.lv\/en\/products\/gsi-outdoors-edamriku-kompl-halulite-ring-cutlery\/","title":{"rendered":"GSI Outdoors \u0112damr\u012bku kompl. Halulite Ring Cutlery"},"content":{"rendered":"<div class=\"rte\">\n<div class=\"rte\">\n<div class=\"rte\">\n<div class=\"rte\">\n<div class=\"rte\">\n<div class=\"rte\">\n<div class=\"rte\">\n<p>\u0112rti lietojams alum\u012bnija galda piederumu komplekts  ar karab\u012bni. Laba izv\u0113le tiem, kuri nev\u0113las plastmasas \u0113damr\u012bkus, bet  t\u0113rauda ir par smagu.<\/p>\n<h4>Specifik\u0101cija:<\/h4>\n<p><strong>Materi\u0101ls:<\/strong> Alum\u012bnijs <br \/><strong>Izm\u0113rs:<\/strong> 183 mm x 40 mm x 20 mm <br \/><strong>Svars:<\/strong> 45 grami<\/p>\n<\/div>\n<\/div>\n<\/div>\n<\/div>\n<\/div>\n<\/div>\n<\/div>\n","protected":false},"excerpt":{"rendered":"<p>\u0112rti lietojams alum\u012bnija galda piederumu komplekts ar karab\u012bni. Laba izv\u0113le tiem, kuri nev\u0113las plastmasas \u0113damr\u012bkus, bet t\u0113rauda ir par smagu. Specifik\u0101cija: Materi\u0101ls: Alum\u012bnijs Izm\u0113rs: 183 mm x 40 mm x 20 mm Svars: 45 grami<\/p>\n","protected":false},"featured_media":0,"template":"","meta":[],"product_brand":[959],"product_cat":[4558,4571,4640,4732],"product_tag":[],"class_list":{"0":"post-78514","1":"product","2":"type-product","3":"status-publish","5":"product_brand-gsi-outdoors","6":"product_cat-for-tourism-recreation","7":"product_cat-dishes-knives-folding-tables-for-tourism-recreation","8":"product_cat-recreation","9":"product_cat-cutlery-dishes-knives-folding-tables-for-tourism-recreation","11":"first","12":"instock","13":"shipping-taxable","14":"purchasable","15":"product-type-simple"},"_links":{"self":[{"href":"https:\/\/sezona.lv\/en\/wp-json\/wp\/v2\/product\/78514","targetHints":{"allow":["GET"]}}],"collection":[{"href":"https:\/\/sezona.lv\/en\/wp-json\/wp\/v2\/product"}],"about":[{"href":"https:\/\/sezona.lv\/en\/wp-json\/wp\/v2\/types\/product"}],"wp:attachment":[{"href":"https:\/\/sezona.lv\/en\/wp-json\/wp\/v2\/media?parent=78514"}],"wp:term":[{"taxonomy":"product_brand","embeddable":true,"href":"https:\/\/sezona.lv\/en\/wp-json\/wp\/v2\/product_brand?post=78514"},{"taxonomy":"product_cat","embeddable":true,"href":"https:\/\/sezona.lv\/en\/wp-json\/wp\/v2\/product_cat?post=78514"},{"taxonomy":"product_tag","embeddable":true,"href":"https:\/\/sezona.lv\/en\/wp-json\/wp\/v2\/product_tag?post=78514"}],"curies":[{"name":"wp","href":"https:\/\/api.w.org\/{rel}","templated":true}]}}