{"id":78515,"date":"2025-07-11T16:39:36","date_gmt":"2025-07-11T13:39:36","guid":{"rendered":"https:\/\/demo8.ecube.lv\/sezona.lv\/products\/gsi-outdoors-edamriku-kompl-glacier-stainless-ring-cutlery-set\/"},"modified":"2025-07-14T15:25:24","modified_gmt":"2025-07-14T12:25:24","slug":"gsi-outdoors-edamriku-kompl-glacier-stainless-ring-cutlery-set","status":"publish","type":"product","link":"https:\/\/sezona.lv\/en\/products\/gsi-outdoors-edamriku-kompl-glacier-stainless-ring-cutlery-set\/","title":{"rendered":"GSI Outdoors \u0112damr\u012bku kompl. Glacier Stainless Ring Cutlery Set"},"content":{"rendered":"<div class=\"rte\">\n<div class=\"rte\">\n<div class=\"rte\">\n<div class=\"rte\">\n<div class=\"rte\">\n<div class=\"rte\">\n<div class=\"rte\">\n<div class=\"rte\">\n<p>Klasisks ner\u016bs\u0113jo&scaron;\u0101 t\u0113rauda \u0113damr\u012bku komplekts.  Lieliski noder p\u0101rg\u0101jienos, laivu braucienos un citos piedz\u012bvojumos.  Neaiz\u0146ems daudz vietas.<\/p>\n<h4>Specifik\u0101cija:<\/h4>\n<p><strong>Materi\u0101ls:<\/strong> Ner\u016bs\u0113jo&scaron;ais t\u0113rauds <br \/><strong>Izm\u0113rs:<\/strong> 160 mm x 40 mm x 30 mm<br \/><strong>Svars:<\/strong> 94 grami<\/p>\n<\/div>\n<\/div>\n<\/div>\n<\/div>\n<\/div>\n<\/div>\n<\/div>\n<\/div>\n","protected":false},"excerpt":{"rendered":"<p>Klasisks ner\u016bs\u0113jo&scaron;\u0101 t\u0113rauda \u0113damr\u012bku komplekts. Lieliski noder p\u0101rg\u0101jienos, laivu braucienos un citos piedz\u012bvojumos. Neaiz\u0146ems daudz vietas. Specifik\u0101cija: Materi\u0101ls: Ner\u016bs\u0113jo&scaron;ais t\u0113rauds Izm\u0113rs: 160 mm x 40 mm x 30 mmSvars: 94 grami<\/p>\n","protected":false},"featured_media":70186,"template":"","meta":[],"product_brand":[959],"product_cat":[4558,4571,4732],"product_tag":[],"class_list":{"0":"post-78515","1":"product","2":"type-product","3":"status-publish","4":"has-post-thumbnail","6":"product_brand-gsi-outdoors","7":"product_cat-for-tourism-recreation","8":"product_cat-dishes-knives-folding-tables-for-tourism-recreation","9":"product_cat-cutlery-dishes-knives-folding-tables-for-tourism-recreation","11":"first","12":"instock","13":"shipping-taxable","14":"purchasable","15":"product-type-simple"},"_links":{"self":[{"href":"https:\/\/sezona.lv\/en\/wp-json\/wp\/v2\/product\/78515","targetHints":{"allow":["GET"]}}],"collection":[{"href":"https:\/\/sezona.lv\/en\/wp-json\/wp\/v2\/product"}],"about":[{"href":"https:\/\/sezona.lv\/en\/wp-json\/wp\/v2\/types\/product"}],"wp:featuredmedia":[{"embeddable":true,"href":"https:\/\/sezona.lv\/en\/wp-json\/wp\/v2\/media\/70186"}],"wp:attachment":[{"href":"https:\/\/sezona.lv\/en\/wp-json\/wp\/v2\/media?parent=78515"}],"wp:term":[{"taxonomy":"product_brand","embeddable":true,"href":"https:\/\/sezona.lv\/en\/wp-json\/wp\/v2\/product_brand?post=78515"},{"taxonomy":"product_cat","embeddable":true,"href":"https:\/\/sezona.lv\/en\/wp-json\/wp\/v2\/product_cat?post=78515"},{"taxonomy":"product_tag","embeddable":true,"href":"https:\/\/sezona.lv\/en\/wp-json\/wp\/v2\/product_tag?post=78515"}],"curies":[{"name":"wp","href":"https:\/\/api.w.org\/{rel}","templated":true}]}}