{"id":78516,"date":"2025-07-14T15:25:25","date_gmt":"2025-07-14T12:25:25","guid":{"rendered":"https:\/\/demo8.ecube.lv\/sezona.lv\/products\/esbit-karote-titan-foldable-ti-spoon\/"},"modified":"2025-07-14T15:25:25","modified_gmt":"2025-07-14T12:25:25","slug":"esbit-karote-titan-foldable-ti-spoon","status":"publish","type":"product","link":"https:\/\/sezona.lv\/en\/products\/esbit-karote-titan-foldable-ti-spoon\/","title":{"rendered":"Esbit Karote Titan Foldable TI Spoon"},"content":{"rendered":"<div class=\"rte\">\n<div class=\"rte\">\n<p>Karote ir nepiecie&scaron;ama jebkur\u0101 p\u0101rg\u0101jieni, bet ir  t\u0101cu labi, ja t\u0101 ir kompakta un viegla?! Jauna dizaina Esbit tit\u0101na  karote ir teicams \u0113damr\u012bks jebkuram piedz\u012bvojumam.<\/p>\n<h4>Specifik\u0101cija:<\/h4>\n<p><strong>Materi\u0101ls<\/strong>: Tit\u0101ns <br \/><strong>Svars<\/strong>: 18 grami <br \/><strong>Salikt\u0101 veid\u0101<\/strong>: 39mm x 104mm<\/p>\n<\/div>\n<\/div>\n","protected":false},"excerpt":{"rendered":"<p>Karote ir nepiecie&scaron;ama jebkur\u0101 p\u0101rg\u0101jieni, bet ir t\u0101cu labi, ja t\u0101 ir kompakta un viegla?! Jauna dizaina Esbit tit\u0101na karote ir teicams \u0113damr\u012bks jebkuram piedz\u012bvojumam. Specifik\u0101cija: Materi\u0101ls: Tit\u0101ns Svars: 18 grami Salikt\u0101 veid\u0101: 39mm x 104mm<\/p>\n","protected":false},"featured_media":0,"template":"","meta":[],"product_brand":[941],"product_cat":[4558,4571,4640,4732],"product_tag":[],"class_list":{"0":"post-78516","1":"product","2":"type-product","3":"status-publish","5":"product_brand-esbit","6":"product_cat-for-tourism-recreation","7":"product_cat-dishes-knives-folding-tables-for-tourism-recreation","8":"product_cat-recreation","9":"product_cat-cutlery-dishes-knives-folding-tables-for-tourism-recreation","11":"first","12":"instock","13":"shipping-taxable","14":"purchasable","15":"product-type-simple"},"_links":{"self":[{"href":"https:\/\/sezona.lv\/en\/wp-json\/wp\/v2\/product\/78516","targetHints":{"allow":["GET"]}}],"collection":[{"href":"https:\/\/sezona.lv\/en\/wp-json\/wp\/v2\/product"}],"about":[{"href":"https:\/\/sezona.lv\/en\/wp-json\/wp\/v2\/types\/product"}],"wp:attachment":[{"href":"https:\/\/sezona.lv\/en\/wp-json\/wp\/v2\/media?parent=78516"}],"wp:term":[{"taxonomy":"product_brand","embeddable":true,"href":"https:\/\/sezona.lv\/en\/wp-json\/wp\/v2\/product_brand?post=78516"},{"taxonomy":"product_cat","embeddable":true,"href":"https:\/\/sezona.lv\/en\/wp-json\/wp\/v2\/product_cat?post=78516"},{"taxonomy":"product_tag","embeddable":true,"href":"https:\/\/sezona.lv\/en\/wp-json\/wp\/v2\/product_tag?post=78516"}],"curies":[{"name":"wp","href":"https:\/\/api.w.org\/{rel}","templated":true}]}}