{"id":78517,"date":"2025-07-14T15:25:26","date_gmt":"2025-07-14T12:25:26","guid":{"rendered":"https:\/\/demo8.ecube.lv\/sezona.lv\/products\/victorinox-saliekams-iesms-bbq-fork\/"},"modified":"2025-07-14T15:25:26","modified_gmt":"2025-07-14T12:25:26","slug":"victorinox-saliekams-iesms-bbq-fork","status":"publish","type":"product","link":"https:\/\/sezona.lv\/en\/products\/victorinox-saliekams-iesms-bbq-fork\/","title":{"rendered":"Victorinox Saliekams iesms BBQ fork"},"content":{"rendered":"<div class=\"rte\">\n<p>BBQ fork lielisks jaunums pie mums no Victorinox.  \u012astiem ugunskura cien\u012bt\u0101jiem desu cep&scaron;ana un zef\u012bra(marshmallow)  apdedzin\u0101&scaron;ana tagat ir k\u013cuvusi viegl\u0101ka. Teleskopisks met\u0101la iesms ar  vieglu koka rokturi b\u016bs \u012bsts pal\u012bgs pie ugunskura. \u0112rti saliekams  neilona uzglab\u0101&scaron;anas mak\u0101. Vairs nek\u0101du r\u016bgtu un nodegu&scaron;u koka iesmi\u0146u!!<\/p>\n<h4>Specifik\u0101cija:<\/h4>\n<p><strong>Salikt\u0101 veid\u0101:<\/strong> 14.7 cm <br \/><strong>Max. garums:<\/strong> 65.4 cm<\/p>\n<\/div>\n","protected":false},"excerpt":{"rendered":"<p>BBQ fork lielisks jaunums pie mums no Victorinox. \u012astiem ugunskura cien\u012bt\u0101jiem desu cep&scaron;ana un zef\u012bra(marshmallow) apdedzin\u0101&scaron;ana tagat ir k\u013cuvusi viegl\u0101ka. Teleskopisks met\u0101la iesms ar vieglu koka rokturi b\u016bs \u012bsts pal\u012bgs pie ugunskura. \u0112rti saliekams neilona uzglab\u0101&scaron;anas mak\u0101. Vairs nek\u0101du r\u016bgtu un nodegu&scaron;u koka iesmi\u0146u!! Specifik\u0101cija: Salikt\u0101 veid\u0101: 14.7 cm Max. garums: 65.4 cm<\/p>\n","protected":false},"featured_media":0,"template":"","meta":[],"product_brand":[54],"product_cat":[4558,4571,4640,4732],"product_tag":[],"class_list":{"0":"post-78517","1":"product","2":"type-product","3":"status-publish","5":"product_brand-victorinox","6":"product_cat-for-tourism-recreation","7":"product_cat-dishes-knives-folding-tables-for-tourism-recreation","8":"product_cat-recreation","9":"product_cat-cutlery-dishes-knives-folding-tables-for-tourism-recreation","11":"first","12":"instock","13":"shipping-taxable","14":"purchasable","15":"product-type-simple"},"_links":{"self":[{"href":"https:\/\/sezona.lv\/en\/wp-json\/wp\/v2\/product\/78517","targetHints":{"allow":["GET"]}}],"collection":[{"href":"https:\/\/sezona.lv\/en\/wp-json\/wp\/v2\/product"}],"about":[{"href":"https:\/\/sezona.lv\/en\/wp-json\/wp\/v2\/types\/product"}],"wp:attachment":[{"href":"https:\/\/sezona.lv\/en\/wp-json\/wp\/v2\/media?parent=78517"}],"wp:term":[{"taxonomy":"product_brand","embeddable":true,"href":"https:\/\/sezona.lv\/en\/wp-json\/wp\/v2\/product_brand?post=78517"},{"taxonomy":"product_cat","embeddable":true,"href":"https:\/\/sezona.lv\/en\/wp-json\/wp\/v2\/product_cat?post=78517"},{"taxonomy":"product_tag","embeddable":true,"href":"https:\/\/sezona.lv\/en\/wp-json\/wp\/v2\/product_tag?post=78517"}],"curies":[{"name":"wp","href":"https:\/\/api.w.org\/{rel}","templated":true}]}}