{"id":78519,"date":"2025-07-14T15:25:27","date_gmt":"2025-07-14T12:25:27","guid":{"rendered":"https:\/\/demo8.ecube.lv\/sezona.lv\/products\/gsi-outdoors-virtuves-piederumu-kompl-crossover-kitchen-kit\/"},"modified":"2025-07-14T15:25:27","modified_gmt":"2025-07-14T12:25:27","slug":"gsi-outdoors-virtuves-piederumu-kompl-crossover-kitchen-kit","status":"publish","type":"product","link":"https:\/\/sezona.lv\/en\/products\/gsi-outdoors-virtuves-piederumu-kompl-crossover-kitchen-kit\/","title":{"rendered":"GSI Outdoors Virtuves piederumu kompl. Crossover Kitchen Kit"},"content":{"rendered":"<div class=\"rte\">\n<div class=\"rte\">\n<div class=\"rte\">\n<p>Piln\u012bb\u0101 nokomplekt\u0113ts gard\u0113\u017ea virtuves komplekts,  kas lieliski kalpos ikvien\u0101 p\u0101rg\u0101jien\u0101 un ce\u013cojum\u0101. &Scaron;is virtuves  komplekts sast\u0101v no vair\u0101kiem saliekamiem virtuves pal\u012bginstrumentiem un  ir \u013coti kompakts. &#8220;GSI&#8221; ar\u012b &scaron;\u012b produkta dizain\u0101 ir izmantoju&scaron;i nForm  Nesting sist\u0113mu, kas \u013cauj b\u016btiski ietaup\u012bt izmantot\u0101s vietas apm\u0113ru.<\/p>\n<h4>Specifik\u0101cija:<\/h4>\n<p><strong>Materi\u0101ls:<\/strong> Copolyester, Nylon 6-6 and Polyethylene, BPA Free <br \/><strong>Izm\u0113rs:<\/strong> 185 mm x 94 mm x 110 mm<br \/><strong>Svars:<\/strong> 272 grami<\/p>\n<h4>Komplekt\u0101cij\u0101 ietilpst:<\/h4>\n<ul>\n<li>Skr\u0101pis katliem un pann\u0101m<\/li>\n<li>Skrubja &scaron;vamme<\/li>\n<li>Grie\u017eamais d\u0113l\u012btis<\/li>\n<li>\u0112diena standzi\u0146as<\/li>\n<li>Liel\u0101 karote<\/li>\n<li>Pannas l\u0101psti\u0146a<\/li>\n<li>Gar&scaron;vielu trauci\u0146&scaron;<\/li>\n<li>&Scaron;\u0137idro ziepju pudel\u012bte<\/li>\n<li>E\u013c\u013cas pudel\u012bte<\/li>\n<li>Dvielis<\/li>\n<li>Iepakojums<\/li>\n<\/ul>\n<\/div>\n<\/div>\n<\/div>\n","protected":false},"excerpt":{"rendered":"<p>Piln\u012bb\u0101 nokomplekt\u0113ts gard\u0113\u017ea virtuves komplekts, kas lieliski kalpos ikvien\u0101 p\u0101rg\u0101jien\u0101 un ce\u013cojum\u0101. &Scaron;is virtuves komplekts sast\u0101v no vair\u0101kiem saliekamiem virtuves pal\u012bginstrumentiem un ir \u013coti kompakts. &#8220;GSI&#8221; ar\u012b &scaron;\u012b produkta dizain\u0101 ir izmantoju&scaron;i nForm Nesting sist\u0113mu, kas \u013cauj b\u016btiski ietaup\u012bt izmantot\u0101s vietas apm\u0113ru. Specifik\u0101cija: Materi\u0101ls: Copolyester, Nylon 6-6 and Polyethylene, BPA Free Izm\u0113rs: 185 mm x [&hellip;]<\/p>\n","protected":false},"featured_media":0,"template":"","meta":[],"product_brand":[959],"product_cat":[4558,4571,4640,4732],"product_tag":[],"class_list":{"0":"post-78519","1":"product","2":"type-product","3":"status-publish","5":"product_brand-gsi-outdoors","6":"product_cat-for-tourism-recreation","7":"product_cat-dishes-knives-folding-tables-for-tourism-recreation","8":"product_cat-recreation","9":"product_cat-cutlery-dishes-knives-folding-tables-for-tourism-recreation","11":"first","12":"instock","13":"shipping-taxable","14":"purchasable","15":"product-type-simple"},"_links":{"self":[{"href":"https:\/\/sezona.lv\/en\/wp-json\/wp\/v2\/product\/78519","targetHints":{"allow":["GET"]}}],"collection":[{"href":"https:\/\/sezona.lv\/en\/wp-json\/wp\/v2\/product"}],"about":[{"href":"https:\/\/sezona.lv\/en\/wp-json\/wp\/v2\/types\/product"}],"wp:attachment":[{"href":"https:\/\/sezona.lv\/en\/wp-json\/wp\/v2\/media?parent=78519"}],"wp:term":[{"taxonomy":"product_brand","embeddable":true,"href":"https:\/\/sezona.lv\/en\/wp-json\/wp\/v2\/product_brand?post=78519"},{"taxonomy":"product_cat","embeddable":true,"href":"https:\/\/sezona.lv\/en\/wp-json\/wp\/v2\/product_cat?post=78519"},{"taxonomy":"product_tag","embeddable":true,"href":"https:\/\/sezona.lv\/en\/wp-json\/wp\/v2\/product_tag?post=78519"}],"curies":[{"name":"wp","href":"https:\/\/api.w.org\/{rel}","templated":true}]}}