{"id":78520,"date":"2025-07-11T16:39:42","date_gmt":"2025-07-11T13:39:42","guid":{"rendered":"https:\/\/demo8.ecube.lv\/sezona.lv\/products\/gsi-outdoors-glaze-nesting-wine-glass-set\/"},"modified":"2025-07-14T15:25:28","modified_gmt":"2025-07-14T12:25:28","slug":"gsi-outdoors-glaze-nesting-wine-glass-set","status":"publish","type":"product","link":"https:\/\/sezona.lv\/en\/products\/gsi-outdoors-glaze-nesting-wine-glass-set\/","title":{"rendered":"GSI Outdoors Gl\u0101ze Nesting Wine Glass Set"},"content":{"rendered":"<p>Saliekam\u0101s baltv\u012bna gl\u0101zes, kas paredz\u0113tas gan lieto&scaron;anai  p\u0101rg\u0101jienos, gan savies\u012bgos pas\u0101kumos piknik\u0101, t\u0101pat t\u0101s iecien\u012bju&scaron;i  peldl\u012bdzek\u013cu \u012bpa&scaron;nieki!<br \/>\u013boti vieglas, izgatavotas no<span id=\"result_box\" lang=\"lv\"><span> kopoliesteru plastmasas, kas ir triecieniztur\u012bga un nesatur BPA.  Vidusda\u013c\u0101 gl\u0101zes ir atskr\u016bv\u0113jamas un \u0113rti sapakojamas, kompaktai  uzglab\u0101&scaron;anai. <\/span><\/span><\/p>\n<h4><span lang=\"lv\"><span>Specifik\u0101cija:<\/span><\/span><\/h4>\n<table style=\"height: 86px\" border=\"0\" width=\"574\">\n<tbody>\n<tr>\n<td><strong>Materi\u0101ls:<\/strong><\/td>\n<td><span class=\"short_text\" lang=\"lv\"><span>kopoliestera plastika<\/span><\/span><\/td>\n<\/tr>\n<tr>\n<td><strong>Svars:<\/strong><\/td>\n<td>136 grami<\/td>\n<\/tr>\n<tr>\n<td><strong>Izm\u0113ri:<\/strong><\/td>\n<td>79 x 229 mm<\/td>\n<\/tr>\n<tr>\n<td><strong>Tilpums:<\/strong><\/td>\n<td>275ml x 2<\/td>\n<\/tr>\n<\/tbody>\n<\/table>\n","protected":false},"excerpt":{"rendered":"<p>Saliekam\u0101s baltv\u012bna gl\u0101zes, kas paredz\u0113tas gan lieto&scaron;anai p\u0101rg\u0101jienos, gan savies\u012bgos pas\u0101kumos piknik\u0101, t\u0101pat t\u0101s iecien\u012bju&scaron;i peldl\u012bdzek\u013cu \u012bpa&scaron;nieki!\u013boti vieglas, izgatavotas no kopoliesteru plastmasas, kas ir triecieniztur\u012bga un nesatur BPA. Vidusda\u013c\u0101 gl\u0101zes ir atskr\u016bv\u0113jamas un \u0113rti sapakojamas, kompaktai uzglab\u0101&scaron;anai. Specifik\u0101cija: Materi\u0101ls: kopoliestera plastika Svars: 136 grami Izm\u0113ri: 79 x 229 mm Tilpums: 275ml x 2<\/p>\n","protected":false},"featured_media":70191,"template":"","meta":[],"product_brand":[959],"product_cat":[4558,4571,4731],"product_tag":[],"class_list":{"0":"post-78520","1":"product","2":"type-product","3":"status-publish","4":"has-post-thumbnail","6":"product_brand-gsi-outdoors","7":"product_cat-for-tourism-recreation","8":"product_cat-dishes-knives-folding-tables-for-tourism-recreation","9":"product_cat-mugs-flasks-dishes-knives-folding-tables-for-tourism-recreation","11":"first","12":"instock","13":"shipping-taxable","14":"purchasable","15":"product-type-simple"},"_links":{"self":[{"href":"https:\/\/sezona.lv\/en\/wp-json\/wp\/v2\/product\/78520","targetHints":{"allow":["GET"]}}],"collection":[{"href":"https:\/\/sezona.lv\/en\/wp-json\/wp\/v2\/product"}],"about":[{"href":"https:\/\/sezona.lv\/en\/wp-json\/wp\/v2\/types\/product"}],"wp:featuredmedia":[{"embeddable":true,"href":"https:\/\/sezona.lv\/en\/wp-json\/wp\/v2\/media\/70191"}],"wp:attachment":[{"href":"https:\/\/sezona.lv\/en\/wp-json\/wp\/v2\/media?parent=78520"}],"wp:term":[{"taxonomy":"product_brand","embeddable":true,"href":"https:\/\/sezona.lv\/en\/wp-json\/wp\/v2\/product_brand?post=78520"},{"taxonomy":"product_cat","embeddable":true,"href":"https:\/\/sezona.lv\/en\/wp-json\/wp\/v2\/product_cat?post=78520"},{"taxonomy":"product_tag","embeddable":true,"href":"https:\/\/sezona.lv\/en\/wp-json\/wp\/v2\/product_tag?post=78520"}],"curies":[{"name":"wp","href":"https:\/\/api.w.org\/{rel}","templated":true}]}}