{"id":78523,"date":"2025-07-14T15:25:31","date_gmt":"2025-07-14T12:25:31","guid":{"rendered":"https:\/\/demo8.ecube.lv\/sezona.lv\/products\/gsi-outdoors-kruze-bugaboo-cup\/"},"modified":"2025-07-14T15:25:31","modified_gmt":"2025-07-14T12:25:31","slug":"gsi-outdoors-kruze-bugaboo-cup","status":"publish","type":"product","link":"https:\/\/sezona.lv\/en\/products\/gsi-outdoors-kruze-bugaboo-cup\/","title":{"rendered":"GSI Outdoors Kr\u016bze Bugaboo Cup"},"content":{"rendered":"<div class=\"rte\">\n<p>Spilgta, iztur\u012bga, uzticama un viegla &#8211; t\u0101s ir Bugaboo kr\u016bzes  galven\u0101s \u012bpa&scaron;\u012bbas. Izgatavota no alum\u012bnija. Viegli salas\u0101ma grad\u0101cijas  skala. Salok\u0101mi rokturi.<\/p>\n<h4>Specifik\u0101cija:<\/h4>\n<table style=\"height: 86px\" border=\"0\" width=\"554\">\n<tbody>\n<tr>\n<td><strong>Tilpums:<\/strong><\/td>\n<td>414 ml<\/td>\n<\/tr>\n<tr>\n<td><strong>Svars:<\/strong><\/td>\n<td>58 grami<\/td>\n<\/tr>\n<\/tbody>\n<\/table>\n<\/div>\n","protected":false},"excerpt":{"rendered":"<p>Spilgta, iztur\u012bga, uzticama un viegla &#8211; t\u0101s ir Bugaboo kr\u016bzes galven\u0101s \u012bpa&scaron;\u012bbas. Izgatavota no alum\u012bnija. Viegli salas\u0101ma grad\u0101cijas skala. Salok\u0101mi rokturi. Specifik\u0101cija: Tilpums: 414 ml Svars: 58 grami<\/p>\n","protected":false},"featured_media":0,"template":"","meta":[],"product_brand":[959],"product_cat":[4558,4571,4640,4731],"product_tag":[],"class_list":{"0":"post-78523","1":"product","2":"type-product","3":"status-publish","5":"product_brand-gsi-outdoors","6":"product_cat-for-tourism-recreation","7":"product_cat-dishes-knives-folding-tables-for-tourism-recreation","8":"product_cat-recreation","9":"product_cat-mugs-flasks-dishes-knives-folding-tables-for-tourism-recreation","11":"first","12":"instock","13":"shipping-taxable","14":"purchasable","15":"product-type-simple"},"_links":{"self":[{"href":"https:\/\/sezona.lv\/en\/wp-json\/wp\/v2\/product\/78523","targetHints":{"allow":["GET"]}}],"collection":[{"href":"https:\/\/sezona.lv\/en\/wp-json\/wp\/v2\/product"}],"about":[{"href":"https:\/\/sezona.lv\/en\/wp-json\/wp\/v2\/types\/product"}],"wp:attachment":[{"href":"https:\/\/sezona.lv\/en\/wp-json\/wp\/v2\/media?parent=78523"}],"wp:term":[{"taxonomy":"product_brand","embeddable":true,"href":"https:\/\/sezona.lv\/en\/wp-json\/wp\/v2\/product_brand?post=78523"},{"taxonomy":"product_cat","embeddable":true,"href":"https:\/\/sezona.lv\/en\/wp-json\/wp\/v2\/product_cat?post=78523"},{"taxonomy":"product_tag","embeddable":true,"href":"https:\/\/sezona.lv\/en\/wp-json\/wp\/v2\/product_tag?post=78523"}],"curies":[{"name":"wp","href":"https:\/\/api.w.org\/{rel}","templated":true}]}}