{"id":78524,"date":"2025-07-14T15:25:32","date_gmt":"2025-07-14T12:25:32","guid":{"rendered":"https:\/\/demo8.ecube.lv\/sezona.lv\/products\/gsi-outdoors-trauku-komplekts-infinity-4-person-deluxe-tableset\/"},"modified":"2025-07-14T15:25:32","modified_gmt":"2025-07-14T12:25:32","slug":"gsi-outdoors-trauku-komplekts-infinity-4-person-deluxe-tableset","status":"publish","type":"product","link":"https:\/\/sezona.lv\/en\/products\/gsi-outdoors-trauku-komplekts-infinity-4-person-deluxe-tableset\/","title":{"rendered":"GSI Outdoors Trauku komplekts Infinity 4 Person Deluxe Tableset"},"content":{"rendered":"<div class=\"rte\">\n<p>Viegls un kr\u0101sains trauku komplekts 4 person\u0101m. Tas  sast\u0101v no 4 &scaron;\u0137\u012bvjiem, 4 dubultkr\u016bz\u0113m ar v\u0101ci\u0146u un siltumizol\u0101cijas  apvalku, 4 b\u013codas ar v\u0101ku. To visu var\u0113siet \u0113rti p\u0101rvietot komplekt\u0101  eso&scaron;aj\u0101 t\u012bkli\u0146veida mais\u0101.<\/p>\n<h4>Specifik\u0101cija:<\/h4>\n<p><strong>Svars:<\/strong> 1,4 kg<br \/><strong>Izm\u0113rs:<\/strong> 24x24x24 cm<br \/><strong>Materi\u0101ls:<\/strong> Polipropil\u0113ns<\/p>\n<\/div>\n","protected":false},"excerpt":{"rendered":"<p>Viegls un kr\u0101sains trauku komplekts 4 person\u0101m. Tas sast\u0101v no 4 &scaron;\u0137\u012bvjiem, 4 dubultkr\u016bz\u0113m ar v\u0101ci\u0146u un siltumizol\u0101cijas apvalku, 4 b\u013codas ar v\u0101ku. To visu var\u0113siet \u0113rti p\u0101rvietot komplekt\u0101 eso&scaron;aj\u0101 t\u012bkli\u0146veida mais\u0101. Specifik\u0101cija: Svars: 1,4 kgIzm\u0113rs: 24x24x24 cmMateri\u0101ls: Polipropil\u0113ns<\/p>\n","protected":false},"featured_media":0,"template":"","meta":[],"product_brand":[959],"product_cat":[4558,4571,4640,4731],"product_tag":[],"class_list":{"0":"post-78524","1":"product","2":"type-product","3":"status-publish","5":"product_brand-gsi-outdoors","6":"product_cat-for-tourism-recreation","7":"product_cat-dishes-knives-folding-tables-for-tourism-recreation","8":"product_cat-recreation","9":"product_cat-mugs-flasks-dishes-knives-folding-tables-for-tourism-recreation","11":"first","12":"instock","13":"shipping-taxable","14":"purchasable","15":"product-type-simple"},"_links":{"self":[{"href":"https:\/\/sezona.lv\/en\/wp-json\/wp\/v2\/product\/78524","targetHints":{"allow":["GET"]}}],"collection":[{"href":"https:\/\/sezona.lv\/en\/wp-json\/wp\/v2\/product"}],"about":[{"href":"https:\/\/sezona.lv\/en\/wp-json\/wp\/v2\/types\/product"}],"wp:attachment":[{"href":"https:\/\/sezona.lv\/en\/wp-json\/wp\/v2\/media?parent=78524"}],"wp:term":[{"taxonomy":"product_brand","embeddable":true,"href":"https:\/\/sezona.lv\/en\/wp-json\/wp\/v2\/product_brand?post=78524"},{"taxonomy":"product_cat","embeddable":true,"href":"https:\/\/sezona.lv\/en\/wp-json\/wp\/v2\/product_cat?post=78524"},{"taxonomy":"product_tag","embeddable":true,"href":"https:\/\/sezona.lv\/en\/wp-json\/wp\/v2\/product_tag?post=78524"}],"curies":[{"name":"wp","href":"https:\/\/api.w.org\/{rel}","templated":true}]}}