{"id":78525,"date":"2025-07-11T16:39:50","date_gmt":"2025-07-11T13:39:50","guid":{"rendered":"https:\/\/demo8.ecube.lv\/sezona.lv\/products\/gsi-outdoors-trauku-komplekts-infinity-1-person-tableset\/"},"modified":"2025-07-14T15:25:33","modified_gmt":"2025-07-14T12:25:33","slug":"gsi-outdoors-trauku-komplekts-infinity-1-person-tableset","status":"publish","type":"product","link":"https:\/\/sezona.lv\/en\/products\/gsi-outdoors-trauku-komplekts-infinity-1-person-tableset\/","title":{"rendered":"GSI Outdoors Trauku komplekts Infinity 1 Person Tableset"},"content":{"rendered":"<div class=\"rte\">\n<p>Trauku komplekts vienai personai ietver sev\u012b dak&scaron;u, nazi,  karoti,&nbsp;b\u013codu ar v\u0101ku, Dubultu kr\u016bzi ar siltumizol\u0101cijas apvalku un  strebjamo v\u0101ci\u0146u, &scaron;\u0137\u012bvi un komplekta uzglab\u0101jamo maisu.&nbsp;<\/p>\n<h4>Specifik\u0101cija:<\/h4>\n<p><strong>Svars:<\/strong> 430 g<br \/><strong>Izm\u0113rs:<\/strong> 24x24x10 cm<br \/><strong>Materi\u0101ls:<\/strong> Caursp\u012bd\u012bgs Polipropil\u0113ns&nbsp;<\/div>\n","protected":false},"excerpt":{"rendered":"<p>Trauku komplekts vienai personai ietver sev\u012b dak&scaron;u, nazi, karoti,&nbsp;b\u013codu ar v\u0101ku, Dubultu kr\u016bzi ar siltumizol\u0101cijas apvalku un strebjamo v\u0101ci\u0146u, &scaron;\u0137\u012bvi un komplekta uzglab\u0101jamo maisu.&nbsp; Specifik\u0101cija: Svars: 430 gIzm\u0113rs: 24x24x10 cmMateri\u0101ls: Caursp\u012bd\u012bgs Polipropil\u0113ns&nbsp;<\/p>\n","protected":false},"featured_media":70220,"template":"","meta":[],"product_brand":[959],"product_cat":[4558,4571,4731],"product_tag":[],"class_list":{"0":"post-78525","1":"product","2":"type-product","3":"status-publish","4":"has-post-thumbnail","6":"product_brand-gsi-outdoors","7":"product_cat-for-tourism-recreation","8":"product_cat-dishes-knives-folding-tables-for-tourism-recreation","9":"product_cat-mugs-flasks-dishes-knives-folding-tables-for-tourism-recreation","11":"first","12":"instock","13":"shipping-taxable","14":"purchasable","15":"product-type-simple"},"_links":{"self":[{"href":"https:\/\/sezona.lv\/en\/wp-json\/wp\/v2\/product\/78525","targetHints":{"allow":["GET"]}}],"collection":[{"href":"https:\/\/sezona.lv\/en\/wp-json\/wp\/v2\/product"}],"about":[{"href":"https:\/\/sezona.lv\/en\/wp-json\/wp\/v2\/types\/product"}],"wp:featuredmedia":[{"embeddable":true,"href":"https:\/\/sezona.lv\/en\/wp-json\/wp\/v2\/media\/70220"}],"wp:attachment":[{"href":"https:\/\/sezona.lv\/en\/wp-json\/wp\/v2\/media?parent=78525"}],"wp:term":[{"taxonomy":"product_brand","embeddable":true,"href":"https:\/\/sezona.lv\/en\/wp-json\/wp\/v2\/product_brand?post=78525"},{"taxonomy":"product_cat","embeddable":true,"href":"https:\/\/sezona.lv\/en\/wp-json\/wp\/v2\/product_cat?post=78525"},{"taxonomy":"product_tag","embeddable":true,"href":"https:\/\/sezona.lv\/en\/wp-json\/wp\/v2\/product_tag?post=78525"}],"curies":[{"name":"wp","href":"https:\/\/api.w.org\/{rel}","templated":true}]}}