{"id":78526,"date":"2025-07-11T16:39:51","date_gmt":"2025-07-11T13:39:51","guid":{"rendered":"https:\/\/demo8.ecube.lv\/sezona.lv\/products\/gsi-outdoors-kruze-infinity-stacking-cup\/"},"modified":"2025-07-14T15:25:34","modified_gmt":"2025-07-14T12:25:34","slug":"gsi-outdoors-kruze-infinity-stacking-cup","status":"publish","type":"product","link":"https:\/\/sezona.lv\/en\/products\/gsi-outdoors-kruze-infinity-stacking-cup\/","title":{"rendered":"GSI Outdoors Kr\u016bze Infinity Stacking Cup"},"content":{"rendered":"<div class=\"rte\">\n<div class=\"rte\">\n<p>Ekolo\u0123iski draudz\u012bga kr\u016bze bez BPA un piln\u012bb\u0101 p\u0101rstr\u0101d\u0101jama. Viegls svars, m\u0113rvien\u012bbu atz\u012bmes, rokturis- ide\u0101la kr\u016bze!<\/p>\n<h4>Specifik\u0101cija:<\/h4>\n<p><strong>Tilpums:<\/strong> 420 ml<br \/><strong>Svars:<\/strong> 51 grams<br \/><strong>Materi\u0101ls:<\/strong> BPA nesaturo&scaron;s, piln\u012bb\u0101 p\u0101rstr\u0101d\u0101jams polipropil\u0113ns<\/p>\n<\/div>\n<\/div>\n","protected":false},"excerpt":{"rendered":"<p>Ekolo\u0123iski draudz\u012bga kr\u016bze bez BPA un piln\u012bb\u0101 p\u0101rstr\u0101d\u0101jama. Viegls svars, m\u0113rvien\u012bbu atz\u012bmes, rokturis- ide\u0101la kr\u016bze! Specifik\u0101cija: Tilpums: 420 mlSvars: 51 gramsMateri\u0101ls: BPA nesaturo&scaron;s, piln\u012bb\u0101 p\u0101rstr\u0101d\u0101jams polipropil\u0113ns<\/p>\n","protected":false},"featured_media":70223,"template":"","meta":[],"product_brand":[959],"product_cat":[4558,4571,4731],"product_tag":[],"class_list":{"0":"post-78526","1":"product","2":"type-product","3":"status-publish","4":"has-post-thumbnail","6":"product_brand-gsi-outdoors","7":"product_cat-for-tourism-recreation","8":"product_cat-dishes-knives-folding-tables-for-tourism-recreation","9":"product_cat-mugs-flasks-dishes-knives-folding-tables-for-tourism-recreation","11":"first","12":"instock","13":"shipping-taxable","14":"purchasable","15":"product-type-simple"},"_links":{"self":[{"href":"https:\/\/sezona.lv\/en\/wp-json\/wp\/v2\/product\/78526","targetHints":{"allow":["GET"]}}],"collection":[{"href":"https:\/\/sezona.lv\/en\/wp-json\/wp\/v2\/product"}],"about":[{"href":"https:\/\/sezona.lv\/en\/wp-json\/wp\/v2\/types\/product"}],"wp:featuredmedia":[{"embeddable":true,"href":"https:\/\/sezona.lv\/en\/wp-json\/wp\/v2\/media\/70223"}],"wp:attachment":[{"href":"https:\/\/sezona.lv\/en\/wp-json\/wp\/v2\/media?parent=78526"}],"wp:term":[{"taxonomy":"product_brand","embeddable":true,"href":"https:\/\/sezona.lv\/en\/wp-json\/wp\/v2\/product_brand?post=78526"},{"taxonomy":"product_cat","embeddable":true,"href":"https:\/\/sezona.lv\/en\/wp-json\/wp\/v2\/product_cat?post=78526"},{"taxonomy":"product_tag","embeddable":true,"href":"https:\/\/sezona.lv\/en\/wp-json\/wp\/v2\/product_tag?post=78526"}],"curies":[{"name":"wp","href":"https:\/\/api.w.org\/{rel}","templated":true}]}}