{"id":78527,"date":"2025-07-11T16:39:53","date_gmt":"2025-07-11T13:39:53","guid":{"rendered":"https:\/\/demo8.ecube.lv\/sezona.lv\/products\/gsi-outdoors-kruze-fireshare-mug-ii\/"},"modified":"2025-07-14T15:25:35","modified_gmt":"2025-07-14T12:25:35","slug":"gsi-outdoors-kruze-fireshare-mug-ii","status":"publish","type":"product","link":"https:\/\/sezona.lv\/en\/products\/gsi-outdoors-kruze-fireshare-mug-ii\/","title":{"rendered":"GSI Outdoors Kr\u016bze Fireshare Mug II"},"content":{"rendered":"<div class=\"rte\">\n<div class=\"rte\">\n<div class=\"rte\">\n<p>&Scaron;\u012b trauka ideja radusies pirms 50 gadiem, un &scaron;odien  pieejama krietni uzlabota versija- iztur\u012bga plastmasa, termoizol\u0101cija,  kompakts rokturis, herm\u0113tisks uzskr\u016bv\u0113jams v\u0101ks.&nbsp;<\/p>\n<h4>Specifik\u0101cija:<\/h4>\n<p><strong>Tilpums:<\/strong>&nbsp;950&nbsp;ml<br \/><strong>Svars:<\/strong> 200 g&nbsp;<br \/><strong>Izm\u0113rs:<\/strong> 14 x 12 cm<br \/><strong>Materi\u0101ls:<\/strong> Polipropil\u0113ns&nbsp;<\/p>\n<h4>Raksturojums:<\/h4>\n<ul>\n<li>No\u0146emams tremoizol\u0113jo&scaron;s apvalks<\/li>\n<li>Uzskr\u016bv\u0113jams kor\u0137is<\/li>\n<li>Iztur\u012bgs rokturis<\/li>\n<li>Labi paman\u0101mas tilpuma m\u0113rvien\u012bbas uz kr\u016bzes<\/li>\n<\/ul>\n<\/div>\n<\/div>\n<\/div>\n","protected":false},"excerpt":{"rendered":"<p>&Scaron;\u012b trauka ideja radusies pirms 50 gadiem, un &scaron;odien pieejama krietni uzlabota versija- iztur\u012bga plastmasa, termoizol\u0101cija, kompakts rokturis, herm\u0113tisks uzskr\u016bv\u0113jams v\u0101ks.&nbsp; Specifik\u0101cija: Tilpums:&nbsp;950&nbsp;mlSvars: 200 g&nbsp;Izm\u0113rs: 14 x 12 cmMateri\u0101ls: Polipropil\u0113ns&nbsp; Raksturojums: No\u0146emams tremoizol\u0113jo&scaron;s apvalks Uzskr\u016bv\u0113jams kor\u0137is Iztur\u012bgs rokturis Labi paman\u0101mas tilpuma m\u0113rvien\u012bbas uz kr\u016bzes<\/p>\n","protected":false},"featured_media":70226,"template":"","meta":[],"product_brand":[959],"product_cat":[4558,4571,4731],"product_tag":[],"class_list":{"0":"post-78527","1":"product","2":"type-product","3":"status-publish","4":"has-post-thumbnail","6":"product_brand-gsi-outdoors","7":"product_cat-for-tourism-recreation","8":"product_cat-dishes-knives-folding-tables-for-tourism-recreation","9":"product_cat-mugs-flasks-dishes-knives-folding-tables-for-tourism-recreation","11":"first","12":"instock","13":"shipping-taxable","14":"purchasable","15":"product-type-simple"},"_links":{"self":[{"href":"https:\/\/sezona.lv\/en\/wp-json\/wp\/v2\/product\/78527","targetHints":{"allow":["GET"]}}],"collection":[{"href":"https:\/\/sezona.lv\/en\/wp-json\/wp\/v2\/product"}],"about":[{"href":"https:\/\/sezona.lv\/en\/wp-json\/wp\/v2\/types\/product"}],"wp:featuredmedia":[{"embeddable":true,"href":"https:\/\/sezona.lv\/en\/wp-json\/wp\/v2\/media\/70226"}],"wp:attachment":[{"href":"https:\/\/sezona.lv\/en\/wp-json\/wp\/v2\/media?parent=78527"}],"wp:term":[{"taxonomy":"product_brand","embeddable":true,"href":"https:\/\/sezona.lv\/en\/wp-json\/wp\/v2\/product_brand?post=78527"},{"taxonomy":"product_cat","embeddable":true,"href":"https:\/\/sezona.lv\/en\/wp-json\/wp\/v2\/product_cat?post=78527"},{"taxonomy":"product_tag","embeddable":true,"href":"https:\/\/sezona.lv\/en\/wp-json\/wp\/v2\/product_tag?post=78527"}],"curies":[{"name":"wp","href":"https:\/\/api.w.org\/{rel}","templated":true}]}}