{"id":78528,"date":"2025-07-11T16:39:55","date_gmt":"2025-07-11T13:39:55","guid":{"rendered":"https:\/\/demo8.ecube.lv\/sezona.lv\/products\/gsi-outdoors-bloda-glacier-stainless-7-bowl\/"},"modified":"2025-07-14T15:25:36","modified_gmt":"2025-07-14T12:25:36","slug":"gsi-outdoors-bloda-glacier-stainless-7-bowl","status":"publish","type":"product","link":"https:\/\/sezona.lv\/en\/products\/gsi-outdoors-bloda-glacier-stainless-7-bowl\/","title":{"rendered":"GSI Outdoors B\u013coda Glacier Stainless 7 Bowl"},"content":{"rendered":"<div class=\"rte\">\n<div class=\"rte\">\n<div class=\"rte\">\n<div class=\"rte\">\n<p>Klasika vienm\u0113r ir cie\u0146\u0101! Ar\u012b &scaron;\u012b pul\u0113t\u0101 ner\u016bs\u0113jo&scaron;\u0101  t\u0113rauda b\u013coda ir \u012bstena klasika. Vec\u0101s skolas piekrit\u0113jiem, kuriem ner\u016bp  svars, &scaron;\u012b GSI b\u013coda &scaron;\u0137it\u012bs tie&scaron;i tas, ko mekl\u0113 &#8211; iztur\u012bga un izskat\u012bga &#8211;  v\u0113rt\u012bba!<\/p>\n<h4>Specifik\u0101cija:<\/h4>\n<p><strong>Materi\u0101ls:<\/strong> Ner\u016bs\u0113jo&scaron;ais t\u0113rauds <br \/><strong>Izm\u0113rs:<\/strong> 195 mm x 45 mm<br \/><strong>Svars:<\/strong> 144 grami<\/p>\n<\/div>\n<\/div>\n<\/div>\n<\/div>\n","protected":false},"excerpt":{"rendered":"<p>Klasika vienm\u0113r ir cie\u0146\u0101! Ar\u012b &scaron;\u012b pul\u0113t\u0101 ner\u016bs\u0113jo&scaron;\u0101 t\u0113rauda b\u013coda ir \u012bstena klasika. Vec\u0101s skolas piekrit\u0113jiem, kuriem ner\u016bp svars, &scaron;\u012b GSI b\u013coda &scaron;\u0137it\u012bs tie&scaron;i tas, ko mekl\u0113 &#8211; iztur\u012bga un izskat\u012bga &#8211; v\u0113rt\u012bba! Specifik\u0101cija: Materi\u0101ls: Ner\u016bs\u0113jo&scaron;ais t\u0113rauds Izm\u0113rs: 195 mm x 45 mmSvars: 144 grami<\/p>\n","protected":false},"featured_media":70233,"template":"","meta":[],"product_brand":[959],"product_cat":[4558,4571,4731],"product_tag":[],"class_list":{"0":"post-78528","1":"product","2":"type-product","3":"status-publish","4":"has-post-thumbnail","6":"product_brand-gsi-outdoors","7":"product_cat-for-tourism-recreation","8":"product_cat-dishes-knives-folding-tables-for-tourism-recreation","9":"product_cat-mugs-flasks-dishes-knives-folding-tables-for-tourism-recreation","11":"first","12":"instock","13":"shipping-taxable","14":"purchasable","15":"product-type-simple"},"_links":{"self":[{"href":"https:\/\/sezona.lv\/en\/wp-json\/wp\/v2\/product\/78528","targetHints":{"allow":["GET"]}}],"collection":[{"href":"https:\/\/sezona.lv\/en\/wp-json\/wp\/v2\/product"}],"about":[{"href":"https:\/\/sezona.lv\/en\/wp-json\/wp\/v2\/types\/product"}],"wp:featuredmedia":[{"embeddable":true,"href":"https:\/\/sezona.lv\/en\/wp-json\/wp\/v2\/media\/70233"}],"wp:attachment":[{"href":"https:\/\/sezona.lv\/en\/wp-json\/wp\/v2\/media?parent=78528"}],"wp:term":[{"taxonomy":"product_brand","embeddable":true,"href":"https:\/\/sezona.lv\/en\/wp-json\/wp\/v2\/product_brand?post=78528"},{"taxonomy":"product_cat","embeddable":true,"href":"https:\/\/sezona.lv\/en\/wp-json\/wp\/v2\/product_cat?post=78528"},{"taxonomy":"product_tag","embeddable":true,"href":"https:\/\/sezona.lv\/en\/wp-json\/wp\/v2\/product_tag?post=78528"}],"curies":[{"name":"wp","href":"https:\/\/api.w.org\/{rel}","templated":true}]}}