{"id":78529,"date":"2025-07-11T16:39:58","date_gmt":"2025-07-11T13:39:58","guid":{"rendered":"https:\/\/demo8.ecube.lv\/sezona.lv\/products\/gsi-outdoors-bloda-glacier-stainless-bowl-with-handle\/"},"modified":"2025-07-14T15:25:37","modified_gmt":"2025-07-14T12:25:37","slug":"gsi-outdoors-bloda-glacier-stainless-bowl-with-handle","status":"publish","type":"product","link":"https:\/\/sezona.lv\/en\/products\/gsi-outdoors-bloda-glacier-stainless-bowl-with-handle\/","title":{"rendered":"GSI Outdoors B\u013coda Glacier Stainless Bowl with Handle"},"content":{"rendered":"<div class=\"rte\">\n<div class=\"rte\">\n<div class=\"rte\">\n<div class=\"rte\">\n<div class=\"rte\">\n<div class=\"rte\">\n<div class=\"rte\">\n<div class=\"rte\">\n<p>Ner\u016bs\u0113jo&scaron;\u0101 t\u0113rauda b\u013coda ar \u0113rtu rokturi ir teicama izv\u0113le tiem, kas  neskaita gramus uz \u0113rt\u012bbas r\u0113\u0137ina. To var lietot gan zup\u0101m, gan otrajam  \u0113diena, vai pat lietot katla viet\u0101.<\/p>\n<p>Klasiskas v\u0113rt\u012bbas nez\u016bd! Ner\u016bs\u0113jo&scaron;\u0101 t\u0113rauda b\u013coda  ar \u0113rtu rokturi ir teicama izv\u0113le tiem, kas neskaita gramus uz \u0113rt\u012bbas  r\u0113\u0137ina. To var lietot gan zup\u0101m, gan otrajam \u0113diena, vai pat lietot  katla viet\u0101. Ner\u016bs\u0113jo&scaron;ais t\u0113rauds neb\u012bstas nedz triecienus, nedz uguni  un to var dro&scaron;i skr\u0101p\u0113t ar met\u0101la dak&scaron;u.<\/p>\n<h4><strong>Specifik\u0101cija:<\/strong><\/h4>\n<p><strong> Materi\u0101ls:<\/strong> Ner\u016bs\u0113jo&scaron;ais t\u0113rauds<br \/><strong>Izm\u0113rs:<\/strong> 23 cm x 18.5 cm x 6 cm<br \/><strong>Svars:<\/strong> 147 grami<\/p>\n<\/div>\n<\/div>\n<\/div>\n<\/div>\n<\/div>\n<\/div>\n<\/div>\n<\/div>\n","protected":false},"excerpt":{"rendered":"<p>Ner\u016bs\u0113jo&scaron;\u0101 t\u0113rauda b\u013coda ar \u0113rtu rokturi ir teicama izv\u0113le tiem, kas neskaita gramus uz \u0113rt\u012bbas r\u0113\u0137ina. To var lietot gan zup\u0101m, gan otrajam \u0113diena, vai pat lietot katla viet\u0101. Klasiskas v\u0113rt\u012bbas nez\u016bd! Ner\u016bs\u0113jo&scaron;\u0101 t\u0113rauda b\u013coda ar \u0113rtu rokturi ir teicama izv\u0113le tiem, kas neskaita gramus uz \u0113rt\u012bbas r\u0113\u0137ina. To var lietot gan zup\u0101m, gan otrajam [&hellip;]<\/p>\n","protected":false},"featured_media":70236,"template":"","meta":[],"product_brand":[959],"product_cat":[4558,4571,4731],"product_tag":[],"class_list":{"0":"post-78529","1":"product","2":"type-product","3":"status-publish","4":"has-post-thumbnail","6":"product_brand-gsi-outdoors","7":"product_cat-for-tourism-recreation","8":"product_cat-dishes-knives-folding-tables-for-tourism-recreation","9":"product_cat-mugs-flasks-dishes-knives-folding-tables-for-tourism-recreation","11":"first","12":"instock","13":"shipping-taxable","14":"purchasable","15":"product-type-simple"},"_links":{"self":[{"href":"https:\/\/sezona.lv\/en\/wp-json\/wp\/v2\/product\/78529","targetHints":{"allow":["GET"]}}],"collection":[{"href":"https:\/\/sezona.lv\/en\/wp-json\/wp\/v2\/product"}],"about":[{"href":"https:\/\/sezona.lv\/en\/wp-json\/wp\/v2\/types\/product"}],"wp:featuredmedia":[{"embeddable":true,"href":"https:\/\/sezona.lv\/en\/wp-json\/wp\/v2\/media\/70236"}],"wp:attachment":[{"href":"https:\/\/sezona.lv\/en\/wp-json\/wp\/v2\/media?parent=78529"}],"wp:term":[{"taxonomy":"product_brand","embeddable":true,"href":"https:\/\/sezona.lv\/en\/wp-json\/wp\/v2\/product_brand?post=78529"},{"taxonomy":"product_cat","embeddable":true,"href":"https:\/\/sezona.lv\/en\/wp-json\/wp\/v2\/product_cat?post=78529"},{"taxonomy":"product_tag","embeddable":true,"href":"https:\/\/sezona.lv\/en\/wp-json\/wp\/v2\/product_tag?post=78529"}],"curies":[{"name":"wp","href":"https:\/\/api.w.org\/{rel}","templated":true}]}}