{"id":78530,"date":"2025-07-11T16:40:00","date_gmt":"2025-07-11T13:40:00","guid":{"rendered":"https:\/\/demo8.ecube.lv\/sezona.lv\/products\/gsi-outdoors-termokruze-camp-cup-300ml\/"},"modified":"2025-07-14T15:25:38","modified_gmt":"2025-07-14T12:25:38","slug":"gsi-outdoors-termokruze-camp-cup-300ml","status":"publish","type":"product","link":"https:\/\/sezona.lv\/en\/products\/gsi-outdoors-termokruze-camp-cup-300ml\/","title":{"rendered":"GSI Outdoors Termokr\u016bze Camp Cup 300ml"},"content":{"rendered":"<div class=\"rte\">\n<p>Dodoties pie dabas nev\u0113lies lai karstais dz\u0113riens  dedzin\u0101tu rokas? Tad &scaron;\u012b kr\u016bze b\u016bs tie&scaron;i laik\u0101. Ner\u016bs\u0113jo&scaron;\u0101 t\u0113rauda  dubult\u0101s sieni\u0146as un stingrs v\u0101ks nededzin\u0101s rokas un saglab\u0101s dz\u0113rienu  siltu.<\/p>\n<h4>Specifik\u0101cija:<\/h4>\n<p><strong>Materi\u0101ls:<\/strong> Ner\u016bs\u0113jo&scaron;ais t\u0113rauds 18\/8 <br \/><strong>Tilpums:<\/strong> 300 ml<\/p>\n<\/div>\n","protected":false},"excerpt":{"rendered":"<p>Dodoties pie dabas nev\u0113lies lai karstais dz\u0113riens dedzin\u0101tu rokas? Tad &scaron;\u012b kr\u016bze b\u016bs tie&scaron;i laik\u0101. Ner\u016bs\u0113jo&scaron;\u0101 t\u0113rauda dubult\u0101s sieni\u0146as un stingrs v\u0101ks nededzin\u0101s rokas un saglab\u0101s dz\u0113rienu siltu. Specifik\u0101cija: Materi\u0101ls: Ner\u016bs\u0113jo&scaron;ais t\u0113rauds 18\/8 Tilpums: 300 ml<\/p>\n","protected":false},"featured_media":70239,"template":"","meta":[],"product_brand":[959],"product_cat":[4558,4571,4735],"product_tag":[],"class_list":{"0":"post-78530","1":"product","2":"type-product","3":"status-publish","4":"has-post-thumbnail","6":"product_brand-gsi-outdoors","7":"product_cat-for-tourism-recreation","8":"product_cat-dishes-knives-folding-tables-for-tourism-recreation","9":"product_cat-thermoses-and-thermo-cups-dishes-knives-folding-tables-for-tourism-recreation","11":"first","12":"instock","13":"shipping-taxable","14":"purchasable","15":"product-type-simple"},"_links":{"self":[{"href":"https:\/\/sezona.lv\/en\/wp-json\/wp\/v2\/product\/78530","targetHints":{"allow":["GET"]}}],"collection":[{"href":"https:\/\/sezona.lv\/en\/wp-json\/wp\/v2\/product"}],"about":[{"href":"https:\/\/sezona.lv\/en\/wp-json\/wp\/v2\/types\/product"}],"wp:featuredmedia":[{"embeddable":true,"href":"https:\/\/sezona.lv\/en\/wp-json\/wp\/v2\/media\/70239"}],"wp:attachment":[{"href":"https:\/\/sezona.lv\/en\/wp-json\/wp\/v2\/media?parent=78530"}],"wp:term":[{"taxonomy":"product_brand","embeddable":true,"href":"https:\/\/sezona.lv\/en\/wp-json\/wp\/v2\/product_brand?post=78530"},{"taxonomy":"product_cat","embeddable":true,"href":"https:\/\/sezona.lv\/en\/wp-json\/wp\/v2\/product_cat?post=78530"},{"taxonomy":"product_tag","embeddable":true,"href":"https:\/\/sezona.lv\/en\/wp-json\/wp\/v2\/product_tag?post=78530"}],"curies":[{"name":"wp","href":"https:\/\/api.w.org\/{rel}","templated":true}]}}