{"id":78531,"date":"2025-07-14T15:25:39","date_gmt":"2025-07-14T12:25:39","guid":{"rendered":"https:\/\/demo8.ecube.lv\/sezona.lv\/products\/gsi-outdoors-termokruze-americano-mug\/"},"modified":"2025-07-14T15:25:39","modified_gmt":"2025-07-14T12:25:39","slug":"gsi-outdoors-termokruze-americano-mug","status":"publish","type":"product","link":"https:\/\/sezona.lv\/en\/products\/gsi-outdoors-termokruze-americano-mug\/","title":{"rendered":"GSI Outdoors Termokr\u016bze Americano Mug"},"content":{"rendered":"<div class=\"rte\">\n<div class=\"rte\">\n<p>Nopietnam kafijas dz\u0113r\u0101jam ir nepiecie&scaron;ama nopietna  kr\u016bze. &Scaron;\u012b ner\u016bs\u0113jo&scaron;\u0101 t\u0113rauda dubulto sieni\u0146u termokr\u016bze ar &scaron;\u013cakatu dro&scaron;u  v\u0101ku sp\u0113j uztur\u0113t kafiju vai t\u0113ju siltu pat aukst\u0101kaj\u0101s ziemas dien\u0101s.<\/p>\n<h4>Specifik\u0101cija:<\/h4>\n<p><strong>Materi\u0101ls:<\/strong> Ner\u016bs\u0113jo&scaron;ais t\u0113rauds, polipropil\u0113ns, silikons <br \/><strong>Tilpums:<\/strong> 475 ml<br \/><strong>Izm\u0113rs:<\/strong> 91 mm x 81 mm x 165 mm<\/p>\n<\/div>\n<\/div>\n","protected":false},"excerpt":{"rendered":"<p>Nopietnam kafijas dz\u0113r\u0101jam ir nepiecie&scaron;ama nopietna kr\u016bze. &Scaron;\u012b ner\u016bs\u0113jo&scaron;\u0101 t\u0113rauda dubulto sieni\u0146u termokr\u016bze ar &scaron;\u013cakatu dro&scaron;u v\u0101ku sp\u0113j uztur\u0113t kafiju vai t\u0113ju siltu pat aukst\u0101kaj\u0101s ziemas dien\u0101s. Specifik\u0101cija: Materi\u0101ls: Ner\u016bs\u0113jo&scaron;ais t\u0113rauds, polipropil\u0113ns, silikons Tilpums: 475 mlIzm\u0113rs: 91 mm x 81 mm x 165 mm<\/p>\n","protected":false},"featured_media":0,"template":"","meta":[],"product_brand":[959],"product_cat":[4558,4571,4640,4735],"product_tag":[],"class_list":{"0":"post-78531","1":"product","2":"type-product","3":"status-publish","5":"product_brand-gsi-outdoors","6":"product_cat-for-tourism-recreation","7":"product_cat-dishes-knives-folding-tables-for-tourism-recreation","8":"product_cat-recreation","9":"product_cat-thermoses-and-thermo-cups-dishes-knives-folding-tables-for-tourism-recreation","11":"first","12":"instock","13":"shipping-taxable","14":"purchasable","15":"product-type-simple"},"_links":{"self":[{"href":"https:\/\/sezona.lv\/en\/wp-json\/wp\/v2\/product\/78531","targetHints":{"allow":["GET"]}}],"collection":[{"href":"https:\/\/sezona.lv\/en\/wp-json\/wp\/v2\/product"}],"about":[{"href":"https:\/\/sezona.lv\/en\/wp-json\/wp\/v2\/types\/product"}],"wp:attachment":[{"href":"https:\/\/sezona.lv\/en\/wp-json\/wp\/v2\/media?parent=78531"}],"wp:term":[{"taxonomy":"product_brand","embeddable":true,"href":"https:\/\/sezona.lv\/en\/wp-json\/wp\/v2\/product_brand?post=78531"},{"taxonomy":"product_cat","embeddable":true,"href":"https:\/\/sezona.lv\/en\/wp-json\/wp\/v2\/product_cat?post=78531"},{"taxonomy":"product_tag","embeddable":true,"href":"https:\/\/sezona.lv\/en\/wp-json\/wp\/v2\/product_tag?post=78531"}],"curies":[{"name":"wp","href":"https:\/\/api.w.org\/{rel}","templated":true}]}}