{"id":78532,"date":"2025-07-14T15:25:40","date_gmt":"2025-07-14T12:25:40","guid":{"rendered":"https:\/\/demo8.ecube.lv\/sezona.lv\/products\/gsi-outdoors-trauku-komplekts-infinity-4-person-compact-tableset\/"},"modified":"2025-07-14T15:25:40","modified_gmt":"2025-07-14T12:25:40","slug":"gsi-outdoors-trauku-komplekts-infinity-4-person-compact-tableset","status":"publish","type":"product","link":"https:\/\/sezona.lv\/en\/products\/gsi-outdoors-trauku-komplekts-infinity-4-person-compact-tableset\/","title":{"rendered":"GSI Outdoors Trauku komplekts Infinity 4 Person Compact Tableset"},"content":{"rendered":"<div class=\"rte\">\n<div class=\"rte\">\n<div class=\"rte\">\n<p>Viegls plastik\u0101ta galda piederumu komplekts \u010detr\u0101m person\u0101m. Iztur\u012bgs un ilgdz\u012bvotsp\u0113j\u012bgs polipropil\u0113ns bez BPA piejaukuma.<\/p>\n<h4>Specifik\u0101cija:<\/h4>\n<p><strong>Materi\u0101ls:<\/strong> BPA-Free Polypropylene<br \/><strong>Izm\u0113rs:<\/strong> 195 mm x 195 mm x 117 mm<br \/><strong>Svars:<\/strong> 748 grami<\/p>\n<h4>Komplekt\u0101 ietilpst:<\/h4>\n<ul>\n<li>4x 414 ml b\u013codas<\/li>\n<li>4x 19 cm &scaron;\u0137\u012bviji<\/li>\n<li>4x 414 ml kr\u016bzes<\/li>\n<li>Uzglab\u0101&scaron;anas maiss<\/li>\n<\/ul>\n<\/div>\n<\/div>\n<\/div>\n","protected":false},"excerpt":{"rendered":"<p>Viegls plastik\u0101ta galda piederumu komplekts \u010detr\u0101m person\u0101m. Iztur\u012bgs un ilgdz\u012bvotsp\u0113j\u012bgs polipropil\u0113ns bez BPA piejaukuma. Specifik\u0101cija: Materi\u0101ls: BPA-Free PolypropyleneIzm\u0113rs: 195 mm x 195 mm x 117 mmSvars: 748 grami Komplekt\u0101 ietilpst: 4x 414 ml b\u013codas 4x 19 cm &scaron;\u0137\u012bviji 4x 414 ml kr\u016bzes Uzglab\u0101&scaron;anas maiss<\/p>\n","protected":false},"featured_media":0,"template":"","meta":[],"product_brand":[959],"product_cat":[4558,4571,4640,4731],"product_tag":[],"class_list":{"0":"post-78532","1":"product","2":"type-product","3":"status-publish","5":"product_brand-gsi-outdoors","6":"product_cat-for-tourism-recreation","7":"product_cat-dishes-knives-folding-tables-for-tourism-recreation","8":"product_cat-recreation","9":"product_cat-mugs-flasks-dishes-knives-folding-tables-for-tourism-recreation","11":"first","12":"instock","13":"shipping-taxable","14":"purchasable","15":"product-type-simple"},"_links":{"self":[{"href":"https:\/\/sezona.lv\/en\/wp-json\/wp\/v2\/product\/78532","targetHints":{"allow":["GET"]}}],"collection":[{"href":"https:\/\/sezona.lv\/en\/wp-json\/wp\/v2\/product"}],"about":[{"href":"https:\/\/sezona.lv\/en\/wp-json\/wp\/v2\/types\/product"}],"wp:attachment":[{"href":"https:\/\/sezona.lv\/en\/wp-json\/wp\/v2\/media?parent=78532"}],"wp:term":[{"taxonomy":"product_brand","embeddable":true,"href":"https:\/\/sezona.lv\/en\/wp-json\/wp\/v2\/product_brand?post=78532"},{"taxonomy":"product_cat","embeddable":true,"href":"https:\/\/sezona.lv\/en\/wp-json\/wp\/v2\/product_cat?post=78532"},{"taxonomy":"product_tag","embeddable":true,"href":"https:\/\/sezona.lv\/en\/wp-json\/wp\/v2\/product_tag?post=78532"}],"curies":[{"name":"wp","href":"https:\/\/api.w.org\/{rel}","templated":true}]}}