{"id":78533,"date":"2025-07-11T16:40:08","date_gmt":"2025-07-11T13:40:08","guid":{"rendered":"https:\/\/demo8.ecube.lv\/sezona.lv\/products\/gsi-outdoors-trauku-komplekts-cascadian-4-person-table-set\/"},"modified":"2025-07-14T15:25:41","modified_gmt":"2025-07-14T12:25:41","slug":"gsi-outdoors-trauku-komplekts-cascadian-4-person-table-set","status":"publish","type":"product","link":"https:\/\/sezona.lv\/en\/products\/gsi-outdoors-trauku-komplekts-cascadian-4-person-table-set\/","title":{"rendered":"GSI Outdoors Trauku komplekts Cascadian 4 Person Table Set"},"content":{"rendered":"<div class=\"rte\">\n<div class=\"rte\">\n<p>Viegls plastik\u0101ta galda piederumu komplekts \u010detr\u0101m person\u0101m. Iztur\u012bgs un ilgdz\u012bvotsp\u0113j\u012bgs polipropil\u0113ns bez BPA piejaukuma.<\/p>\n<h4>Specifik\u0101cija:<\/h4>\n<p><strong> Materi\u0101ls:<\/strong> BPA-Free Polypropylene <br \/><strong>Izm\u0113rs:<\/strong> 276 mm x 246 mm x 127 mm <br \/><strong>Svars:<\/strong> 748 grami<\/p>\n<h4>Komplekt\u0101 ietilpst:<\/h4>\n<ul>\n<li>4x 15 cm b\u013coda<\/li>\n<li>4x 24 cm &scaron;\u0137\u012bvis<\/li>\n<li>4x 350 ml kr\u016bze<\/li>\n<li>Uzglab\u0101&scaron;anas maiss<\/li>\n<\/ul>\n<\/div>\n<\/div>\n","protected":false},"excerpt":{"rendered":"<p>Viegls plastik\u0101ta galda piederumu komplekts \u010detr\u0101m person\u0101m. Iztur\u012bgs un ilgdz\u012bvotsp\u0113j\u012bgs polipropil\u0113ns bez BPA piejaukuma. Specifik\u0101cija: Materi\u0101ls: BPA-Free Polypropylene Izm\u0113rs: 276 mm x 246 mm x 127 mm Svars: 748 grami Komplekt\u0101 ietilpst: 4x 15 cm b\u013coda 4x 24 cm &scaron;\u0137\u012bvis 4x 350 ml kr\u016bze Uzglab\u0101&scaron;anas maiss<\/p>\n","protected":false},"featured_media":70257,"template":"","meta":[],"product_brand":[959],"product_cat":[4558,4571,4731],"product_tag":[],"class_list":{"0":"post-78533","1":"product","2":"type-product","3":"status-publish","4":"has-post-thumbnail","6":"product_brand-gsi-outdoors","7":"product_cat-for-tourism-recreation","8":"product_cat-dishes-knives-folding-tables-for-tourism-recreation","9":"product_cat-mugs-flasks-dishes-knives-folding-tables-for-tourism-recreation","11":"first","12":"instock","13":"shipping-taxable","14":"purchasable","15":"product-type-simple"},"_links":{"self":[{"href":"https:\/\/sezona.lv\/en\/wp-json\/wp\/v2\/product\/78533","targetHints":{"allow":["GET"]}}],"collection":[{"href":"https:\/\/sezona.lv\/en\/wp-json\/wp\/v2\/product"}],"about":[{"href":"https:\/\/sezona.lv\/en\/wp-json\/wp\/v2\/types\/product"}],"wp:featuredmedia":[{"embeddable":true,"href":"https:\/\/sezona.lv\/en\/wp-json\/wp\/v2\/media\/70257"}],"wp:attachment":[{"href":"https:\/\/sezona.lv\/en\/wp-json\/wp\/v2\/media?parent=78533"}],"wp:term":[{"taxonomy":"product_brand","embeddable":true,"href":"https:\/\/sezona.lv\/en\/wp-json\/wp\/v2\/product_brand?post=78533"},{"taxonomy":"product_cat","embeddable":true,"href":"https:\/\/sezona.lv\/en\/wp-json\/wp\/v2\/product_cat?post=78533"},{"taxonomy":"product_tag","embeddable":true,"href":"https:\/\/sezona.lv\/en\/wp-json\/wp\/v2\/product_tag?post=78533"}],"curies":[{"name":"wp","href":"https:\/\/api.w.org\/{rel}","templated":true}]}}