{"id":78534,"date":"2025-07-14T15:25:42","date_gmt":"2025-07-14T12:25:42","guid":{"rendered":"https:\/\/demo8.ecube.lv\/sezona.lv\/products\/gsi-outdoors-trauku-komplekts-cascadian-1-person-table-set\/"},"modified":"2025-07-14T15:25:42","modified_gmt":"2025-07-14T12:25:42","slug":"gsi-outdoors-trauku-komplekts-cascadian-1-person-table-set","status":"publish","type":"product","link":"https:\/\/sezona.lv\/en\/products\/gsi-outdoors-trauku-komplekts-cascadian-1-person-table-set\/","title":{"rendered":"GSI Outdoors Trauku komplekts Cascadian 1 Person Table Set"},"content":{"rendered":"<div class=\"rte\">\n<div class=\"rte\">\n<div class=\"rte\">\n<p>Viegls plastik\u0101ta galda piederumu komplekts vienai personai. Iztur\u012bgs un ilgdz\u012bvotsp\u0113j\u012bgs polipropil\u0113ns bez BPA piejaukuma.<\/p>\n<h4>Specifik\u0101cija:<\/h4>\n<p><strong>Materi\u0101ls:<\/strong> BPA-Free Polypropylene <br \/><strong>Izm\u0113rs<\/strong>: 246 mm x 246 mm x 71 mm<br \/><strong>Svars:<\/strong> 212 grami<\/p>\n<h4>Komplekt\u0101 ietilpst:<\/h4>\n<ul>\n<li>15 cm b\u013coda<\/li>\n<li>24 cm &scaron;\u0137\u012bvis<\/li>\n<li>350 ml kr\u016bze<\/li>\n<li>Karote&nbsp;<\/li>\n<li>Dak&scaron;a<\/li>\n<li>Nazis&nbsp;<\/li>\n<li>Uzglab\u0101&scaron;anas maiss<\/li>\n<\/ul>\n<\/div>\n<\/div>\n<\/div>\n","protected":false},"excerpt":{"rendered":"<p>Viegls plastik\u0101ta galda piederumu komplekts vienai personai. Iztur\u012bgs un ilgdz\u012bvotsp\u0113j\u012bgs polipropil\u0113ns bez BPA piejaukuma. Specifik\u0101cija: Materi\u0101ls: BPA-Free Polypropylene Izm\u0113rs: 246 mm x 246 mm x 71 mmSvars: 212 grami Komplekt\u0101 ietilpst: 15 cm b\u013coda 24 cm &scaron;\u0137\u012bvis 350 ml kr\u016bze Karote&nbsp; Dak&scaron;a Nazis&nbsp; Uzglab\u0101&scaron;anas maiss<\/p>\n","protected":false},"featured_media":0,"template":"","meta":[],"product_brand":[959],"product_cat":[4558,4571,4640,4731],"product_tag":[],"class_list":{"0":"post-78534","1":"product","2":"type-product","3":"status-publish","5":"product_brand-gsi-outdoors","6":"product_cat-for-tourism-recreation","7":"product_cat-dishes-knives-folding-tables-for-tourism-recreation","8":"product_cat-recreation","9":"product_cat-mugs-flasks-dishes-knives-folding-tables-for-tourism-recreation","11":"first","12":"instock","13":"shipping-taxable","14":"purchasable","15":"product-type-simple"},"_links":{"self":[{"href":"https:\/\/sezona.lv\/en\/wp-json\/wp\/v2\/product\/78534","targetHints":{"allow":["GET"]}}],"collection":[{"href":"https:\/\/sezona.lv\/en\/wp-json\/wp\/v2\/product"}],"about":[{"href":"https:\/\/sezona.lv\/en\/wp-json\/wp\/v2\/types\/product"}],"wp:attachment":[{"href":"https:\/\/sezona.lv\/en\/wp-json\/wp\/v2\/media?parent=78534"}],"wp:term":[{"taxonomy":"product_brand","embeddable":true,"href":"https:\/\/sezona.lv\/en\/wp-json\/wp\/v2\/product_brand?post=78534"},{"taxonomy":"product_cat","embeddable":true,"href":"https:\/\/sezona.lv\/en\/wp-json\/wp\/v2\/product_cat?post=78534"},{"taxonomy":"product_tag","embeddable":true,"href":"https:\/\/sezona.lv\/en\/wp-json\/wp\/v2\/product_tag?post=78534"}],"curies":[{"name":"wp","href":"https:\/\/api.w.org\/{rel}","templated":true}]}}