{"id":78535,"date":"2025-07-14T15:25:43","date_gmt":"2025-07-14T12:25:43","guid":{"rendered":"https:\/\/demo8.ecube.lv\/sezona.lv\/products\/gsi-outdoors-bloda-ultralight-nesting-bowl-mug\/"},"modified":"2025-07-14T15:25:43","modified_gmt":"2025-07-14T12:25:43","slug":"gsi-outdoors-bloda-ultralight-nesting-bowl-mug","status":"publish","type":"product","link":"https:\/\/sezona.lv\/en\/products\/gsi-outdoors-bloda-ultralight-nesting-bowl-mug\/","title":{"rendered":"GSI Outdoors B\u013coda Ultralight Nesting Bowl Mug"},"content":{"rendered":"<div class=\"rte\">\n<div class=\"rte\">\n<div class=\"rte\">\n<div class=\"rte\">\n<div class=\"rte\">\n<div class=\"rte\">\n<div class=\"rte\">\n<div class=\"rte\">\n<div class=\"rte\">\n<p>Zema profila b\u013codas\/kr\u016bzes komplekts.&nbsp;Kr\u016bzei ir EVA neopr\u0113na nesl\u012bdo&scaron;s apvalks un v\u0101ks. Lielisks komplekti\u0146&scaron; vienai personai.<\/p>\n<h4>Specifik\u0101cija:<\/h4>\n<p><strong> Materi\u0101ls<\/strong>: Polypropylene <br \/><strong>Tilpums:<\/strong> 590 ml x 2 <br \/><strong>Izm\u0113rs:<\/strong> 129 mm x 129 mm x 68 mm <br \/><strong>Svars:<\/strong> 129 grami<\/p>\n<h4>Komplekt\u0101 ietilpst:<\/h4>\n<ul>\n<li>B\u013coda 590ml &#8211; 46 grami<\/li>\n<li>Kr\u016bze ar izol\u0101ciju 590ml &#8211; 57grami<\/li>\n<li>V\u0101ks &#8211; 26 grami<\/li>\n<\/ul>\n<\/div>\n<\/div>\n<\/div>\n<\/div>\n<\/div>\n<\/div>\n<\/div>\n<\/div>\n<\/div>\n","protected":false},"excerpt":{"rendered":"<p>Zema profila b\u013codas\/kr\u016bzes komplekts.&nbsp;Kr\u016bzei ir EVA neopr\u0113na nesl\u012bdo&scaron;s apvalks un v\u0101ks. Lielisks komplekti\u0146&scaron; vienai personai. Specifik\u0101cija: Materi\u0101ls: Polypropylene Tilpums: 590 ml x 2 Izm\u0113rs: 129 mm x 129 mm x 68 mm Svars: 129 grami Komplekt\u0101 ietilpst: B\u013coda 590ml &#8211; 46 grami Kr\u016bze ar izol\u0101ciju 590ml &#8211; 57grami V\u0101ks &#8211; 26 grami<\/p>\n","protected":false},"featured_media":0,"template":"","meta":[],"product_brand":[959],"product_cat":[4558,4571,4640,4731],"product_tag":[],"class_list":{"0":"post-78535","1":"product","2":"type-product","3":"status-publish","5":"product_brand-gsi-outdoors","6":"product_cat-for-tourism-recreation","7":"product_cat-dishes-knives-folding-tables-for-tourism-recreation","8":"product_cat-recreation","9":"product_cat-mugs-flasks-dishes-knives-folding-tables-for-tourism-recreation","11":"first","12":"instock","13":"shipping-taxable","14":"purchasable","15":"product-type-simple"},"_links":{"self":[{"href":"https:\/\/sezona.lv\/en\/wp-json\/wp\/v2\/product\/78535","targetHints":{"allow":["GET"]}}],"collection":[{"href":"https:\/\/sezona.lv\/en\/wp-json\/wp\/v2\/product"}],"about":[{"href":"https:\/\/sezona.lv\/en\/wp-json\/wp\/v2\/types\/product"}],"wp:attachment":[{"href":"https:\/\/sezona.lv\/en\/wp-json\/wp\/v2\/media?parent=78535"}],"wp:term":[{"taxonomy":"product_brand","embeddable":true,"href":"https:\/\/sezona.lv\/en\/wp-json\/wp\/v2\/product_brand?post=78535"},{"taxonomy":"product_cat","embeddable":true,"href":"https:\/\/sezona.lv\/en\/wp-json\/wp\/v2\/product_cat?post=78535"},{"taxonomy":"product_tag","embeddable":true,"href":"https:\/\/sezona.lv\/en\/wp-json\/wp\/v2\/product_tag?post=78535"}],"curies":[{"name":"wp","href":"https:\/\/api.w.org\/{rel}","templated":true}]}}