{"id":78536,"date":"2025-07-14T15:25:43","date_gmt":"2025-07-14T12:25:43","guid":{"rendered":"https:\/\/demo8.ecube.lv\/sezona.lv\/products\/gsi-outdoors-termokruze-microlite-720-twist\/"},"modified":"2025-07-14T15:25:43","modified_gmt":"2025-07-14T12:25:43","slug":"gsi-outdoors-termokruze-microlite-720-twist","status":"publish","type":"product","link":"https:\/\/sezona.lv\/en\/products\/gsi-outdoors-termokruze-microlite-720-twist\/","title":{"rendered":"GSI Outdoors Termokr\u016bze Microlite 720 Twist"},"content":{"rendered":"<p><span id=\"result_box\" lang=\"lv\"><span>Neticami viegla, vakuumizol\u0113ta pudele, kas nodro&scaron;ina dz\u0113rienu 12 stundas<\/span> siltu <span>un 24 stundas aukstu<\/span><span>,  vienlaikus esot par 1\/3 viegl\u0101ka nek\u0101 tradicion\u0101lie mode\u013ci. 2mm pl\u0101nas,  ner\u016bs\u0113jo&scaron;\u0101 t\u0113rauda sieni\u0146as. Dro&scaron;s, skr\u016bv\u0113jams v\u0101ci\u0146&scaron;, ko viegli atv\u0113rt  pat ar cimdiem. <br \/><\/span><\/span><\/p>\n<h4><span lang=\"lv\"><span>Specifik\u0101cija:<\/span><\/span><\/h4>\n<table style=\"height: 86px\" border=\"0\" width=\"562\">\n<tbody>\n<tr>\n<td><strong>Tilpums:<\/strong><\/td>\n<td>700 ml<\/td>\n<\/tr>\n<tr>\n<td><strong>Svars:<\/strong><\/td>\n<td>288 grami<\/td>\n<\/tr>\n<tr>\n<td><strong>Izm\u0113ri:<\/strong><\/td>\n<td>95 x 74 x 235 mm<\/td>\n<\/tr>\n<tr>\n<td><strong>Veiktsp\u0113ja:<\/strong><\/td>\n<td>24h auksts, 12h silts<\/td>\n<\/tr>\n<\/tbody>\n<\/table>\n","protected":false},"excerpt":{"rendered":"<p>Neticami viegla, vakuumizol\u0113ta pudele, kas nodro&scaron;ina dz\u0113rienu 12 stundas siltu un 24 stundas aukstu, vienlaikus esot par 1\/3 viegl\u0101ka nek\u0101 tradicion\u0101lie mode\u013ci. 2mm pl\u0101nas, ner\u016bs\u0113jo&scaron;\u0101 t\u0113rauda sieni\u0146as. Dro&scaron;s, skr\u016bv\u0113jams v\u0101ci\u0146&scaron;, ko viegli atv\u0113rt pat ar cimdiem. Specifik\u0101cija: Tilpums: 700 ml Svars: 288 grami Izm\u0113ri: 95 x 74 x 235 mm Veiktsp\u0113ja: 24h auksts, 12h silts<\/p>\n","protected":false},"featured_media":0,"template":"","meta":[],"product_brand":[959],"product_cat":[4558,4571,4640,4735],"product_tag":[],"class_list":{"0":"post-78536","1":"product","2":"type-product","3":"status-publish","5":"product_brand-gsi-outdoors","6":"product_cat-for-tourism-recreation","7":"product_cat-dishes-knives-folding-tables-for-tourism-recreation","8":"product_cat-recreation","9":"product_cat-thermoses-and-thermo-cups-dishes-knives-folding-tables-for-tourism-recreation","11":"first","12":"instock","13":"shipping-taxable","14":"purchasable","15":"product-type-simple"},"_links":{"self":[{"href":"https:\/\/sezona.lv\/en\/wp-json\/wp\/v2\/product\/78536","targetHints":{"allow":["GET"]}}],"collection":[{"href":"https:\/\/sezona.lv\/en\/wp-json\/wp\/v2\/product"}],"about":[{"href":"https:\/\/sezona.lv\/en\/wp-json\/wp\/v2\/types\/product"}],"wp:attachment":[{"href":"https:\/\/sezona.lv\/en\/wp-json\/wp\/v2\/media?parent=78536"}],"wp:term":[{"taxonomy":"product_brand","embeddable":true,"href":"https:\/\/sezona.lv\/en\/wp-json\/wp\/v2\/product_brand?post=78536"},{"taxonomy":"product_cat","embeddable":true,"href":"https:\/\/sezona.lv\/en\/wp-json\/wp\/v2\/product_cat?post=78536"},{"taxonomy":"product_tag","embeddable":true,"href":"https:\/\/sezona.lv\/en\/wp-json\/wp\/v2\/product_tag?post=78536"}],"curies":[{"name":"wp","href":"https:\/\/api.w.org\/{rel}","templated":true}]}}