{"id":78539,"date":"2025-07-11T16:40:16","date_gmt":"2025-07-11T13:40:16","guid":{"rendered":"https:\/\/demo8.ecube.lv\/sezona.lv\/products\/esbit-termoss-partikas-majoris-food-jug\/"},"modified":"2025-07-14T15:25:46","modified_gmt":"2025-07-14T12:25:46","slug":"esbit-termoss-partikas-majoris-food-jug","status":"publish","type":"product","link":"https:\/\/sezona.lv\/en\/products\/esbit-termoss-partikas-majoris-food-jug\/","title":{"rendered":"Esbit Termoss p\u0101rtikas Majoris Food Jug"},"content":{"rendered":"<p>\u0112rts un iztur\u012bgs p\u0101rtikas termoss ikdienai vai ce\u013cojumiem.<\/p>\n<div class=\"rte\">\n<p>600 ml tilpuma p\u0101rtikas termoss ar skr\u016bv\u0113jamu kor\u0137i  un dubultsienu v\u0101ku ko var izmantot k\u0101 b\u013codu. Spiediena izl\u012bdzin\u0101&scaron;anai  paredz\u0113ta poga kor\u0137\u012b \u013caus viegl\u0101k piek\u013c\u016bt saturam, kad termos\u0101 b\u016bs  izveidojies neliels vakuums, bet gumijas p\u0101rkl\u0101jums dibenam pasarg\u0101s to  no triecieniem pret ciet\u0101m virsm\u0101m vai nov\u0113rs\u012bs sl\u012bd\u0113&scaron;anu.<\/p>\n<h4>Specifik\u0101cija:&nbsp;<\/h4>\n<p><strong>Materi\u0101ls:<\/strong> ner\u016bs\u0113jo&scaron;ais t\u0113rauds<br \/><strong>Kor\u0137is:<\/strong> plastmasa ar silikona bl\u012bvi<br \/><strong>Tilpums:<\/strong> 600 ml<br \/><strong>Izm\u0113rs:<\/strong> 15 x 11 (h x dia)<br \/><strong>Svars:<\/strong> 530 grami<\/p>\n<\/div>\n","protected":false},"excerpt":{"rendered":"<p>\u0112rts un iztur\u012bgs p\u0101rtikas termoss ikdienai vai ce\u013cojumiem. 600 ml tilpuma p\u0101rtikas termoss ar skr\u016bv\u0113jamu kor\u0137i un dubultsienu v\u0101ku ko var izmantot k\u0101 b\u013codu. Spiediena izl\u012bdzin\u0101&scaron;anai paredz\u0113ta poga kor\u0137\u012b \u013caus viegl\u0101k piek\u013c\u016bt saturam, kad termos\u0101 b\u016bs izveidojies neliels vakuums, bet gumijas p\u0101rkl\u0101jums dibenam pasarg\u0101s to no triecieniem pret ciet\u0101m virsm\u0101m vai nov\u0113rs\u012bs sl\u012bd\u0113&scaron;anu. Specifik\u0101cija:&nbsp; Materi\u0101ls: [&hellip;]<\/p>\n","protected":false},"featured_media":70281,"template":"","meta":[],"product_brand":[941],"product_cat":[4558,4571,4735],"product_tag":[],"class_list":{"0":"post-78539","1":"product","2":"type-product","3":"status-publish","4":"has-post-thumbnail","6":"product_brand-esbit","7":"product_cat-for-tourism-recreation","8":"product_cat-dishes-knives-folding-tables-for-tourism-recreation","9":"product_cat-thermoses-and-thermo-cups-dishes-knives-folding-tables-for-tourism-recreation","11":"first","12":"instock","13":"shipping-taxable","14":"purchasable","15":"product-type-simple"},"_links":{"self":[{"href":"https:\/\/sezona.lv\/en\/wp-json\/wp\/v2\/product\/78539","targetHints":{"allow":["GET"]}}],"collection":[{"href":"https:\/\/sezona.lv\/en\/wp-json\/wp\/v2\/product"}],"about":[{"href":"https:\/\/sezona.lv\/en\/wp-json\/wp\/v2\/types\/product"}],"wp:featuredmedia":[{"embeddable":true,"href":"https:\/\/sezona.lv\/en\/wp-json\/wp\/v2\/media\/70281"}],"wp:attachment":[{"href":"https:\/\/sezona.lv\/en\/wp-json\/wp\/v2\/media?parent=78539"}],"wp:term":[{"taxonomy":"product_brand","embeddable":true,"href":"https:\/\/sezona.lv\/en\/wp-json\/wp\/v2\/product_brand?post=78539"},{"taxonomy":"product_cat","embeddable":true,"href":"https:\/\/sezona.lv\/en\/wp-json\/wp\/v2\/product_cat?post=78539"},{"taxonomy":"product_tag","embeddable":true,"href":"https:\/\/sezona.lv\/en\/wp-json\/wp\/v2\/product_tag?post=78539"}],"curies":[{"name":"wp","href":"https:\/\/api.w.org\/{rel}","templated":true}]}}