{"id":78541,"date":"2025-07-11T16:40:21","date_gmt":"2025-07-11T13:40:21","guid":{"rendered":"https:\/\/demo8.ecube.lv\/sezona.lv\/products\/gsi-outdoors-termokruze-microlite-500-flip\/"},"modified":"2025-07-14T15:25:48","modified_gmt":"2025-07-14T12:25:48","slug":"gsi-outdoors-termokruze-microlite-500-flip","status":"publish","type":"product","link":"https:\/\/sezona.lv\/en\/products\/gsi-outdoors-termokruze-microlite-500-flip\/","title":{"rendered":"GSI Outdoors Termokr\u016bze Microlite 500 Flip"},"content":{"rendered":"<p>Iesp\u0113jams, viside\u0101l\u0101k\u0101 tremokr\u016bze ikdienas vajadz\u012bb\u0101m, jo l\u012bdz &scaron;im  tikai termosi bija sp\u0113j\u012bgi notur\u0113t dz\u0113rienu karstu ilg\u0101k par 6 stund\u0101m  un ne\u013caut dz\u0113rienam apg\u0101\u017eoties izl\u012bt som\u0101. &Scaron;\u012b termokr\u016bze tur\u0113s dz\u0113rienu  karstu l\u012bdz 8 stund\u0101m, k\u0101 ar\u012b pavir&scaron;i iemesta som\u0101, lai ar\u012b k\u0101j\u0101m gais\u0101,  ne piliens neizsprauskies caur dubultas dro&scaron;\u012bbas v\u0101ci\u0146u.<\/p>\n<h4>Specifik\u0101cija:<\/h4>\n<table style=\"height: 107px\" border=\"0\" width=\"565\">\n<tbody>\n<tr>\n<td><strong>Tilpums:<\/strong><\/td>\n<td>500 ml<\/td>\n<\/tr>\n<tr>\n<td><strong>Svars:<\/strong><\/td>\n<td>224 g<\/td>\n<\/tr>\n<tr>\n<td><strong>Izm\u0113rs:<\/strong><\/td>\n<td>76 x 65 x 232 mm<\/td>\n<\/tr>\n<tr>\n<td><strong>Materi\u0101ls:<\/strong><\/td>\n<td>Ner\u016bs\u0113jo&scaron;ais t\u0113rauds, plastik\u0101ts, silikons.<\/td>\n<\/tr>\n<tr>\n<td><strong>Veiktsp\u0113ja:<\/strong><\/td>\n<td>20h auksts, 10h silts<\/td>\n<\/tr>\n<\/tbody>\n<\/table>\n","protected":false},"excerpt":{"rendered":"<p>Iesp\u0113jams, viside\u0101l\u0101k\u0101 tremokr\u016bze ikdienas vajadz\u012bb\u0101m, jo l\u012bdz &scaron;im tikai termosi bija sp\u0113j\u012bgi notur\u0113t dz\u0113rienu karstu ilg\u0101k par 6 stund\u0101m un ne\u013caut dz\u0113rienam apg\u0101\u017eoties izl\u012bt som\u0101. &Scaron;\u012b termokr\u016bze tur\u0113s dz\u0113rienu karstu l\u012bdz 8 stund\u0101m, k\u0101 ar\u012b pavir&scaron;i iemesta som\u0101, lai ar\u012b k\u0101j\u0101m gais\u0101, ne piliens neizsprauskies caur dubultas dro&scaron;\u012bbas v\u0101ci\u0146u. Specifik\u0101cija: Tilpums: 500 ml Svars: 224 [&hellip;]<\/p>\n","protected":false},"featured_media":70299,"template":"","meta":[],"product_brand":[959],"product_cat":[4558,4571,4735],"product_tag":[],"class_list":{"0":"post-78541","1":"product","2":"type-product","3":"status-publish","4":"has-post-thumbnail","6":"product_brand-gsi-outdoors","7":"product_cat-for-tourism-recreation","8":"product_cat-dishes-knives-folding-tables-for-tourism-recreation","9":"product_cat-thermoses-and-thermo-cups-dishes-knives-folding-tables-for-tourism-recreation","11":"first","12":"instock","13":"shipping-taxable","14":"purchasable","15":"product-type-simple"},"_links":{"self":[{"href":"https:\/\/sezona.lv\/en\/wp-json\/wp\/v2\/product\/78541","targetHints":{"allow":["GET"]}}],"collection":[{"href":"https:\/\/sezona.lv\/en\/wp-json\/wp\/v2\/product"}],"about":[{"href":"https:\/\/sezona.lv\/en\/wp-json\/wp\/v2\/types\/product"}],"wp:featuredmedia":[{"embeddable":true,"href":"https:\/\/sezona.lv\/en\/wp-json\/wp\/v2\/media\/70299"}],"wp:attachment":[{"href":"https:\/\/sezona.lv\/en\/wp-json\/wp\/v2\/media?parent=78541"}],"wp:term":[{"taxonomy":"product_brand","embeddable":true,"href":"https:\/\/sezona.lv\/en\/wp-json\/wp\/v2\/product_brand?post=78541"},{"taxonomy":"product_cat","embeddable":true,"href":"https:\/\/sezona.lv\/en\/wp-json\/wp\/v2\/product_cat?post=78541"},{"taxonomy":"product_tag","embeddable":true,"href":"https:\/\/sezona.lv\/en\/wp-json\/wp\/v2\/product_tag?post=78541"}],"curies":[{"name":"wp","href":"https:\/\/api.w.org\/{rel}","templated":true}]}}