{"id":78543,"date":"2025-07-11T16:40:24","date_gmt":"2025-07-11T13:40:24","guid":{"rendered":"https:\/\/demo8.ecube.lv\/sezona.lv\/products\/esbit-partikas-termoss-food-jug-0-75l\/"},"modified":"2025-07-14T15:25:50","modified_gmt":"2025-07-14T12:25:50","slug":"esbit-partikas-termoss-food-jug-0-75l","status":"publish","type":"product","link":"https:\/\/sezona.lv\/en\/products\/esbit-partikas-termoss-food-jug-0-75l\/","title":{"rendered":"Esbit P\u0101rtikas termoss Food Jug 0.75l"},"content":{"rendered":"<div class=\"rte\">\n<div class=\"rte\">\n<p>Augstas kvalit\u0101tes ner\u016bs\u0113jo&scaron;\u0101 t\u0113rauda p\u0101rtikas  termoss. Termosa v\u0101kam ir atgaiso&scaron;anas poga vienk\u0101r&scaron;\u0101kai atv\u0113r&scaron;anai.  Termosa virsma ir nesl\u012bdo&scaron;a, mazliet raupja.<\/p>\n<h4>Specifik\u0101cija: &nbsp;<\/h4>\n<p><strong>Materi\u0101ls<\/strong>: Ner\u016bs\u0113jo&scaron;ais t\u0113rauds Tilpums: 0,75 litri, <br \/><strong>Svars<\/strong>: 525 grami <br \/><strong>Izm\u0113rs<\/strong>: 165mm(augstums) x 108mm (diametrs) &nbsp;<\/p>\n<h4>Raksturojums: &nbsp;<\/h4>\n<ul>\n<li>N\u0113r\u016bs\u0113jo&scaron;ais t\u0113rauds ar dubult\u0101m sien\u0101m<\/li>\n<li>Vakuma poga &#8211; vienk\u0101r&scaron;\u0101kai atv\u0113r&scaron;anai.&nbsp; <\/li>\n<\/ul>\n<\/div>\n<\/div>\n","protected":false},"excerpt":{"rendered":"<p>Augstas kvalit\u0101tes ner\u016bs\u0113jo&scaron;\u0101 t\u0113rauda p\u0101rtikas termoss. Termosa v\u0101kam ir atgaiso&scaron;anas poga vienk\u0101r&scaron;\u0101kai atv\u0113r&scaron;anai. Termosa virsma ir nesl\u012bdo&scaron;a, mazliet raupja. Specifik\u0101cija: &nbsp; Materi\u0101ls: Ner\u016bs\u0113jo&scaron;ais t\u0113rauds Tilpums: 0,75 litri, Svars: 525 grami Izm\u0113rs: 165mm(augstums) x 108mm (diametrs) &nbsp; Raksturojums: &nbsp; N\u0113r\u016bs\u0113jo&scaron;ais t\u0113rauds ar dubult\u0101m sien\u0101m Vakuma poga &#8211; vienk\u0101r&scaron;\u0101kai atv\u0113r&scaron;anai.&nbsp;<\/p>\n","protected":false},"featured_media":70319,"template":"","meta":[],"product_brand":[941],"product_cat":[4558,4571,4735],"product_tag":[],"class_list":{"0":"post-78543","1":"product","2":"type-product","3":"status-publish","4":"has-post-thumbnail","6":"product_brand-esbit","7":"product_cat-for-tourism-recreation","8":"product_cat-dishes-knives-folding-tables-for-tourism-recreation","9":"product_cat-thermoses-and-thermo-cups-dishes-knives-folding-tables-for-tourism-recreation","11":"first","12":"instock","13":"shipping-taxable","14":"purchasable","15":"product-type-simple"},"_links":{"self":[{"href":"https:\/\/sezona.lv\/en\/wp-json\/wp\/v2\/product\/78543","targetHints":{"allow":["GET"]}}],"collection":[{"href":"https:\/\/sezona.lv\/en\/wp-json\/wp\/v2\/product"}],"about":[{"href":"https:\/\/sezona.lv\/en\/wp-json\/wp\/v2\/types\/product"}],"wp:featuredmedia":[{"embeddable":true,"href":"https:\/\/sezona.lv\/en\/wp-json\/wp\/v2\/media\/70319"}],"wp:attachment":[{"href":"https:\/\/sezona.lv\/en\/wp-json\/wp\/v2\/media?parent=78543"}],"wp:term":[{"taxonomy":"product_brand","embeddable":true,"href":"https:\/\/sezona.lv\/en\/wp-json\/wp\/v2\/product_brand?post=78543"},{"taxonomy":"product_cat","embeddable":true,"href":"https:\/\/sezona.lv\/en\/wp-json\/wp\/v2\/product_cat?post=78543"},{"taxonomy":"product_tag","embeddable":true,"href":"https:\/\/sezona.lv\/en\/wp-json\/wp\/v2\/product_tag?post=78543"}],"curies":[{"name":"wp","href":"https:\/\/api.w.org\/{rel}","templated":true}]}}