{"id":78545,"date":"2025-07-14T15:25:52","date_gmt":"2025-07-14T12:25:52","guid":{"rendered":"https:\/\/demo8.ecube.lv\/sezona.lv\/products\/kovea-termoss-black-stone-500\/"},"modified":"2025-07-14T15:25:52","modified_gmt":"2025-07-14T12:25:52","slug":"kovea-termoss-black-stone-500","status":"publish","type":"product","link":"https:\/\/sezona.lv\/en\/products\/kovea-termoss-black-stone-500\/","title":{"rendered":"Kovea Termoss Black Stone 500"},"content":{"rendered":"<p>Neliels kafijas termoss ar 350 ml ietilp\u012bbu. Izgatavots no ner\u016bs\u0113jo&scaron;\u0101  t\u0113rauda. T\u0101 lieto&scaron;ana ir \u013coti \u0113rta un vienk\u0101r&scaron;a pateicoties spiedpogas  v\u0101rstam.<\/p>\n<h4>Specifik\u0101cija:<\/h4>\n<p><strong>Materi\u0101ls:<\/strong> Ner\u016bs\u0113jo&scaron;ais t\u0113rauds \/ PP\/ ABS\/ Silikons <br \/><strong>Tilpums:<\/strong> 500 ml <br \/><strong>Izm\u0113rs:<\/strong> 73 mm x 73 mm x 258 mm<br \/><strong>Temperat\u016bra p\u0113c 24h:<\/strong> + 47&deg;C<\/p>\n<p>&nbsp;<\/p>\n","protected":false},"excerpt":{"rendered":"<p>Neliels kafijas termoss ar 350 ml ietilp\u012bbu. Izgatavots no ner\u016bs\u0113jo&scaron;\u0101 t\u0113rauda. T\u0101 lieto&scaron;ana ir \u013coti \u0113rta un vienk\u0101r&scaron;a pateicoties spiedpogas v\u0101rstam. Specifik\u0101cija: Materi\u0101ls: Ner\u016bs\u0113jo&scaron;ais t\u0113rauds \/ PP\/ ABS\/ Silikons Tilpums: 500 ml Izm\u0113rs: 73 mm x 73 mm x 258 mmTemperat\u016bra p\u0113c 24h: + 47&deg;C &nbsp;<\/p>\n","protected":false},"featured_media":0,"template":"","meta":[],"product_brand":[934],"product_cat":[4558,4571,4640,4735],"product_tag":[],"class_list":{"0":"post-78545","1":"product","2":"type-product","3":"status-publish","5":"product_brand-kovea","6":"product_cat-for-tourism-recreation","7":"product_cat-dishes-knives-folding-tables-for-tourism-recreation","8":"product_cat-recreation","9":"product_cat-thermoses-and-thermo-cups-dishes-knives-folding-tables-for-tourism-recreation","11":"first","12":"instock","13":"shipping-taxable","14":"purchasable","15":"product-type-simple"},"_links":{"self":[{"href":"https:\/\/sezona.lv\/en\/wp-json\/wp\/v2\/product\/78545","targetHints":{"allow":["GET"]}}],"collection":[{"href":"https:\/\/sezona.lv\/en\/wp-json\/wp\/v2\/product"}],"about":[{"href":"https:\/\/sezona.lv\/en\/wp-json\/wp\/v2\/types\/product"}],"wp:attachment":[{"href":"https:\/\/sezona.lv\/en\/wp-json\/wp\/v2\/media?parent=78545"}],"wp:term":[{"taxonomy":"product_brand","embeddable":true,"href":"https:\/\/sezona.lv\/en\/wp-json\/wp\/v2\/product_brand?post=78545"},{"taxonomy":"product_cat","embeddable":true,"href":"https:\/\/sezona.lv\/en\/wp-json\/wp\/v2\/product_cat?post=78545"},{"taxonomy":"product_tag","embeddable":true,"href":"https:\/\/sezona.lv\/en\/wp-json\/wp\/v2\/product_tag?post=78545"}],"curies":[{"name":"wp","href":"https:\/\/api.w.org\/{rel}","templated":true}]}}