{"id":78547,"date":"2025-07-11T16:40:34","date_gmt":"2025-07-11T13:40:34","guid":{"rendered":"https:\/\/demo8.ecube.lv\/sezona.lv\/products\/relags-outdoor-equipment-krams-relags-firesteel\/"},"modified":"2025-07-14T15:25:53","modified_gmt":"2025-07-14T12:25:53","slug":"relags-outdoor-equipment-krams-relags-firesteel","status":"publish","type":"product","link":"https:\/\/sezona.lv\/en\/products\/relags-outdoor-equipment-krams-relags-firesteel\/","title":{"rendered":"Relags Outdoor-equipment Krams Relags Firesteel"},"content":{"rendered":"<p>Firesteelir iztur\u012bgs pret mitrumu <span id=\"result_box\" lang=\"lv\"><span class=\"alt-edited\">un uz to neattiecas b\u012bstamo kravu transport\u0113&scaron;anas noteikumi, t\u0101p\u0113c tas ir ide\u0101ls kompanjons p\u0101rg\u0101jieniem un ce\u013cojumiem. <span lang=\"lv\"><span>Apm\u0113ram<\/span> <span>10 000 aizdedz\u0113m. <\/span><\/span><\/span><\/span><\/p>\n<h4><span lang=\"lv\"><span class=\"alt-edited\"><span lang=\"lv\"><span>Specifik\u0101cija:<\/span><\/span><\/span><\/span><\/h4>\n<table style=\"height: 65px\" border=\"0\" width=\"574\">\n<tbody>\n<tr>\n<td><strong>Rokturis:<\/strong><\/td>\n<td>plastik\u0101ts<\/td>\n<\/tr>\n<tr>\n<td><strong>Krams:<\/strong><\/td>\n<td><span class=\"short_text\" lang=\"lv\"><span>Magnija sakaus\u0113jums, 6,5 cm<\/span><\/span><\/td>\n<\/tr>\n<tr>\n<td><strong>Izm\u0113rs:<\/strong><\/td>\n<td>95 x 20 x 15 mm<\/td>\n<\/tr>\n<tr>\n<td><strong>Svars: <\/strong><\/td>\n<td>45 grami<\/td>\n<\/tr>\n<\/tbody>\n<\/table>\n","protected":false},"excerpt":{"rendered":"<p>Firesteelir iztur\u012bgs pret mitrumu un uz to neattiecas b\u012bstamo kravu transport\u0113&scaron;anas noteikumi, t\u0101p\u0113c tas ir ide\u0101ls kompanjons p\u0101rg\u0101jieniem un ce\u013cojumiem. Apm\u0113ram 10 000 aizdedz\u0113m. Specifik\u0101cija: Rokturis: plastik\u0101ts Krams: Magnija sakaus\u0113jums, 6,5 cm Izm\u0113rs: 95 x 20 x 15 mm Svars: 45 grami<\/p>\n","protected":false},"featured_media":70335,"template":"","meta":[],"product_brand":[3405],"product_cat":[4558,4720,4729],"product_tag":[],"class_list":{"0":"post-78547","1":"product","2":"type-product","3":"status-publish","4":"has-post-thumbnail","6":"product_brand-relags-outdoor-equipment","7":"product_cat-for-tourism-recreation","8":"product_cat-gas-stoves-burners-lanterns-heaters-for-tourism-recreation","9":"product_cat-gas-dry-fuel-gas-stoves-burners-lanterns-heaters-for-tourism-recreation","11":"first","12":"instock","13":"shipping-taxable","14":"purchasable","15":"product-type-simple"},"_links":{"self":[{"href":"https:\/\/sezona.lv\/en\/wp-json\/wp\/v2\/product\/78547","targetHints":{"allow":["GET"]}}],"collection":[{"href":"https:\/\/sezona.lv\/en\/wp-json\/wp\/v2\/product"}],"about":[{"href":"https:\/\/sezona.lv\/en\/wp-json\/wp\/v2\/types\/product"}],"wp:featuredmedia":[{"embeddable":true,"href":"https:\/\/sezona.lv\/en\/wp-json\/wp\/v2\/media\/70335"}],"wp:attachment":[{"href":"https:\/\/sezona.lv\/en\/wp-json\/wp\/v2\/media?parent=78547"}],"wp:term":[{"taxonomy":"product_brand","embeddable":true,"href":"https:\/\/sezona.lv\/en\/wp-json\/wp\/v2\/product_brand?post=78547"},{"taxonomy":"product_cat","embeddable":true,"href":"https:\/\/sezona.lv\/en\/wp-json\/wp\/v2\/product_cat?post=78547"},{"taxonomy":"product_tag","embeddable":true,"href":"https:\/\/sezona.lv\/en\/wp-json\/wp\/v2\/product_tag?post=78547"}],"curies":[{"name":"wp","href":"https:\/\/api.w.org\/{rel}","templated":true}]}}