{"id":78548,"date":"2025-07-14T15:25:54","date_gmt":"2025-07-14T12:25:54","guid":{"rendered":"https:\/\/demo8.ecube.lv\/sezona.lv\/products\/vargo-veja-aizsegs-vargo-aluminium-windscreen-black\/"},"modified":"2025-07-14T15:25:54","modified_gmt":"2025-07-14T12:25:54","slug":"vargo-veja-aizsegs-vargo-aluminium-windscreen-black","status":"publish","type":"product","link":"https:\/\/sezona.lv\/en\/products\/vargo-veja-aizsegs-vargo-aluminium-windscreen-black\/","title":{"rendered":"Vargo V\u0113ja aizsegs Vargo Aluminium Windscreen Black"},"content":{"rendered":"<p>Viegla, ta\u010du iztur\u012bga alum\u012bnija konstrukcija, kas salok\u0101ma maksim\u0101li  kompakta un plakana. Savietojams ar Vargo ultralight spirta deg\u013ciem.<\/p>\n<h4>Specifik\u0101cija:<\/h4>\n<table style=\"height: 44px\" border=\"0\" width=\"566\">\n<tbody>\n<tr>\n<td><strong>Svars:<\/strong><\/td>\n<td>38 grami<\/td>\n<\/tr>\n<tr>\n<td><strong>Augstums:<\/strong><\/td>\n<td>81 mm<\/td>\n<\/tr>\n<tr>\n<td><strong>Garums:<\/strong><\/td>\n<td>416 mm<\/td>\n<\/tr>\n<\/tbody>\n<\/table>\n","protected":false},"excerpt":{"rendered":"<p>Viegla, ta\u010du iztur\u012bga alum\u012bnija konstrukcija, kas salok\u0101ma maksim\u0101li kompakta un plakana. Savietojams ar Vargo ultralight spirta deg\u013ciem. Specifik\u0101cija: Svars: 38 grami Augstums: 81 mm Garums: 416 mm<\/p>\n","protected":false},"featured_media":0,"template":"","meta":[],"product_brand":[],"product_cat":[4558,4640,4720,4727],"product_tag":[],"class_list":{"0":"post-78548","1":"product","2":"type-product","3":"status-publish","5":"product_cat-for-tourism-recreation","6":"product_cat-recreation","7":"product_cat-gas-stoves-burners-lanterns-heaters-for-tourism-recreation","8":"product_cat-accessories-en-dupcheck-789-gas-stoves-burners-lanterns-heaters-for-tourism-recreation","10":"first","11":"instock","12":"shipping-taxable","13":"purchasable","14":"product-type-simple"},"_links":{"self":[{"href":"https:\/\/sezona.lv\/en\/wp-json\/wp\/v2\/product\/78548","targetHints":{"allow":["GET"]}}],"collection":[{"href":"https:\/\/sezona.lv\/en\/wp-json\/wp\/v2\/product"}],"about":[{"href":"https:\/\/sezona.lv\/en\/wp-json\/wp\/v2\/types\/product"}],"wp:attachment":[{"href":"https:\/\/sezona.lv\/en\/wp-json\/wp\/v2\/media?parent=78548"}],"wp:term":[{"taxonomy":"product_brand","embeddable":true,"href":"https:\/\/sezona.lv\/en\/wp-json\/wp\/v2\/product_brand?post=78548"},{"taxonomy":"product_cat","embeddable":true,"href":"https:\/\/sezona.lv\/en\/wp-json\/wp\/v2\/product_cat?post=78548"},{"taxonomy":"product_tag","embeddable":true,"href":"https:\/\/sezona.lv\/en\/wp-json\/wp\/v2\/product_tag?post=78548"}],"curies":[{"name":"wp","href":"https:\/\/api.w.org\/{rel}","templated":true}]}}