{"id":78549,"date":"2025-07-14T15:25:55","date_gmt":"2025-07-14T12:25:55","guid":{"rendered":"https:\/\/demo8.ecube.lv\/sezona.lv\/products\/kovea-gazes-benzina-deglis-hydra-multifuel-stove\/"},"modified":"2025-07-14T15:25:55","modified_gmt":"2025-07-14T12:25:55","slug":"kovea-gazes-benzina-deglis-hydra-multifuel-stove","status":"publish","type":"product","link":"https:\/\/sezona.lv\/en\/products\/kovea-gazes-benzina-deglis-hydra-multifuel-stove\/","title":{"rendered":"Kovea G\u0101zes\/Benz\u012bna deglis HYDRA Multifuel Stove"},"content":{"rendered":"<p>L\u012bdz &scaron;im kombin\u0113tie deg\u013ci, kuri darbojas gan ar benz\u012bnu, gan g\u0101zi,  bija pi\u0146\u0137er\u0113&scaron;an\u0101s ar d\u012b\u017eu mai\u0146u, mainot degvielu. &Scaron;aj\u0101 degl\u012b neb\u016bs  vajadz\u012bbas p\u0113c liekiem instrumentiem vai deta\u013c\u0101m, kuras nek\u0101d\u0101 gad\u012bjum\u0101  nedr\u012bkst pazaud\u0113t! Turkl\u0101t tas k\u013cuvis daudz klus\u0101ks, pateicoties \u012bpa&scaron;i  izstr\u0101d\u0101tai degvielas iesmidzin\u0101&scaron;anas sist\u0113mai.&nbsp;<br \/><span>Nevainojami  darbosies ar\u012b \u013coti zem\u0101s temperat\u016br\u0101s (-40C un zem\u0101k\u0101s), novietojams uz  zemes. Vienk\u0101r&scaron;s lieto&scaron;an\u0101. Ner\u016bs\u0113jo&scaron;\u0101 t\u0113rauda atbalsta k\u0101ji\u0146as ar  vienk\u0101r&scaron;u loc\u012b&scaron;an\u0101s konstrukciju. Paredz\u0113ts visa veida eksped\u012bcij\u0101m,  kalnu p\u0101rg\u0101jieniem, laivo&scaron;an\u0101, velot\u016brism\u0101, atp\u016bt\u0101 pie dabas,  mak&scaron;\u0137er\u0113&scaron;an\u0101 un med\u012bb\u0101s. Ide\u0101ls vientu\u013ciem re\u0123ioniem, kur nav pieejami  g\u0101zes baloni un klimatiskie apst\u0101k\u013ci ir skarbi. Darbojas ar\u012b ar zemas  kvalit\u0101tes degvielu. \u013boti viegli kopjams.<\/span><\/p>\n<h4>Specifik\u0101cija:<\/h4>\n<p><strong>Aizdedze:<\/strong><span>&nbsp;Manu\u0101l\u0101&nbsp;<\/span><br \/><strong>Svars:<\/strong><span>&nbsp;310 grami<\/span><br \/><strong>Izm\u0113rs:<\/strong><span>&nbsp;297 x&nbsp;266 x&nbsp;97 mm (sapakot\u0101 veid\u0101, tikai deglis)&nbsp;<\/span><br \/><strong>Iepakojums:<\/strong><span>&nbsp;Iztur\u012bga materi\u0101la somi\u0146a&nbsp;<\/span><br \/><strong>Degviela\/Jauda\/Pat\u0113ri\u0146&scaron;:<\/strong><span>&nbsp;Benz\u012bns 2,16 kW, 209 ml\/h \/ Iso Butane g\u0101ze 1,8 kW, 131g\/h<\/span><\/p>\n","protected":false},"excerpt":{"rendered":"<p>L\u012bdz &scaron;im kombin\u0113tie deg\u013ci, kuri darbojas gan ar benz\u012bnu, gan g\u0101zi, bija pi\u0146\u0137er\u0113&scaron;an\u0101s ar d\u012b\u017eu mai\u0146u, mainot degvielu. &Scaron;aj\u0101 degl\u012b neb\u016bs vajadz\u012bbas p\u0113c liekiem instrumentiem vai deta\u013c\u0101m, kuras nek\u0101d\u0101 gad\u012bjum\u0101 nedr\u012bkst pazaud\u0113t! Turkl\u0101t tas k\u013cuvis daudz klus\u0101ks, pateicoties \u012bpa&scaron;i izstr\u0101d\u0101tai degvielas iesmidzin\u0101&scaron;anas sist\u0113mai.&nbsp;Nevainojami darbosies ar\u012b \u013coti zem\u0101s temperat\u016br\u0101s (-40C un zem\u0101k\u0101s), novietojams uz zemes. Vienk\u0101r&scaron;s [&hellip;]<\/p>\n","protected":false},"featured_media":0,"template":"","meta":[],"product_brand":[934],"product_cat":[4558,4640,4720,4723],"product_tag":[],"class_list":{"0":"post-78549","1":"product","2":"type-product","3":"status-publish","5":"product_brand-kovea","6":"product_cat-for-tourism-recreation","7":"product_cat-recreation","8":"product_cat-gas-stoves-burners-lanterns-heaters-for-tourism-recreation","9":"product_cat-gas-burners-gas-stoves-burners-lanterns-heaters-for-tourism-recreation","11":"first","12":"instock","13":"shipping-taxable","14":"purchasable","15":"product-type-simple"},"_links":{"self":[{"href":"https:\/\/sezona.lv\/en\/wp-json\/wp\/v2\/product\/78549","targetHints":{"allow":["GET"]}}],"collection":[{"href":"https:\/\/sezona.lv\/en\/wp-json\/wp\/v2\/product"}],"about":[{"href":"https:\/\/sezona.lv\/en\/wp-json\/wp\/v2\/types\/product"}],"wp:attachment":[{"href":"https:\/\/sezona.lv\/en\/wp-json\/wp\/v2\/media?parent=78549"}],"wp:term":[{"taxonomy":"product_brand","embeddable":true,"href":"https:\/\/sezona.lv\/en\/wp-json\/wp\/v2\/product_brand?post=78549"},{"taxonomy":"product_cat","embeddable":true,"href":"https:\/\/sezona.lv\/en\/wp-json\/wp\/v2\/product_cat?post=78549"},{"taxonomy":"product_tag","embeddable":true,"href":"https:\/\/sezona.lv\/en\/wp-json\/wp\/v2\/product_tag?post=78549"}],"curies":[{"name":"wp","href":"https:\/\/api.w.org\/{rel}","templated":true}]}}