{"id":78550,"date":"2025-07-14T15:25:56","date_gmt":"2025-07-14T12:25:56","guid":{"rendered":"https:\/\/demo8.ecube.lv\/sezona.lv\/products\/jetboil-gazes-deglis-micromo-0-8l\/"},"modified":"2025-07-14T15:25:56","modified_gmt":"2025-07-14T12:25:56","slug":"jetboil-gazes-deglis-micromo-0-8l","status":"publish","type":"product","link":"https:\/\/sezona.lv\/en\/products\/jetboil-gazes-deglis-micromo-0-8l\/","title":{"rendered":"Jetboil G\u0101zes deglis MicroMo 0,8L"},"content":{"rendered":"<div class=\"rte\">\n<p>Jetboil MicroMo&trade; viss-vien\u0101 sist\u0113ma ir inovat\u012bvs  produkts \u012bsteniem piedz\u012bvojumu mekl\u0113t\u0101jiem. &Scaron;\u012bs sist\u0113mas ir \u012bpa&scaron;i  paredz\u0113tas ekstr\u0113miem apst\u0101k\u013ciem &#8211; \u013coti v\u0113jainiem un aukstiem  apgabaliem. Pateicoties patent\u0113tajai FluxRing&reg; tehnolo\u0123ijai kr\u016bzes  apak&scaron;\u0101 \u016bdens uzv\u0101r\u012bsies daudz \u0101tr\u0101k, pat stipr\u0101 v\u0113j\u0101 un sal\u0101, turkl\u0101t  ekonom\u0113jot g\u0101zi. Jetboil MicroMo&trade; ir apr\u012bkots ar neopr\u0113na  siltumizol\u0101cijas apdari. Katra deta\u013ca ir p\u0101rdom\u0101ta l\u012bdz s\u012bkumam &#8211; kr\u016bz\u0113  satilpst viss komplekts un ar\u012b 100g g\u0101zes balons.&nbsp;Mo s\u0113rijas jaunais  g\u0101zes padeves regulators nodro&scaron;ina past\u0101v\u012bgu&nbsp;g\u0101zes padevi l\u012bdz pat -6&deg;C  temperat\u016brai un iesp\u0113ju regul\u0113t deg\u013ca liesmu no mazas svec\u012btes l\u012bdz  gandr\u012bz griez\u0113jdeg\u013ca jaudai.<\/p>\n<h4>SPECIFIK\u0100CIJA:<\/h4>\n<p><strong>Kr\u016bzes materi\u0101ls:<\/strong>&nbsp;anodiz\u0113ts alum\u012bnijs&nbsp;<br \/><strong>Deg\u013ca materi\u0101ls:<\/strong> ner\u016bs\u0113jo&scaron;ais t\u0113rauds&nbsp;<br \/><strong>Svars:<\/strong>&nbsp;340 grami, bez stabilizatora&nbsp;<br \/><strong>Tilpums:<\/strong>&nbsp;0,8&nbsp;litri&nbsp;<br \/><strong>Jauda:<\/strong> 1,75kW&nbsp;<br \/><strong>Izm\u0113rs:<\/strong> 104mm x 165 mmm&nbsp;<br \/><strong>Aizdedze:<\/strong> piezo elements&nbsp;<br \/><strong>V\u0101r\u012b&scaron;anas laiks:<\/strong> 2min 15sec &frac12; litrs \u016bdens<\/p>\n<h4>RAKSTUROJUMS:<\/h4>\n<ul>\n<li>Viegls un \u0113rti lietojams<\/li>\n<li>Patent\u0113ta FluxRing&reg; v\u0101r\u012b&scaron;ans sist\u0113ma<\/li>\n<li>Neopr\u0113na kr\u016bzes siltuma izlatators<\/li>\n<li>Bez BPA piejaukuma (BPA Free)<\/li>\n<\/ul>\n<h4>KOMPLEKT\u0100 IEK\u013bAUTS:<\/h4>\n<ul>\n<li>Kr\u016bze ar v\u0101ku<\/li>\n<li>Deglis<\/li>\n<li>G\u0101zes balona stabilizators<\/li>\n<li>M\u0113rkr\u016bze\/radiatora aizsargs transport\u0113jot.<\/li>\n<\/ul>\n<\/div>\n","protected":false},"excerpt":{"rendered":"<p>Jetboil MicroMo&trade; viss-vien\u0101 sist\u0113ma ir inovat\u012bvs produkts \u012bsteniem piedz\u012bvojumu mekl\u0113t\u0101jiem. &Scaron;\u012bs sist\u0113mas ir \u012bpa&scaron;i paredz\u0113tas ekstr\u0113miem apst\u0101k\u013ciem &#8211; \u013coti v\u0113jainiem un aukstiem apgabaliem. Pateicoties patent\u0113tajai FluxRing&reg; tehnolo\u0123ijai kr\u016bzes apak&scaron;\u0101 \u016bdens uzv\u0101r\u012bsies daudz \u0101tr\u0101k, pat stipr\u0101 v\u0113j\u0101 un sal\u0101, turkl\u0101t ekonom\u0113jot g\u0101zi. Jetboil MicroMo&trade; ir apr\u012bkots ar neopr\u0113na siltumizol\u0101cijas apdari. Katra deta\u013ca ir p\u0101rdom\u0101ta l\u012bdz s\u012bkumam [&hellip;]<\/p>\n","protected":false},"featured_media":0,"template":"","meta":[],"product_brand":[935],"product_cat":[4558,4640,4720,4723],"product_tag":[],"class_list":{"0":"post-78550","1":"product","2":"type-product","3":"status-publish","5":"product_brand-jetboil","6":"product_cat-for-tourism-recreation","7":"product_cat-recreation","8":"product_cat-gas-stoves-burners-lanterns-heaters-for-tourism-recreation","9":"product_cat-gas-burners-gas-stoves-burners-lanterns-heaters-for-tourism-recreation","11":"first","12":"instock","13":"shipping-taxable","14":"purchasable","15":"product-type-simple"},"_links":{"self":[{"href":"https:\/\/sezona.lv\/en\/wp-json\/wp\/v2\/product\/78550","targetHints":{"allow":["GET"]}}],"collection":[{"href":"https:\/\/sezona.lv\/en\/wp-json\/wp\/v2\/product"}],"about":[{"href":"https:\/\/sezona.lv\/en\/wp-json\/wp\/v2\/types\/product"}],"wp:attachment":[{"href":"https:\/\/sezona.lv\/en\/wp-json\/wp\/v2\/media?parent=78550"}],"wp:term":[{"taxonomy":"product_brand","embeddable":true,"href":"https:\/\/sezona.lv\/en\/wp-json\/wp\/v2\/product_brand?post=78550"},{"taxonomy":"product_cat","embeddable":true,"href":"https:\/\/sezona.lv\/en\/wp-json\/wp\/v2\/product_cat?post=78550"},{"taxonomy":"product_tag","embeddable":true,"href":"https:\/\/sezona.lv\/en\/wp-json\/wp\/v2\/product_tag?post=78550"}],"curies":[{"name":"wp","href":"https:\/\/api.w.org\/{rel}","templated":true}]}}