{"id":78551,"date":"2025-07-14T15:25:57","date_gmt":"2025-07-14T12:25:57","guid":{"rendered":"https:\/\/demo8.ecube.lv\/sezona.lv\/products\/campingaz-gazes-balons-cv470\/"},"modified":"2025-07-14T15:25:57","modified_gmt":"2025-07-14T12:25:57","slug":"campingaz-gazes-balons-cv470","status":"publish","type":"product","link":"https:\/\/sezona.lv\/en\/products\/campingaz-gazes-balons-cv470\/","title":{"rendered":"Campingaz G\u0101zes balons CV470"},"content":{"rendered":"<p>Der\u012bgs tikai ar Campingaz deg\u013ciem. 450 grami.<\/p>\n<p>&nbsp;<\/p>\n","protected":false},"excerpt":{"rendered":"<p>Der\u012bgs tikai ar Campingaz deg\u013ciem. 450 grami. &nbsp;<\/p>\n","protected":false},"featured_media":0,"template":"","meta":[],"product_brand":[],"product_cat":[4558,4640,4720,4729],"product_tag":[],"class_list":{"0":"post-78551","1":"product","2":"type-product","3":"status-publish","5":"product_cat-for-tourism-recreation","6":"product_cat-recreation","7":"product_cat-gas-stoves-burners-lanterns-heaters-for-tourism-recreation","8":"product_cat-gas-dry-fuel-gas-stoves-burners-lanterns-heaters-for-tourism-recreation","10":"first","11":"instock","12":"shipping-taxable","13":"purchasable","14":"product-type-simple"},"_links":{"self":[{"href":"https:\/\/sezona.lv\/en\/wp-json\/wp\/v2\/product\/78551","targetHints":{"allow":["GET"]}}],"collection":[{"href":"https:\/\/sezona.lv\/en\/wp-json\/wp\/v2\/product"}],"about":[{"href":"https:\/\/sezona.lv\/en\/wp-json\/wp\/v2\/types\/product"}],"wp:attachment":[{"href":"https:\/\/sezona.lv\/en\/wp-json\/wp\/v2\/media?parent=78551"}],"wp:term":[{"taxonomy":"product_brand","embeddable":true,"href":"https:\/\/sezona.lv\/en\/wp-json\/wp\/v2\/product_brand?post=78551"},{"taxonomy":"product_cat","embeddable":true,"href":"https:\/\/sezona.lv\/en\/wp-json\/wp\/v2\/product_cat?post=78551"},{"taxonomy":"product_tag","embeddable":true,"href":"https:\/\/sezona.lv\/en\/wp-json\/wp\/v2\/product_tag?post=78551"}],"curies":[{"name":"wp","href":"https:\/\/api.w.org\/{rel}","templated":true}]}}