{"id":78553,"date":"2025-07-14T15:25:58","date_gmt":"2025-07-14T12:25:58","guid":{"rendered":"https:\/\/demo8.ecube.lv\/sezona.lv\/products\/kovea-pareja-adapters-caurduramajiem-baloniem\/"},"modified":"2025-07-14T15:25:58","modified_gmt":"2025-07-14T12:25:58","slug":"kovea-pareja-adapters-caurduramajiem-baloniem","status":"publish","type":"product","link":"https:\/\/sezona.lv\/en\/products\/kovea-pareja-adapters-caurduramajiem-baloniem\/","title":{"rendered":"Kovea P\u0101reja &#8211; adapters caurduramajiem baloniem"},"content":{"rendered":"<p>P\u0101reja &#8211; adapters, kas \u013caus lietot v\u012btnes tipa degli ar l\u0113t\u0101kajiem g\u0101zes baloniem &#8211; caurduramajiem.<\/p>\n<p>&nbsp;<\/p>\n","protected":false},"excerpt":{"rendered":"<p>P\u0101reja &#8211; adapters, kas \u013caus lietot v\u012btnes tipa degli ar l\u0113t\u0101kajiem g\u0101zes baloniem &#8211; caurduramajiem. &nbsp;<\/p>\n","protected":false},"featured_media":0,"template":"","meta":[],"product_brand":[934],"product_cat":[4558,4640,4720,4727],"product_tag":[],"class_list":{"0":"post-78553","1":"product","2":"type-product","3":"status-publish","5":"product_brand-kovea","6":"product_cat-for-tourism-recreation","7":"product_cat-recreation","8":"product_cat-gas-stoves-burners-lanterns-heaters-for-tourism-recreation","9":"product_cat-accessories-en-dupcheck-789-gas-stoves-burners-lanterns-heaters-for-tourism-recreation","11":"first","12":"instock","13":"shipping-taxable","14":"purchasable","15":"product-type-simple"},"_links":{"self":[{"href":"https:\/\/sezona.lv\/en\/wp-json\/wp\/v2\/product\/78553","targetHints":{"allow":["GET"]}}],"collection":[{"href":"https:\/\/sezona.lv\/en\/wp-json\/wp\/v2\/product"}],"about":[{"href":"https:\/\/sezona.lv\/en\/wp-json\/wp\/v2\/types\/product"}],"wp:attachment":[{"href":"https:\/\/sezona.lv\/en\/wp-json\/wp\/v2\/media?parent=78553"}],"wp:term":[{"taxonomy":"product_brand","embeddable":true,"href":"https:\/\/sezona.lv\/en\/wp-json\/wp\/v2\/product_brand?post=78553"},{"taxonomy":"product_cat","embeddable":true,"href":"https:\/\/sezona.lv\/en\/wp-json\/wp\/v2\/product_cat?post=78553"},{"taxonomy":"product_tag","embeddable":true,"href":"https:\/\/sezona.lv\/en\/wp-json\/wp\/v2\/product_tag?post=78553"}],"curies":[{"name":"wp","href":"https:\/\/api.w.org\/{rel}","templated":true}]}}