{"id":78556,"date":"2025-07-14T15:26:01","date_gmt":"2025-07-14T12:26:01","guid":{"rendered":"https:\/\/demo8.ecube.lv\/sezona.lv\/products\/kovea-deglis-power-nano-stove\/"},"modified":"2025-07-14T15:26:01","modified_gmt":"2025-07-14T12:26:01","slug":"kovea-deglis-power-nano-stove","status":"publish","type":"product","link":"https:\/\/sezona.lv\/en\/products\/kovea-deglis-power-nano-stove\/","title":{"rendered":"Kovea Deglis Power Nano STOVE"},"content":{"rendered":"<div class=\"rte\">\n<div class=\"rte\">\n<div class=\"rte\">\n<div class=\"rte\">\n<p>Viegls un kompakts g\u0101zes deglis\/pl\u012bti\u0146a. Klasisks  g\u0101zes deglis\/pl\u012bti\u0146a \u0113diena pagatavo&scaron;anai ce\u013cojuma laik\u0101. \u013boti vienk\u0101r&scaron;s  lieto&scaron;an\u0101 un uzticams darb\u012bb\u0101, p\u0101rsteidzo&scaron;i kompakts un efekt\u012bvs  bud\u017eeta klases UL (ultralight) deglis. Neaizvietojams ekip\u0113jums visa  veida p\u0101rg\u0101jienos, velot\u016brism\u0101, atp\u016bt\u0101 pie dabas, mak&scaron;\u0137er\u0113&scaron;an\u0101 un  med\u012bb\u0101s. Paredz\u0113ts lieto&scaron;anai ar skr\u016bv\u0113jamiem baloniem (epi-gas). Ar  p\u0101reju Cobra, deglis lietojams ar\u012b ar garajiem adatas tipa baloniem.<\/p>\n<h4>Specifik\u0101cija:<\/h4>\n<p><strong> Svars:<\/strong> 95 grami<br \/><strong>Izm\u0113rs:<\/strong> 50 x 50 x 87 mm (sapakot\u0101 veid\u0101) <br \/><strong>Iepakojums:<\/strong> Plastmasas kast\u012bte <br \/><strong>Balona tips:<\/strong> Skr\u016bv\u0113jams<br \/><strong>Jauda:<\/strong> 1,845 kcal \/ 7,327 BTU \/ 2.14 kW<br \/><strong>G\u0101zes pat\u0113ri\u0146&scaron;:<\/strong> 156 g\/h<br \/><strong>Uzv\u0101r\u012b&scaron;anas laiks:<\/strong> 2,23 min. (1L auksta \u016bdens no 15C l\u012bdz 96C, istabas temperat\u016br\u0101 24C)<\/p>\n<\/div>\n<\/div>\n<\/div>\n<\/div>\n","protected":false},"excerpt":{"rendered":"<p>Viegls un kompakts g\u0101zes deglis\/pl\u012bti\u0146a. Klasisks g\u0101zes deglis\/pl\u012bti\u0146a \u0113diena pagatavo&scaron;anai ce\u013cojuma laik\u0101. \u013boti vienk\u0101r&scaron;s lieto&scaron;an\u0101 un uzticams darb\u012bb\u0101, p\u0101rsteidzo&scaron;i kompakts un efekt\u012bvs bud\u017eeta klases UL (ultralight) deglis. Neaizvietojams ekip\u0113jums visa veida p\u0101rg\u0101jienos, velot\u016brism\u0101, atp\u016bt\u0101 pie dabas, mak&scaron;\u0137er\u0113&scaron;an\u0101 un med\u012bb\u0101s. Paredz\u0113ts lieto&scaron;anai ar skr\u016bv\u0113jamiem baloniem (epi-gas). Ar p\u0101reju Cobra, deglis lietojams ar\u012b ar garajiem adatas tipa [&hellip;]<\/p>\n","protected":false},"featured_media":0,"template":"","meta":[],"product_brand":[934],"product_cat":[4558,4640,4720,4723],"product_tag":[],"class_list":{"0":"post-78556","1":"product","2":"type-product","3":"status-publish","5":"product_brand-kovea","6":"product_cat-for-tourism-recreation","7":"product_cat-recreation","8":"product_cat-gas-stoves-burners-lanterns-heaters-for-tourism-recreation","9":"product_cat-gas-burners-gas-stoves-burners-lanterns-heaters-for-tourism-recreation","11":"first","12":"instock","13":"shipping-taxable","14":"purchasable","15":"product-type-simple"},"_links":{"self":[{"href":"https:\/\/sezona.lv\/en\/wp-json\/wp\/v2\/product\/78556","targetHints":{"allow":["GET"]}}],"collection":[{"href":"https:\/\/sezona.lv\/en\/wp-json\/wp\/v2\/product"}],"about":[{"href":"https:\/\/sezona.lv\/en\/wp-json\/wp\/v2\/types\/product"}],"wp:attachment":[{"href":"https:\/\/sezona.lv\/en\/wp-json\/wp\/v2\/media?parent=78556"}],"wp:term":[{"taxonomy":"product_brand","embeddable":true,"href":"https:\/\/sezona.lv\/en\/wp-json\/wp\/v2\/product_brand?post=78556"},{"taxonomy":"product_cat","embeddable":true,"href":"https:\/\/sezona.lv\/en\/wp-json\/wp\/v2\/product_cat?post=78556"},{"taxonomy":"product_tag","embeddable":true,"href":"https:\/\/sezona.lv\/en\/wp-json\/wp\/v2\/product_tag?post=78556"}],"curies":[{"name":"wp","href":"https:\/\/api.w.org\/{rel}","templated":true}]}}