{"id":78557,"date":"2025-07-14T15:26:02","date_gmt":"2025-07-14T12:26:02","guid":{"rendered":"https:\/\/demo8.ecube.lv\/sezona.lv\/products\/jetboil-gazes-deglis-flash\/"},"modified":"2025-07-14T15:26:02","modified_gmt":"2025-07-14T12:26:02","slug":"jetboil-gazes-deglis-flash","status":"publish","type":"product","link":"https:\/\/sezona.lv\/en\/products\/jetboil-gazes-deglis-flash\/","title":{"rendered":"Jetboil G\u0101zes deglis Flash"},"content":{"rendered":"<div class=\"rte\">\n<div class=\"rte\">\n<div class=\"rte\">\n<div class=\"rte\">\n<div class=\"rte\">\n<p>Inovat\u012bva viss-vien\u0101 gatavo&scaron;anas sist\u0113ma, kas \u013caus  ieg\u016bt vair\u0101k no piedz\u012bvojumiem. Ar Jetboil Flash&trade; pat iem\u012b\u013cot\u0101kais  ce\u013cojuma mar&scaron;ruts k\u013c\u016bs v\u0113l baud\u0101m\u0101ks. Pateicoties patent\u0113tajai FluxRing&reg;  kr\u016bzei, \u016bdens uzv\u0101r\u012bsies daudz \u0101tr\u0101k, par stipr\u0101 v\u0113j\u0101 un sal\u0101. Jetboil  Flash&trade; ir apr\u012bkots ar neopr\u0113na siltumizol\u0101cijas apdari, kurai ir  karstuma indikators. Tagad j\u016bs redz\u0113siet, kad \u016bdens ir uzv\u0101r\u012bjies! Visa  konstrukcija ir tikt\u0101l p\u0101rdom\u0101ta, ka viss komplekt\u0101 eso&scaron;ais apr\u012bkojums  kop\u0101 ar 100g g\u0101zes balonu ietilps kr\u016bz\u0113 bez probl\u0113m\u0101m. Jetboil Flash&trade; ir  moderns, jaud\u012bgs, kompakts un moderns \u0113diena gatavo&scaron;anas risin\u0101jums  j\u016bsu outdoor piedz\u012bvojumiem.<\/p>\n<h4>Specifik\u0101cija:<\/h4>\n<p><strong>Kr\u016bzes materi\u0101ls<\/strong>: anodiz\u0113ts alum\u012bnijs <br \/><strong>Deg\u013ca materi\u0101ls<\/strong>: ner\u016bs\u0113jo&scaron;ais t\u0113rauds <br \/><strong>Svars<\/strong>: 397 grami, bez stabilizatora <br \/><strong>Tilpums<\/strong>: 1 Litrs <br \/><strong>Izm\u0113rs<\/strong>: 104mm x 180 mmm <br \/><strong>Aizdedze<\/strong>: piezo elements <br \/><strong>V\u0101r\u012b&scaron;anas laiks<\/strong>: 2min &frac12; litrs \u016bdens<\/p>\n<h4>Raksturojums:<\/h4>\n<ul>\n<li>Viegls un \u0113rti lietojams<\/li>\n<li>V\u0101r\u012b&scaron;an\u0101s indik\u0101tors<\/li>\n<li>Patent\u0113ta FluxRing&reg; v\u0101r\u012b&scaron;ans sist\u0113ma<\/li>\n<li>Neopr\u0113na kr\u016bzes sliltuma izlatators<\/li>\n<li>Bez BPA piejaukuma (BPA Free)<\/li>\n<\/ul>\n<h4>Komplekt\u0101 iek\u013cauts:<\/h4>\n<ul>\n<li>Kr\u016bze ar v\u0101ku<\/li>\n<li>Deglis<\/li>\n<li>G\u0101zes balona stabilizators<\/li>\n<li>Katla p\u0101reja deglim<\/li>\n<li>M\u0113rkr\u016bze <\/li>\n<\/ul>\n<\/div>\n<\/div>\n<\/div>\n<\/div>\n<\/div>\n","protected":false},"excerpt":{"rendered":"<p>Inovat\u012bva viss-vien\u0101 gatavo&scaron;anas sist\u0113ma, kas \u013caus ieg\u016bt vair\u0101k no piedz\u012bvojumiem. Ar Jetboil Flash&trade; pat iem\u012b\u013cot\u0101kais ce\u013cojuma mar&scaron;ruts k\u013c\u016bs v\u0113l baud\u0101m\u0101ks. Pateicoties patent\u0113tajai FluxRing&reg; kr\u016bzei, \u016bdens uzv\u0101r\u012bsies daudz \u0101tr\u0101k, par stipr\u0101 v\u0113j\u0101 un sal\u0101. Jetboil Flash&trade; ir apr\u012bkots ar neopr\u0113na siltumizol\u0101cijas apdari, kurai ir karstuma indikators. Tagad j\u016bs redz\u0113siet, kad \u016bdens ir uzv\u0101r\u012bjies! Visa konstrukcija ir [&hellip;]<\/p>\n","protected":false},"featured_media":0,"template":"","meta":[],"product_brand":[935],"product_cat":[4558,4640,4720,4723],"product_tag":[],"class_list":{"0":"post-78557","1":"product","2":"type-product","3":"status-publish","5":"product_brand-jetboil","6":"product_cat-for-tourism-recreation","7":"product_cat-recreation","8":"product_cat-gas-stoves-burners-lanterns-heaters-for-tourism-recreation","9":"product_cat-gas-burners-gas-stoves-burners-lanterns-heaters-for-tourism-recreation","11":"first","12":"instock","13":"shipping-taxable","14":"purchasable","15":"product-type-simple"},"_links":{"self":[{"href":"https:\/\/sezona.lv\/en\/wp-json\/wp\/v2\/product\/78557","targetHints":{"allow":["GET"]}}],"collection":[{"href":"https:\/\/sezona.lv\/en\/wp-json\/wp\/v2\/product"}],"about":[{"href":"https:\/\/sezona.lv\/en\/wp-json\/wp\/v2\/types\/product"}],"wp:attachment":[{"href":"https:\/\/sezona.lv\/en\/wp-json\/wp\/v2\/media?parent=78557"}],"wp:term":[{"taxonomy":"product_brand","embeddable":true,"href":"https:\/\/sezona.lv\/en\/wp-json\/wp\/v2\/product_brand?post=78557"},{"taxonomy":"product_cat","embeddable":true,"href":"https:\/\/sezona.lv\/en\/wp-json\/wp\/v2\/product_cat?post=78557"},{"taxonomy":"product_tag","embeddable":true,"href":"https:\/\/sezona.lv\/en\/wp-json\/wp\/v2\/product_tag?post=78557"}],"curies":[{"name":"wp","href":"https:\/\/api.w.org\/{rel}","templated":true}]}}