{"id":78559,"date":"2025-07-11T16:40:50","date_gmt":"2025-07-11T13:40:50","guid":{"rendered":"https:\/\/demo8.ecube.lv\/sezona.lv\/products\/jetboil-gazes-balons-jetpower-mixed-fuel-230g\/"},"modified":"2025-07-14T15:26:04","modified_gmt":"2025-07-14T12:26:04","slug":"jetboil-gazes-balons-jetpower-mixed-fuel-230g","status":"publish","type":"product","link":"https:\/\/sezona.lv\/en\/products\/jetboil-gazes-balons-jetpower-mixed-fuel-230g\/","title":{"rendered":"Jetboil G\u0101zes balons Jetpower mixed fuel 230g"},"content":{"rendered":"<div class=\"rte\">\n<div class=\"rte\">\n<p>Jetboil g\u0101ze ir viena no nedaudzaj\u0101m g\u0101z\u0113m, kas ir  piem\u0113rota \u013coti ekstr\u0113miem apst\u0101k\u013ciem. Ar\u012b pie lieliem m\u012bnusiem ziem\u0101 ar  pustuk&scaron;u vai gandr\u012bz tuk&scaron;u balonu j\u016bs tiksiet pie silta \u0113diena vai  dz\u0113riena. Protams, ka lab\u0101kos \u016bdens uzv\u0101r\u012b&scaron;anas r\u0101d\u012bt\u0101jus j\u016bs  sasniegsiet ar Jetboil g\u0101zes deg\u013ciem!<\/p>\n<h4>Specifik\u0101cija:<\/h4>\n<p><strong>Tilpums<\/strong>: 230g <br \/><strong>Tips<\/strong>: v\u012btnes tipa balons <br \/><strong>Sast\u0101vs<\/strong>: Isobut\u0101ns\/Prop\u0101ns<\/p>\n<\/div>\n<\/div>\n<p>&nbsp;<\/p>\n","protected":false},"excerpt":{"rendered":"<p>Jetboil g\u0101ze ir viena no nedaudzaj\u0101m g\u0101z\u0113m, kas ir piem\u0113rota \u013coti ekstr\u0113miem apst\u0101k\u013ciem. Ar\u012b pie lieliem m\u012bnusiem ziem\u0101 ar pustuk&scaron;u vai gandr\u012bz tuk&scaron;u balonu j\u016bs tiksiet pie silta \u0113diena vai dz\u0113riena. Protams, ka lab\u0101kos \u016bdens uzv\u0101r\u012b&scaron;anas r\u0101d\u012bt\u0101jus j\u016bs sasniegsiet ar Jetboil g\u0101zes deg\u013ciem! Specifik\u0101cija: Tilpums: 230g Tips: v\u012btnes tipa balons Sast\u0101vs: Isobut\u0101ns\/Prop\u0101ns &nbsp;<\/p>\n","protected":false},"featured_media":0,"template":"","meta":[],"product_brand":[935],"product_cat":[4558,4720,4729],"product_tag":[],"class_list":{"0":"post-78559","1":"product","2":"type-product","3":"status-publish","5":"product_brand-jetboil","6":"product_cat-for-tourism-recreation","7":"product_cat-gas-stoves-burners-lanterns-heaters-for-tourism-recreation","8":"product_cat-gas-dry-fuel-gas-stoves-burners-lanterns-heaters-for-tourism-recreation","10":"first","11":"instock","12":"shipping-taxable","13":"purchasable","14":"product-type-simple"},"_links":{"self":[{"href":"https:\/\/sezona.lv\/en\/wp-json\/wp\/v2\/product\/78559","targetHints":{"allow":["GET"]}}],"collection":[{"href":"https:\/\/sezona.lv\/en\/wp-json\/wp\/v2\/product"}],"about":[{"href":"https:\/\/sezona.lv\/en\/wp-json\/wp\/v2\/types\/product"}],"wp:attachment":[{"href":"https:\/\/sezona.lv\/en\/wp-json\/wp\/v2\/media?parent=78559"}],"wp:term":[{"taxonomy":"product_brand","embeddable":true,"href":"https:\/\/sezona.lv\/en\/wp-json\/wp\/v2\/product_brand?post=78559"},{"taxonomy":"product_cat","embeddable":true,"href":"https:\/\/sezona.lv\/en\/wp-json\/wp\/v2\/product_cat?post=78559"},{"taxonomy":"product_tag","embeddable":true,"href":"https:\/\/sezona.lv\/en\/wp-json\/wp\/v2\/product_tag?post=78559"}],"curies":[{"name":"wp","href":"https:\/\/api.w.org\/{rel}","templated":true}]}}