{"id":78562,"date":"2025-07-11T16:40:54","date_gmt":"2025-07-11T13:40:54","guid":{"rendered":"https:\/\/demo8.ecube.lv\/sezona.lv\/products\/campingaz-gazes-balons-cv300\/"},"modified":"2025-07-14T15:26:07","modified_gmt":"2025-07-14T12:26:07","slug":"campingaz-gazes-balons-cv300","status":"publish","type":"product","link":"https:\/\/sezona.lv\/en\/products\/campingaz-gazes-balons-cv300\/","title":{"rendered":"Campingaz G\u0101zes balons CV300"},"content":{"rendered":"<div class=\"rte\">\n<p>Campingaz CV300 But\u0101na un prop\u0101na g\u0101zes mais\u012bjums<\/p>\n<h4>Specifik\u0101cija:<\/h4>\n<p><strong>Svars<\/strong>: 240 g<\/p>\n<\/div>\n","protected":false},"excerpt":{"rendered":"<p>Campingaz CV300 But\u0101na un prop\u0101na g\u0101zes mais\u012bjums Specifik\u0101cija: Svars: 240 g<\/p>\n","protected":false},"featured_media":70377,"template":"","meta":[],"product_brand":[],"product_cat":[4558,4720,4729],"product_tag":[],"class_list":{"0":"post-78562","1":"product","2":"type-product","3":"status-publish","4":"has-post-thumbnail","6":"product_cat-for-tourism-recreation","7":"product_cat-gas-stoves-burners-lanterns-heaters-for-tourism-recreation","8":"product_cat-gas-dry-fuel-gas-stoves-burners-lanterns-heaters-for-tourism-recreation","10":"first","11":"instock","12":"shipping-taxable","13":"purchasable","14":"product-type-simple"},"_links":{"self":[{"href":"https:\/\/sezona.lv\/en\/wp-json\/wp\/v2\/product\/78562","targetHints":{"allow":["GET"]}}],"collection":[{"href":"https:\/\/sezona.lv\/en\/wp-json\/wp\/v2\/product"}],"about":[{"href":"https:\/\/sezona.lv\/en\/wp-json\/wp\/v2\/types\/product"}],"wp:featuredmedia":[{"embeddable":true,"href":"https:\/\/sezona.lv\/en\/wp-json\/wp\/v2\/media\/70377"}],"wp:attachment":[{"href":"https:\/\/sezona.lv\/en\/wp-json\/wp\/v2\/media?parent=78562"}],"wp:term":[{"taxonomy":"product_brand","embeddable":true,"href":"https:\/\/sezona.lv\/en\/wp-json\/wp\/v2\/product_brand?post=78562"},{"taxonomy":"product_cat","embeddable":true,"href":"https:\/\/sezona.lv\/en\/wp-json\/wp\/v2\/product_cat?post=78562"},{"taxonomy":"product_tag","embeddable":true,"href":"https:\/\/sezona.lv\/en\/wp-json\/wp\/v2\/product_tag?post=78562"}],"curies":[{"name":"wp","href":"https:\/\/api.w.org\/{rel}","templated":true}]}}