{"id":78564,"date":"2025-07-11T16:40:56","date_gmt":"2025-07-11T13:40:56","guid":{"rendered":"https:\/\/demo8.ecube.lv\/sezona.lv\/products\/kovea-gazes-deglis-hestia-torch\/"},"modified":"2025-07-14T15:26:10","modified_gmt":"2025-07-14T12:26:10","slug":"kovea-gazes-deglis-hestia-torch","status":"publish","type":"product","link":"https:\/\/sezona.lv\/en\/products\/kovea-gazes-deglis-hestia-torch\/","title":{"rendered":"Kovea G\u0101zes deglis Hestia Torch"},"content":{"rendered":"<div class=\"rte\">\n<div class=\"rte\">\n<p>Hestia griez\u0113jdeglis ir neatsverams maziem m\u0101jas  darbiem, gan lielisks pal\u012bgs santehnikas speci\u0101listiem. \u016adens cauru\u013cu  salod\u0113&scaron;ana vai sasalu&scaron;o radiatoru atkaus\u0113&scaron;ana vairs neb\u016bs problem\u0101tiska.  Vasar\u0101 grillogles var\u0113siet aizdedzin\u0101t bez kait\u012bgajiem &scaron;\u0137idrumiem.  Deg\u013ca jauda ir regul\u0113jama un darbojas bez speci\u0101las iesild\u012b&scaron;anas.  Dro&scaron;\u012bbas sl\u0113dzis.<\/p>\n<h4>Specifik\u0101cija:<\/h4>\n<p><strong> Jauda<\/strong>: 1300 kW<br \/><strong>Aizdedze:<\/strong> Pjezo<br \/><strong>Pat\u0113ri\u0146&scaron;:<\/strong> 106 g\/h (darbojas ar adatas tipa baloniem)<\/p>\n<\/div>\n<\/div>\n","protected":false},"excerpt":{"rendered":"<p>Hestia griez\u0113jdeglis ir neatsverams maziem m\u0101jas darbiem, gan lielisks pal\u012bgs santehnikas speci\u0101listiem. \u016adens cauru\u013cu salod\u0113&scaron;ana vai sasalu&scaron;o radiatoru atkaus\u0113&scaron;ana vairs neb\u016bs problem\u0101tiska. Vasar\u0101 grillogles var\u0113siet aizdedzin\u0101t bez kait\u012bgajiem &scaron;\u0137idrumiem. Deg\u013ca jauda ir regul\u0113jama un darbojas bez speci\u0101las iesild\u012b&scaron;anas. Dro&scaron;\u012bbas sl\u0113dzis. Specifik\u0101cija: Jauda: 1300 kWAizdedze: PjezoPat\u0113ri\u0146&scaron;: 106 g\/h (darbojas ar adatas tipa baloniem)<\/p>\n","protected":false},"featured_media":70380,"template":"","meta":[],"product_brand":[934],"product_cat":[4558,4720,4723],"product_tag":[],"class_list":{"0":"post-78564","1":"product","2":"type-product","3":"status-publish","4":"has-post-thumbnail","6":"product_brand-kovea","7":"product_cat-for-tourism-recreation","8":"product_cat-gas-stoves-burners-lanterns-heaters-for-tourism-recreation","9":"product_cat-gas-burners-gas-stoves-burners-lanterns-heaters-for-tourism-recreation","11":"first","12":"instock","13":"shipping-taxable","14":"purchasable","15":"product-type-simple"},"_links":{"self":[{"href":"https:\/\/sezona.lv\/en\/wp-json\/wp\/v2\/product\/78564","targetHints":{"allow":["GET"]}}],"collection":[{"href":"https:\/\/sezona.lv\/en\/wp-json\/wp\/v2\/product"}],"about":[{"href":"https:\/\/sezona.lv\/en\/wp-json\/wp\/v2\/types\/product"}],"wp:featuredmedia":[{"embeddable":true,"href":"https:\/\/sezona.lv\/en\/wp-json\/wp\/v2\/media\/70380"}],"wp:attachment":[{"href":"https:\/\/sezona.lv\/en\/wp-json\/wp\/v2\/media?parent=78564"}],"wp:term":[{"taxonomy":"product_brand","embeddable":true,"href":"https:\/\/sezona.lv\/en\/wp-json\/wp\/v2\/product_brand?post=78564"},{"taxonomy":"product_cat","embeddable":true,"href":"https:\/\/sezona.lv\/en\/wp-json\/wp\/v2\/product_cat?post=78564"},{"taxonomy":"product_tag","embeddable":true,"href":"https:\/\/sezona.lv\/en\/wp-json\/wp\/v2\/product_tag?post=78564"}],"curies":[{"name":"wp","href":"https:\/\/api.w.org\/{rel}","templated":true}]}}