{"id":78565,"date":"2025-07-14T15:26:11","date_gmt":"2025-07-14T12:26:11","guid":{"rendered":"https:\/\/demo8.ecube.lv\/sezona.lv\/products\/kovea-pareja-adapters-ka-9504\/"},"modified":"2025-07-14T15:26:11","modified_gmt":"2025-07-14T12:26:11","slug":"kovea-pareja-adapters-ka-9504","status":"publish","type":"product","link":"https:\/\/sezona.lv\/en\/products\/kovea-pareja-adapters-ka-9504\/","title":{"rendered":"Kovea P\u0101reja &#8211; adapters KA-9504"},"content":{"rendered":"<div class=\"rte\">\n<p>P\u0101reja no adatas tipa balona uz v\u012btnes tipu. Pielietojams visu deg\u013cu un laternu veidiem ar skr\u016bv\u0113jamu v\u012btnes tipa savienojumu.<\/p>\n<h4>Specifik\u0101cija:<\/h4>\n<p><strong>Svars:<\/strong> 50 grami<br \/><strong>Izm\u0113rs:<\/strong> 4 x 4 x 3 cm<\/p>\n<\/div>\n","protected":false},"excerpt":{"rendered":"<p>P\u0101reja no adatas tipa balona uz v\u012btnes tipu. Pielietojams visu deg\u013cu un laternu veidiem ar skr\u016bv\u0113jamu v\u012btnes tipa savienojumu. Specifik\u0101cija: Svars: 50 gramiIzm\u0113rs: 4 x 4 x 3 cm<\/p>\n","protected":false},"featured_media":0,"template":"","meta":[],"product_brand":[934],"product_cat":[4558,4640,4720,4727],"product_tag":[],"class_list":{"0":"post-78565","1":"product","2":"type-product","3":"status-publish","5":"product_brand-kovea","6":"product_cat-for-tourism-recreation","7":"product_cat-recreation","8":"product_cat-gas-stoves-burners-lanterns-heaters-for-tourism-recreation","9":"product_cat-accessories-en-dupcheck-789-gas-stoves-burners-lanterns-heaters-for-tourism-recreation","11":"first","12":"instock","13":"shipping-taxable","14":"purchasable","15":"product-type-simple"},"_links":{"self":[{"href":"https:\/\/sezona.lv\/en\/wp-json\/wp\/v2\/product\/78565","targetHints":{"allow":["GET"]}}],"collection":[{"href":"https:\/\/sezona.lv\/en\/wp-json\/wp\/v2\/product"}],"about":[{"href":"https:\/\/sezona.lv\/en\/wp-json\/wp\/v2\/types\/product"}],"wp:attachment":[{"href":"https:\/\/sezona.lv\/en\/wp-json\/wp\/v2\/media?parent=78565"}],"wp:term":[{"taxonomy":"product_brand","embeddable":true,"href":"https:\/\/sezona.lv\/en\/wp-json\/wp\/v2\/product_brand?post=78565"},{"taxonomy":"product_cat","embeddable":true,"href":"https:\/\/sezona.lv\/en\/wp-json\/wp\/v2\/product_cat?post=78565"},{"taxonomy":"product_tag","embeddable":true,"href":"https:\/\/sezona.lv\/en\/wp-json\/wp\/v2\/product_tag?post=78565"}],"curies":[{"name":"wp","href":"https:\/\/api.w.org\/{rel}","templated":true}]}}