{"id":78566,"date":"2025-07-11T16:41:01","date_gmt":"2025-07-11T13:41:01","guid":{"rendered":"https:\/\/demo8.ecube.lv\/sezona.lv\/products\/kovea-deglis-scorpion-stove\/"},"modified":"2025-07-14T15:26:11","modified_gmt":"2025-07-14T12:26:11","slug":"kovea-deglis-scorpion-stove","status":"publish","type":"product","link":"https:\/\/sezona.lv\/en\/products\/kovea-deglis-scorpion-stove\/","title":{"rendered":"Kovea Deglis SCORPION STOVE"},"content":{"rendered":"<div class=\"rte\">\n<div class=\"rte\">\n<div class=\"rte\">\n<div class=\"rte\">\n<div class=\"rte\">\n<p>Viegls g\u0101zes deglis\/pl\u012bti\u0146a ar Piezo aizdedzi un  v\u0113ja aizsegu. Popul\u0101r\u0101kais no KOVEA minim\u0101listu s\u0113rijas deg\u013ciem. Viegls  g\u0101zes deglis\/pl\u012bti\u0146a \u0113diena pagatavo&scaron;anai ce\u013cojuma laik\u0101. Nav kust\u012bgu  vai nolok\u0101mu deta\u013cu, kas padara degi \u013coti stabilu un uzticamu.  Pateicoties Piezo tipa aizdedzei, vienk\u0101r&scaron;s lieto&scaron;an\u0101. Korpuss  izgatavots no alum\u012bnija ar ner\u016bs\u0113jo&scaron;\u0101 t\u0113rauda atbalsta k\u0101ji\u0146\u0101m un v\u0113ja  aizsegu. Stacion\u0101rs v\u0113ja aizsegs palielina deg\u013ca jaudu un siltumatdevi  skarbos klimatiskos apst\u0101k\u013cos, k\u0101 ar\u012b \u013cauj ieekonom\u0113t g\u0101zes pat\u0113ri\u0146u  malt\u012btes pagatavo&scaron;anai. Neaizvietojams ekip\u0113jums visa veida kalnu  p\u0101rg\u0101jienos, alp\u012bnism\u0101, velot\u016brism\u0101, atp\u016bt\u0101 pie dabas, mak&scaron;\u0137er\u0113&scaron;an\u0101 un  med\u012bb\u0101s. Paredz\u0113ts lieto&scaron;anai ar skr\u016bv\u0113jamiem baloniem (epi-gas). Ar  p\u0101reju Cobra deglis lietojams ar\u012b ar garajiem adatas tipa baloniem, &scaron;ai  gad\u012bjum\u0101 deglis uzst\u0101d\u0101ms uz k\u0101ji\u0146\u0101m.<\/p>\n<h4>Specifik\u0101cija:<\/h4>\n<p><strong>Aizdedze:<\/strong> Piezo <br \/><strong>Svars:<\/strong> 163 grami<br \/><strong>Izm\u0113rs:<\/strong> 98 x 98 x 92 mm (sapakot\u0101 veid\u0101) <br \/><strong>Sildvirsmas diametrs:<\/strong> 110 mm<br \/><strong>Iepakojums:<\/strong> Iztur\u012bga plastik\u0101ta kast\u012bte <br \/><strong>G\u0101ze, balons:<\/strong> Iso-But\u0101ns, skr\u016bv\u0113jama tipa <br \/><strong>Jauda:<\/strong> 1,596 kcal \/ 6,336BTU \/ 1,85 kW<br \/><strong>G\u0101zes pat\u0113ri\u0146&scaron;:<\/strong> 133 g\/h (ar maksim\u0101lo jaudu)<br \/><strong>Uzv\u0101r\u012b&scaron;an\u0101s laiks:<\/strong> 4 min 19 sek (1L auksta \u016bdens no 15C l\u012bdz 96C, istabas temperat\u016br\u0101 24C)<\/p>\n<\/div>\n<\/div>\n<\/div>\n<\/div>\n<\/div>\n","protected":false},"excerpt":{"rendered":"<p>Viegls g\u0101zes deglis\/pl\u012bti\u0146a ar Piezo aizdedzi un v\u0113ja aizsegu. Popul\u0101r\u0101kais no KOVEA minim\u0101listu s\u0113rijas deg\u013ciem. Viegls g\u0101zes deglis\/pl\u012bti\u0146a \u0113diena pagatavo&scaron;anai ce\u013cojuma laik\u0101. Nav kust\u012bgu vai nolok\u0101mu deta\u013cu, kas padara degi \u013coti stabilu un uzticamu. Pateicoties Piezo tipa aizdedzei, vienk\u0101r&scaron;s lieto&scaron;an\u0101. Korpuss izgatavots no alum\u012bnija ar ner\u016bs\u0113jo&scaron;\u0101 t\u0113rauda atbalsta k\u0101ji\u0146\u0101m un v\u0113ja aizsegu. Stacion\u0101rs v\u0113ja aizsegs [&hellip;]<\/p>\n","protected":false},"featured_media":70383,"template":"","meta":[],"product_brand":[934],"product_cat":[4558,4720,4723],"product_tag":[],"class_list":{"0":"post-78566","1":"product","2":"type-product","3":"status-publish","4":"has-post-thumbnail","6":"product_brand-kovea","7":"product_cat-for-tourism-recreation","8":"product_cat-gas-stoves-burners-lanterns-heaters-for-tourism-recreation","9":"product_cat-gas-burners-gas-stoves-burners-lanterns-heaters-for-tourism-recreation","11":"first","12":"instock","13":"shipping-taxable","14":"purchasable","15":"product-type-simple"},"_links":{"self":[{"href":"https:\/\/sezona.lv\/en\/wp-json\/wp\/v2\/product\/78566","targetHints":{"allow":["GET"]}}],"collection":[{"href":"https:\/\/sezona.lv\/en\/wp-json\/wp\/v2\/product"}],"about":[{"href":"https:\/\/sezona.lv\/en\/wp-json\/wp\/v2\/types\/product"}],"wp:featuredmedia":[{"embeddable":true,"href":"https:\/\/sezona.lv\/en\/wp-json\/wp\/v2\/media\/70383"}],"wp:attachment":[{"href":"https:\/\/sezona.lv\/en\/wp-json\/wp\/v2\/media?parent=78566"}],"wp:term":[{"taxonomy":"product_brand","embeddable":true,"href":"https:\/\/sezona.lv\/en\/wp-json\/wp\/v2\/product_brand?post=78566"},{"taxonomy":"product_cat","embeddable":true,"href":"https:\/\/sezona.lv\/en\/wp-json\/wp\/v2\/product_cat?post=78566"},{"taxonomy":"product_tag","embeddable":true,"href":"https:\/\/sezona.lv\/en\/wp-json\/wp\/v2\/product_tag?post=78566"}],"curies":[{"name":"wp","href":"https:\/\/api.w.org\/{rel}","templated":true}]}}