{"id":78567,"date":"2025-07-11T16:41:04","date_gmt":"2025-07-11T13:41:04","guid":{"rendered":"https:\/\/demo8.ecube.lv\/sezona.lv\/products\/leatherman-multitool-charge-tti\/"},"modified":"2025-07-14T15:26:12","modified_gmt":"2025-07-14T12:26:12","slug":"leatherman-multitool-charge-tti","status":"publish","type":"product","link":"https:\/\/sezona.lv\/en\/products\/leatherman-multitool-charge-tti\/","title":{"rendered":"Leatherman Multitool CHARGE+ TTi"},"content":{"rendered":"<div class=\"rte\">\n<p><span id=\"result_box\" lang=\"lv\"><span>Viegls,  izgatavots no augst\u0101k\u0101s kvalit\u0101tes materi\u0101liem, &scaron;\u012b ir uzlabota ori\u0123in\u0101l\u0101  CHARGE TTi versija ar nomain\u0101mu stieples griez\u0113ju. <br \/><span lang=\"lv\"><span>Viens no Leatherman popul\u0101r\u0101kajiem instrumentiem, Charge Plus TTi ir gatavs lieliem un maz\u0101kiem darbiem.<\/span> P<span>raktisks  multi-r\u012bks ar visvair\u0101k piepras\u012btaj\u0101m funkcij\u0101m, izgatavots no  augst\u0101k\u0101s kvalit\u0101tes materi\u0101liem ar uzlabotu, nomain\u0101mu stiep\u013cu  griez\u0113ju.<\/span> <span>Tit\u0101na rokturi padara instrumentu vieglu un iztur\u012bgu. Apr\u012bkots ar asu S30V t\u0113rauda na\u017ea asmeni, kas ir iztur\u012bgs pret koroziju. <\/span><\/span><br \/><\/span><\/span><\/p>\n<h4><span lang=\"lv\"><span><span lang=\"lv\"><span>Specifik\u0101cija:<\/span><\/span><\/span><\/span><\/h4>\n<table style=\"height: 107px\" border=\"0\" width=\"571\">\n<tbody>\n<tr>\n<td><strong>Izm\u0113rs aizv\u0113rtam:<\/strong><\/td>\n<td>10 cm<\/td>\n<\/tr>\n<tr>\n<td><strong>Svars:<\/strong><\/td>\n<td>252 grami<\/td>\n<\/tr>\n<tr>\n<td><strong>Asmens garums:<\/strong><\/td>\n<td>7,37 cm<\/td>\n<\/tr>\n<tr>\n<td><strong>Materi\u0101ls:<\/strong><\/td>\n<td>420HC Stainless Steel, S30V&reg; , Titanium<\/td>\n<\/tr>\n<\/tbody>\n<\/table>\n<h4>Instrumenti:<\/h4>\n<ol>\n<li>Knaibles ar spiciem galiem&nbsp;<\/li>\n<li>Standarta knaibles<\/li>\n<li>Nomain\u0101mas vadu knaibl\u012btes<\/li>\n<li>Nomain\u0101mas cieto vadu knaibles<\/li>\n<li>Vadu un konektoru saspied\u0113js<\/li>\n<li>Vadu apvalka no\u0146\u0113mejs<\/li>\n<li>S30V nazis<\/li>\n<li>420HC nazis<\/li>\n<li>Z\u0101\u0123is<\/li>\n<li>&Scaron;\u0137\u0113res<\/li>\n<li>Grie&scaron;anas \u0101\u0137is<\/li>\n<li>Line\u0101ls (19cm)<\/li>\n<li>Konservu attais\u0101mais<\/li>\n<li>Pude\u013cu attais\u0101mais<\/li>\n<li>Koka \/ met\u0101la v\u012ble<\/li>\n<li>Dimanta p\u0101rkl\u0101juma v\u012ble<\/li>\n<li>Liels skr\u016bvgriezis<\/li>\n<li>Mazs skr\u016bvgriezis<\/li>\n<li>Vid\u0113js skr\u016bvgriezis<\/li>\n<\/ol>\n<\/div>\n","protected":false},"excerpt":{"rendered":"<p>Viegls, izgatavots no augst\u0101k\u0101s kvalit\u0101tes materi\u0101liem, &scaron;\u012b ir uzlabota ori\u0123in\u0101l\u0101 CHARGE TTi versija ar nomain\u0101mu stieples griez\u0113ju. Viens no Leatherman popul\u0101r\u0101kajiem instrumentiem, Charge Plus TTi ir gatavs lieliem un maz\u0101kiem darbiem. Praktisks multi-r\u012bks ar visvair\u0101k piepras\u012btaj\u0101m funkcij\u0101m, izgatavots no augst\u0101k\u0101s kvalit\u0101tes materi\u0101liem ar uzlabotu, nomain\u0101mu stiep\u013cu griez\u0113ju. Tit\u0101na rokturi padara instrumentu vieglu un iztur\u012bgu. Apr\u012bkots [&hellip;]<\/p>\n","protected":false},"featured_media":70392,"template":"","meta":[],"product_brand":[3407],"product_cat":[4558,4571,4734],"product_tag":[],"class_list":{"0":"post-78567","1":"product","2":"type-product","3":"status-publish","4":"has-post-thumbnail","6":"product_brand-leatherman","7":"product_cat-for-tourism-recreation","8":"product_cat-dishes-knives-folding-tables-for-tourism-recreation","9":"product_cat-swiss-knives-dishes-knives-folding-tables-for-tourism-recreation","11":"first","12":"instock","13":"shipping-taxable","14":"purchasable","15":"product-type-simple"},"_links":{"self":[{"href":"https:\/\/sezona.lv\/en\/wp-json\/wp\/v2\/product\/78567","targetHints":{"allow":["GET"]}}],"collection":[{"href":"https:\/\/sezona.lv\/en\/wp-json\/wp\/v2\/product"}],"about":[{"href":"https:\/\/sezona.lv\/en\/wp-json\/wp\/v2\/types\/product"}],"wp:featuredmedia":[{"embeddable":true,"href":"https:\/\/sezona.lv\/en\/wp-json\/wp\/v2\/media\/70392"}],"wp:attachment":[{"href":"https:\/\/sezona.lv\/en\/wp-json\/wp\/v2\/media?parent=78567"}],"wp:term":[{"taxonomy":"product_brand","embeddable":true,"href":"https:\/\/sezona.lv\/en\/wp-json\/wp\/v2\/product_brand?post=78567"},{"taxonomy":"product_cat","embeddable":true,"href":"https:\/\/sezona.lv\/en\/wp-json\/wp\/v2\/product_cat?post=78567"},{"taxonomy":"product_tag","embeddable":true,"href":"https:\/\/sezona.lv\/en\/wp-json\/wp\/v2\/product_tag?post=78567"}],"curies":[{"name":"wp","href":"https:\/\/api.w.org\/{rel}","templated":true}]}}