{"id":78568,"date":"2025-07-14T15:26:13","date_gmt":"2025-07-14T12:26:13","guid":{"rendered":"https:\/\/demo8.ecube.lv\/sezona.lv\/products\/victorinox-nazis-forester-wood\/"},"modified":"2025-07-14T15:26:13","modified_gmt":"2025-07-14T12:26:13","slug":"victorinox-nazis-forester-wood","status":"publish","type":"product","link":"https:\/\/sezona.lv\/en\/products\/victorinox-nazis-forester-wood\/","title":{"rendered":"Victorinox Nazis Forester Wood"},"content":{"rendered":"<p>Forester nazis b\u016bs J\u016bsu lab\u0101kais draugs esot me\u017e\u0101, ta\u010du tam noteikti  atrad\u012bsies pielietojums ar\u012b izp\u0113tot pils\u0113tas d\u017eung\u013cus. Skaists  valrieksta koka ietvars padara to ar\u012b par lielisku d\u0101vanu jebkuram  piedz\u012bvojumu mekl\u0113t\u0101jam.<\/p>\n<h4>Specifik\u0101cija:<\/h4>\n<table style=\"height: 65px\" border=\"0\" width=\"569\">\n<tbody>\n<tr>\n<td><strong>Svars:<\/strong><\/td>\n<td>126 grami<\/td>\n<\/tr>\n<tr>\n<td><strong>Izm\u0113ri:<\/strong><\/td>\n<td>18.5 x 111 mm<\/td>\n<\/tr>\n<\/tbody>\n<\/table>\n<h4>Funkcijas:<\/h4>\n<ol>\n<li>Liels asmens<\/li>\n<li>Pude\u013cu attais\u0101mais<\/li>\n<li>5mm skr\u016bvgriezis (fiks\u0113jams)<\/li>\n<li>Vadu apvalka no\u0146\u0113m\u0113js<\/li>\n<li>Z\u0101\u0123is kokam<\/li>\n<li>Konservu attais\u0101mais<\/li>\n<li>3mm skr\u016bvgriezis<\/li>\n<li>\u012alens<\/li>\n<li>Kor\u0137uvi\u013c\u0137is<\/li>\n<li>Gredzens atsl\u0113g\u0101m<\/li>\n<\/ol>\n<div class=\"rte\"><\/div>\n","protected":false},"excerpt":{"rendered":"<p>Forester nazis b\u016bs J\u016bsu lab\u0101kais draugs esot me\u017e\u0101, ta\u010du tam noteikti atrad\u012bsies pielietojums ar\u012b izp\u0113tot pils\u0113tas d\u017eung\u013cus. Skaists valrieksta koka ietvars padara to ar\u012b par lielisku d\u0101vanu jebkuram piedz\u012bvojumu mekl\u0113t\u0101jam. Specifik\u0101cija: Svars: 126 grami Izm\u0113ri: 18.5 x 111 mm Funkcijas: Liels asmens Pude\u013cu attais\u0101mais 5mm skr\u016bvgriezis (fiks\u0113jams) Vadu apvalka no\u0146\u0113m\u0113js Z\u0101\u0123is kokam Konservu attais\u0101mais 3mm [&hellip;]<\/p>\n","protected":false},"featured_media":0,"template":"","meta":[],"product_brand":[54],"product_cat":[4558,4571,4640,4734],"product_tag":[],"class_list":{"0":"post-78568","1":"product","2":"type-product","3":"status-publish","5":"product_brand-victorinox","6":"product_cat-for-tourism-recreation","7":"product_cat-dishes-knives-folding-tables-for-tourism-recreation","8":"product_cat-recreation","9":"product_cat-swiss-knives-dishes-knives-folding-tables-for-tourism-recreation","11":"first","12":"instock","13":"shipping-taxable","14":"purchasable","15":"product-type-simple"},"_links":{"self":[{"href":"https:\/\/sezona.lv\/en\/wp-json\/wp\/v2\/product\/78568","targetHints":{"allow":["GET"]}}],"collection":[{"href":"https:\/\/sezona.lv\/en\/wp-json\/wp\/v2\/product"}],"about":[{"href":"https:\/\/sezona.lv\/en\/wp-json\/wp\/v2\/types\/product"}],"wp:attachment":[{"href":"https:\/\/sezona.lv\/en\/wp-json\/wp\/v2\/media?parent=78568"}],"wp:term":[{"taxonomy":"product_brand","embeddable":true,"href":"https:\/\/sezona.lv\/en\/wp-json\/wp\/v2\/product_brand?post=78568"},{"taxonomy":"product_cat","embeddable":true,"href":"https:\/\/sezona.lv\/en\/wp-json\/wp\/v2\/product_cat?post=78568"},{"taxonomy":"product_tag","embeddable":true,"href":"https:\/\/sezona.lv\/en\/wp-json\/wp\/v2\/product_tag?post=78568"}],"curies":[{"name":"wp","href":"https:\/\/api.w.org\/{rel}","templated":true}]}}