{"id":78569,"date":"2025-07-11T16:41:06","date_gmt":"2025-07-11T13:41:06","guid":{"rendered":"https:\/\/demo8.ecube.lv\/sezona.lv\/products\/mora-kniv-nazis-karl-johan\/"},"modified":"2025-07-14T15:26:14","modified_gmt":"2025-07-14T12:26:14","slug":"mora-kniv-nazis-karl-johan","status":"publish","type":"product","link":"https:\/\/sezona.lv\/en\/products\/mora-kniv-nazis-karl-johan\/","title":{"rendered":"Mora Kniv Nazis Karl-Johan"},"content":{"rendered":"<p>&Scaron;is 55mm nazis paredz\u0113ts s\u0113\u0146o&scaron;ana. Tas izgatavots no Zviedru ner\u016bs\u0113jo&scaron;\u0101  met\u0101la, turkl\u0101t tam ir smalka birst\u012bte, lai not\u012br\u012btu net\u012brumus no s\u0113nes  to nesaboj\u0101jot. Mazs, \u0113rts nazis, kuru ir iesp\u0113jams piekarin\u0101t pie bik&scaron;u  jostas, lai me\u017e\u0101, vienm\u0113r pa rokai ir nazis.<\/p>\n","protected":false},"excerpt":{"rendered":"<p>&Scaron;is 55mm nazis paredz\u0113ts s\u0113\u0146o&scaron;ana. Tas izgatavots no Zviedru ner\u016bs\u0113jo&scaron;\u0101 met\u0101la, turkl\u0101t tam ir smalka birst\u012bte, lai not\u012br\u012btu net\u012brumus no s\u0113nes to nesaboj\u0101jot. Mazs, \u0113rts nazis, kuru ir iesp\u0113jams piekarin\u0101t pie bik&scaron;u jostas, lai me\u017e\u0101, vienm\u0113r pa rokai ir nazis.<\/p>\n","protected":false},"featured_media":70401,"template":"","meta":[],"product_brand":[],"product_cat":[4558,4571,4733],"product_tag":[],"class_list":{"0":"post-78569","1":"product","2":"type-product","3":"status-publish","4":"has-post-thumbnail","6":"product_cat-for-tourism-recreation","7":"product_cat-dishes-knives-folding-tables-for-tourism-recreation","8":"product_cat-knives-dishes-knives-folding-tables-for-tourism-recreation","10":"first","11":"instock","12":"shipping-taxable","13":"purchasable","14":"product-type-simple"},"_links":{"self":[{"href":"https:\/\/sezona.lv\/en\/wp-json\/wp\/v2\/product\/78569","targetHints":{"allow":["GET"]}}],"collection":[{"href":"https:\/\/sezona.lv\/en\/wp-json\/wp\/v2\/product"}],"about":[{"href":"https:\/\/sezona.lv\/en\/wp-json\/wp\/v2\/types\/product"}],"wp:featuredmedia":[{"embeddable":true,"href":"https:\/\/sezona.lv\/en\/wp-json\/wp\/v2\/media\/70401"}],"wp:attachment":[{"href":"https:\/\/sezona.lv\/en\/wp-json\/wp\/v2\/media?parent=78569"}],"wp:term":[{"taxonomy":"product_brand","embeddable":true,"href":"https:\/\/sezona.lv\/en\/wp-json\/wp\/v2\/product_brand?post=78569"},{"taxonomy":"product_cat","embeddable":true,"href":"https:\/\/sezona.lv\/en\/wp-json\/wp\/v2\/product_cat?post=78569"},{"taxonomy":"product_tag","embeddable":true,"href":"https:\/\/sezona.lv\/en\/wp-json\/wp\/v2\/product_tag?post=78569"}],"curies":[{"name":"wp","href":"https:\/\/api.w.org\/{rel}","templated":true}]}}