{"id":78570,"date":"2025-07-11T16:41:07","date_gmt":"2025-07-11T13:41:07","guid":{"rendered":"https:\/\/demo8.ecube.lv\/sezona.lv\/products\/victorinox-adata-stainless-steel-pin\/"},"modified":"2025-07-14T15:26:15","modified_gmt":"2025-07-14T12:26:15","slug":"victorinox-adata-stainless-steel-pin","status":"publish","type":"product","link":"https:\/\/sezona.lv\/en\/products\/victorinox-adata-stainless-steel-pin\/","title":{"rendered":"Victorinox Adata Stainless Steel Pin"},"content":{"rendered":"<p>Izgatavota no ner\u016bs\u0113jo&scaron;\u0101 t\u0113rauda. Asa, un iztur\u012bga.<\/p>\n<h4>Specifik\u0101cija:<\/h4>\n<table style=\"height: 44px\" border=\"0\" width=\"570\">\n<tbody>\n<tr>\n<td><strong>Izm\u0113rs:<\/strong><\/td>\n<td>33 mm<\/td>\n<\/tr>\n<tr>\n<td><strong>Svars:<\/strong><\/td>\n<td>37 grami<\/td>\n<\/tr>\n<\/tbody>\n<\/table>\n","protected":false},"excerpt":{"rendered":"<p>Izgatavota no ner\u016bs\u0113jo&scaron;\u0101 t\u0113rauda. Asa, un iztur\u012bga. Specifik\u0101cija: Izm\u0113rs: 33 mm Svars: 37 grami<\/p>\n","protected":false},"featured_media":70404,"template":"","meta":[],"product_brand":[54],"product_cat":[4558,4571,4740],"product_tag":[],"class_list":{"0":"post-78570","1":"product","2":"type-product","3":"status-publish","4":"has-post-thumbnail","6":"product_brand-victorinox","7":"product_cat-for-tourism-recreation","8":"product_cat-dishes-knives-folding-tables-for-tourism-recreation","9":"product_cat-knife-accessories-dishes-knives-folding-tables-for-tourism-recreation","11":"first","12":"instock","13":"shipping-taxable","14":"purchasable","15":"product-type-simple"},"_links":{"self":[{"href":"https:\/\/sezona.lv\/en\/wp-json\/wp\/v2\/product\/78570","targetHints":{"allow":["GET"]}}],"collection":[{"href":"https:\/\/sezona.lv\/en\/wp-json\/wp\/v2\/product"}],"about":[{"href":"https:\/\/sezona.lv\/en\/wp-json\/wp\/v2\/types\/product"}],"wp:featuredmedia":[{"embeddable":true,"href":"https:\/\/sezona.lv\/en\/wp-json\/wp\/v2\/media\/70404"}],"wp:attachment":[{"href":"https:\/\/sezona.lv\/en\/wp-json\/wp\/v2\/media?parent=78570"}],"wp:term":[{"taxonomy":"product_brand","embeddable":true,"href":"https:\/\/sezona.lv\/en\/wp-json\/wp\/v2\/product_brand?post=78570"},{"taxonomy":"product_cat","embeddable":true,"href":"https:\/\/sezona.lv\/en\/wp-json\/wp\/v2\/product_cat?post=78570"},{"taxonomy":"product_tag","embeddable":true,"href":"https:\/\/sezona.lv\/en\/wp-json\/wp\/v2\/product_tag?post=78570"}],"curies":[{"name":"wp","href":"https:\/\/api.w.org\/{rel}","templated":true}]}}