{"id":78571,"date":"2025-07-11T16:41:08","date_gmt":"2025-07-11T13:41:08","guid":{"rendered":"https:\/\/demo8.ecube.lv\/sezona.lv\/products\/leatherman-uzgalu-komplekts-bit-kit\/"},"modified":"2025-07-14T15:26:16","modified_gmt":"2025-07-14T12:26:16","slug":"leatherman-uzgalu-komplekts-bit-kit","status":"publish","type":"product","link":"https:\/\/sezona.lv\/en\/products\/leatherman-uzgalu-komplekts-bit-kit\/","title":{"rendered":"Leatherman Uzga\u013cu komplekts BIT KIT"},"content":{"rendered":"<div class=\"rte\">\n<div class=\"rte\">\n<p>Leatherman Bit Kit komplekt\u0101 ietilpst 21 uzgalis,  kas iznatojams no ab\u0101m pus\u0113m (kop\u0101 42 da\u017e\u0101di uzga\u013ci). Izmantojami visiem  Leatherman instrumentiem, kam ir main\u0101mi instrumenti.<\/p>\n<h4>Komplekt\u0101cij\u0101:<\/h4>\n<ul>\n<li>Eyeglass Bit (Philips\/Flathead)<\/li>\n<li>Philips 2 &ndash; Philips 1<\/li>\n<li>Philips 0 &ndash; Philips 3<\/li>\n<li>Flathead 1\/8 &ndash; Flathead 3\/32<\/li>\n<li>Flathead 3\/16&rdquo; &ndash; Flathead 5\/32<\/li>\n<li>Flathead &frac14;&rdquo; &ndash; Flathead 7\/32<\/li>\n<li>R2 &ndash; R1<\/li>\n<li>Torx 10 &ndash; Torx 15<\/li>\n<li>Torx 20 &ndash; Torx 25<\/li>\n<li>Torx 27 &ndash; Torx 30<\/li>\n<li>Pozi 1 &ndash; Pozi 2<\/li>\n<li>1.5mm Allen &ndash; 2mm Allen<\/li>\n<li>2.5mm Allen &ndash; 3mm Allen<\/li>\n<li>4mm Allen &ndash; 5mm Allen<\/li>\n<li>1 \/4&rdquo; Allen &ndash; 6mm Allen<\/li>\n<li>Torx 6 &#8211; Torx 8<\/li>\n<li>1\/16&rdquo; Allen &#8211; .050 Allen<\/li>\n<li>3\/32 Allen &ndash; 5\/64 Allen<\/li>\n<li>1\/8 Allen &ndash; 7\/64 Allen<\/li>\n<li>5\/32 Allen &ndash; 9\/64 Allen<\/li>\n<li>7\/32 Allen &ndash; 3\/16 Allen<\/li>\n<\/ul>\n<\/div>\n<\/div>\n","protected":false},"excerpt":{"rendered":"<p>Leatherman Bit Kit komplekt\u0101 ietilpst 21 uzgalis, kas iznatojams no ab\u0101m pus\u0113m (kop\u0101 42 da\u017e\u0101di uzga\u013ci). Izmantojami visiem Leatherman instrumentiem, kam ir main\u0101mi instrumenti. Komplekt\u0101cij\u0101: Eyeglass Bit (Philips\/Flathead) Philips 2 &ndash; Philips 1 Philips 0 &ndash; Philips 3 Flathead 1\/8 &ndash; Flathead 3\/32 Flathead 3\/16&rdquo; &ndash; Flathead 5\/32 Flathead &frac14;&rdquo; &ndash; Flathead 7\/32 R2 &ndash; [&hellip;]<\/p>\n","protected":false},"featured_media":70407,"template":"","meta":[],"product_brand":[3407],"product_cat":[4558,4571,4740],"product_tag":[],"class_list":{"0":"post-78571","1":"product","2":"type-product","3":"status-publish","4":"has-post-thumbnail","6":"product_brand-leatherman","7":"product_cat-for-tourism-recreation","8":"product_cat-dishes-knives-folding-tables-for-tourism-recreation","9":"product_cat-knife-accessories-dishes-knives-folding-tables-for-tourism-recreation","11":"first","12":"instock","13":"shipping-taxable","14":"purchasable","15":"product-type-simple"},"_links":{"self":[{"href":"https:\/\/sezona.lv\/en\/wp-json\/wp\/v2\/product\/78571","targetHints":{"allow":["GET"]}}],"collection":[{"href":"https:\/\/sezona.lv\/en\/wp-json\/wp\/v2\/product"}],"about":[{"href":"https:\/\/sezona.lv\/en\/wp-json\/wp\/v2\/types\/product"}],"wp:featuredmedia":[{"embeddable":true,"href":"https:\/\/sezona.lv\/en\/wp-json\/wp\/v2\/media\/70407"}],"wp:attachment":[{"href":"https:\/\/sezona.lv\/en\/wp-json\/wp\/v2\/media?parent=78571"}],"wp:term":[{"taxonomy":"product_brand","embeddable":true,"href":"https:\/\/sezona.lv\/en\/wp-json\/wp\/v2\/product_brand?post=78571"},{"taxonomy":"product_cat","embeddable":true,"href":"https:\/\/sezona.lv\/en\/wp-json\/wp\/v2\/product_cat?post=78571"},{"taxonomy":"product_tag","embeddable":true,"href":"https:\/\/sezona.lv\/en\/wp-json\/wp\/v2\/product_tag?post=78571"}],"curies":[{"name":"wp","href":"https:\/\/api.w.org\/{rel}","templated":true}]}}