{"id":78572,"date":"2025-07-14T15:26:17","date_gmt":"2025-07-14T12:26:17","guid":{"rendered":"https:\/\/demo8.ecube.lv\/sezona.lv\/products\/leatherman-multitool-wave\/"},"modified":"2025-07-14T15:26:17","modified_gmt":"2025-07-14T12:26:17","slug":"leatherman-multitool-wave","status":"publish","type":"product","link":"https:\/\/sezona.lv\/en\/products\/leatherman-multitool-wave\/","title":{"rendered":"Leatherman Multitool WAVE+"},"content":{"rendered":"<div class=\"rte\">\n<p>Popul\u0101r\u0101kais no Leatherman Multifunkcion\u0101lajiem instrumentiem, kas  tagad uzlabots ar iztur\u012bg\u0101m, main\u0101m\u0101m vadu knaibl\u012bt\u0113m. Visi 18  instrumenti ir atverami ar vienu roku un blo\u0137\u0113jami. Da\u013ca no  instrumentiem atveras uz \u0101rpusi, kas \u013caus tiem \u0101tri piek\u013c\u016bt, neatverot  visu multifunkcion\u0101lo instrumentu.<\/p>\n<h4>Specifik\u0101cija:<\/h4>\n<table style=\"height: 125px\" border=\"0\" width=\"505\">\n<tbody>\n<tr>\n<td><strong>Garums saloc\u012bt\u0101 veid\u0101:<\/strong><\/td>\n<td>10 cm<\/td>\n<\/tr>\n<tr>\n<td><strong>Svars:<\/strong><\/td>\n<td>241 grams<\/td>\n<\/tr>\n<tr>\n<td><strong>Asmens garums:<\/strong><\/td>\n<td>7.37 cm<\/td>\n<\/tr>\n<tr>\n<td><strong>Instrumenti:<\/strong><\/td>\n<td>Multifunkcion\u0101las knaibles (ar main\u0101m\u0101m vadu knaibl\u0113m), eletrisko savienot\u0101ju saspied\u0113js, vadu apvalka no\u0146\u0113m\u0113js, <span id=\"result_box\" class=\"short_text\" lang=\"lv\"><span>420HC nazis<\/span><\/span>,  420HC nazis ar zobi\u0146iem, z\u0101\u0123is, &scaron;\u0137\u0113res, line\u0101ls (19cm), konservu  attais\u0101mais, pude\u013cu attais\u0101mais, v\u012ble, da\u017e\u0101du izm\u0113ru skr\u016bvgrie\u017ei<\/td>\n<\/tr>\n<\/tbody>\n<\/table>\n<\/div>\n","protected":false},"excerpt":{"rendered":"<p>Popul\u0101r\u0101kais no Leatherman Multifunkcion\u0101lajiem instrumentiem, kas tagad uzlabots ar iztur\u012bg\u0101m, main\u0101m\u0101m vadu knaibl\u012bt\u0113m. Visi 18 instrumenti ir atverami ar vienu roku un blo\u0137\u0113jami. Da\u013ca no instrumentiem atveras uz \u0101rpusi, kas \u013caus tiem \u0101tri piek\u013c\u016bt, neatverot visu multifunkcion\u0101lo instrumentu. Specifik\u0101cija: Garums saloc\u012bt\u0101 veid\u0101: 10 cm Svars: 241 grams Asmens garums: 7.37 cm Instrumenti: Multifunkcion\u0101las knaibles (ar [&hellip;]<\/p>\n","protected":false},"featured_media":0,"template":"","meta":[],"product_brand":[3407],"product_cat":[4558,4571,4640,4734],"product_tag":[],"class_list":{"0":"post-78572","1":"product","2":"type-product","3":"status-publish","5":"product_brand-leatherman","6":"product_cat-for-tourism-recreation","7":"product_cat-dishes-knives-folding-tables-for-tourism-recreation","8":"product_cat-recreation","9":"product_cat-swiss-knives-dishes-knives-folding-tables-for-tourism-recreation","11":"first","12":"instock","13":"shipping-taxable","14":"purchasable","15":"product-type-simple"},"_links":{"self":[{"href":"https:\/\/sezona.lv\/en\/wp-json\/wp\/v2\/product\/78572","targetHints":{"allow":["GET"]}}],"collection":[{"href":"https:\/\/sezona.lv\/en\/wp-json\/wp\/v2\/product"}],"about":[{"href":"https:\/\/sezona.lv\/en\/wp-json\/wp\/v2\/types\/product"}],"wp:attachment":[{"href":"https:\/\/sezona.lv\/en\/wp-json\/wp\/v2\/media?parent=78572"}],"wp:term":[{"taxonomy":"product_brand","embeddable":true,"href":"https:\/\/sezona.lv\/en\/wp-json\/wp\/v2\/product_brand?post=78572"},{"taxonomy":"product_cat","embeddable":true,"href":"https:\/\/sezona.lv\/en\/wp-json\/wp\/v2\/product_cat?post=78572"},{"taxonomy":"product_tag","embeddable":true,"href":"https:\/\/sezona.lv\/en\/wp-json\/wp\/v2\/product_tag?post=78572"}],"curies":[{"name":"wp","href":"https:\/\/api.w.org\/{rel}","templated":true}]}}