{"id":78573,"date":"2025-07-11T16:41:14","date_gmt":"2025-07-11T13:41:14","guid":{"rendered":"https:\/\/demo8.ecube.lv\/sezona.lv\/products\/leatherman-multitool-skeletool-cx\/"},"modified":"2025-07-14T15:26:18","modified_gmt":"2025-07-14T12:26:18","slug":"leatherman-multitool-skeletool-cx","status":"publish","type":"product","link":"https:\/\/sezona.lv\/en\/products\/leatherman-multitool-skeletool-cx\/","title":{"rendered":"Leatherman Multitool SKELETOOL CX"},"content":{"rendered":"<div class=\"rte\">\n<p>Ne vienm\u0113r vair\u0101k ir lab\u0101k. Vadoties p\u0113c &scaron;\u012b principa tika rad\u012bts  SKELETOOL CX, kas apr\u012bkots tikai ar pa&scaron;iem nepiecie&scaron;am\u0101kajiem  instrumentiem un 154CM ner\u016bs\u0113jo&scaron;\u0101 t\u0113rauda asmeni. Tas ir viegls, maza  tilpuma instruments.<\/p>\n<h4>Specifik\u0101cija:<\/h4>\n<table style=\"height: 105px\" border=\"0\" width=\"527\">\n<tbody>\n<tr>\n<td><strong>Garums saloc\u012bt\u0101 veid\u0101:<\/strong><\/td>\n<td>10 cm<\/td>\n<\/tr>\n<tr>\n<td><strong>Svars:<\/strong><\/td>\n<td>142 grami<\/td>\n<\/tr>\n<tr>\n<td><strong>Asmens:<\/strong><\/td>\n<td>6.60 cm<\/td>\n<\/tr>\n<tr>\n<td><strong>Instrumenti:<\/strong><\/td>\n<td>Multifunkcion\u0101las knaibles, nazis, karab\u012bne, pude\u013cu attais\u0101mais, lielais skr\u016bvgriezis<\/td>\n<\/tr>\n<\/tbody>\n<\/table>\n<\/div>\n","protected":false},"excerpt":{"rendered":"<p>Ne vienm\u0113r vair\u0101k ir lab\u0101k. Vadoties p\u0113c &scaron;\u012b principa tika rad\u012bts SKELETOOL CX, kas apr\u012bkots tikai ar pa&scaron;iem nepiecie&scaron;am\u0101kajiem instrumentiem un 154CM ner\u016bs\u0113jo&scaron;\u0101 t\u0113rauda asmeni. Tas ir viegls, maza tilpuma instruments. Specifik\u0101cija: Garums saloc\u012bt\u0101 veid\u0101: 10 cm Svars: 142 grami Asmens: 6.60 cm Instrumenti: Multifunkcion\u0101las knaibles, nazis, karab\u012bne, pude\u013cu attais\u0101mais, lielais skr\u016bvgriezis<\/p>\n","protected":false},"featured_media":70421,"template":"","meta":[],"product_brand":[3407],"product_cat":[4558,4571,4734],"product_tag":[],"class_list":{"0":"post-78573","1":"product","2":"type-product","3":"status-publish","4":"has-post-thumbnail","6":"product_brand-leatherman","7":"product_cat-for-tourism-recreation","8":"product_cat-dishes-knives-folding-tables-for-tourism-recreation","9":"product_cat-swiss-knives-dishes-knives-folding-tables-for-tourism-recreation","11":"first","12":"instock","13":"shipping-taxable","14":"purchasable","15":"product-type-simple"},"_links":{"self":[{"href":"https:\/\/sezona.lv\/en\/wp-json\/wp\/v2\/product\/78573","targetHints":{"allow":["GET"]}}],"collection":[{"href":"https:\/\/sezona.lv\/en\/wp-json\/wp\/v2\/product"}],"about":[{"href":"https:\/\/sezona.lv\/en\/wp-json\/wp\/v2\/types\/product"}],"wp:featuredmedia":[{"embeddable":true,"href":"https:\/\/sezona.lv\/en\/wp-json\/wp\/v2\/media\/70421"}],"wp:attachment":[{"href":"https:\/\/sezona.lv\/en\/wp-json\/wp\/v2\/media?parent=78573"}],"wp:term":[{"taxonomy":"product_brand","embeddable":true,"href":"https:\/\/sezona.lv\/en\/wp-json\/wp\/v2\/product_brand?post=78573"},{"taxonomy":"product_cat","embeddable":true,"href":"https:\/\/sezona.lv\/en\/wp-json\/wp\/v2\/product_cat?post=78573"},{"taxonomy":"product_tag","embeddable":true,"href":"https:\/\/sezona.lv\/en\/wp-json\/wp\/v2\/product_tag?post=78573"}],"curies":[{"name":"wp","href":"https:\/\/api.w.org\/{rel}","templated":true}]}}