{"id":78574,"date":"2025-07-14T15:26:19","date_gmt":"2025-07-14T12:26:19","guid":{"rendered":"https:\/\/demo8.ecube.lv\/sezona.lv\/products\/victorinox-nazis-sentinel-clip\/"},"modified":"2025-07-14T15:26:19","modified_gmt":"2025-07-14T12:26:19","slug":"victorinox-nazis-sentinel-clip","status":"publish","type":"product","link":"https:\/\/sezona.lv\/en\/products\/victorinox-nazis-sentinel-clip\/","title":{"rendered":"Victorinox Nazis Sentinel Clip"},"content":{"rendered":"<div class=\"rte\">\n<div class=\"rte\">\n<div class=\"rte\">\n<p>Sentinel One Hand ir ori\u0123in\u0101lais &Scaron;veices armijas nazis. Izgatavots no  kvalitat\u012bva ner\u016bs\u0113jo&scaron;a t\u0113rauda. Atverams ar vienu roku. &Scaron;im modelim ir  nofiks\u0113jams asmens un tas ir stiprin\u0101ms pie jostas ar klipsi. Ra\u017eots  &Scaron;veic\u0113.<\/p>\n<h4>Specifik\u0101cija:<\/h4>\n<p><strong>Materi\u0101ls:<\/strong> ner\u016bs\u0113jo&scaron;ais t\u0113rauds <br \/><strong>Izm\u0113rs:<\/strong> 111mm x 17mm <br \/><strong>Svars:<\/strong>&nbsp;78 grami <br \/><strong>Kr\u0101sa:<\/strong> melna<\/p>\n<h4>Funkcijas:<\/h4>\n<p>1. Zobu bakst\u0101mais <br \/>2. Pincet\u012bte <br \/>3. Fiks\u0113jams lielais asmens<br \/>4. Klipsis<br \/>5. Atsl\u0113gu ri\u0146\u0137is<\/p>\n<\/div>\n<\/div>\n<p>&nbsp;<\/p>\n<\/div>\n","protected":false},"excerpt":{"rendered":"<p>Sentinel One Hand ir ori\u0123in\u0101lais &Scaron;veices armijas nazis. Izgatavots no kvalitat\u012bva ner\u016bs\u0113jo&scaron;a t\u0113rauda. Atverams ar vienu roku. &Scaron;im modelim ir nofiks\u0113jams asmens un tas ir stiprin\u0101ms pie jostas ar klipsi. Ra\u017eots &Scaron;veic\u0113. Specifik\u0101cija: Materi\u0101ls: ner\u016bs\u0113jo&scaron;ais t\u0113rauds Izm\u0113rs: 111mm x 17mm Svars:&nbsp;78 grami Kr\u0101sa: melna Funkcijas: 1. Zobu bakst\u0101mais 2. Pincet\u012bte 3. Fiks\u0113jams lielais asmens4. Klipsis5. [&hellip;]<\/p>\n","protected":false},"featured_media":0,"template":"","meta":[],"product_brand":[54],"product_cat":[4558,4571,4640,4734],"product_tag":[],"class_list":{"0":"post-78574","1":"product","2":"type-product","3":"status-publish","5":"product_brand-victorinox","6":"product_cat-for-tourism-recreation","7":"product_cat-dishes-knives-folding-tables-for-tourism-recreation","8":"product_cat-recreation","9":"product_cat-swiss-knives-dishes-knives-folding-tables-for-tourism-recreation","11":"first","12":"instock","13":"shipping-taxable","14":"purchasable","15":"product-type-simple"},"_links":{"self":[{"href":"https:\/\/sezona.lv\/en\/wp-json\/wp\/v2\/product\/78574","targetHints":{"allow":["GET"]}}],"collection":[{"href":"https:\/\/sezona.lv\/en\/wp-json\/wp\/v2\/product"}],"about":[{"href":"https:\/\/sezona.lv\/en\/wp-json\/wp\/v2\/types\/product"}],"wp:attachment":[{"href":"https:\/\/sezona.lv\/en\/wp-json\/wp\/v2\/media?parent=78574"}],"wp:term":[{"taxonomy":"product_brand","embeddable":true,"href":"https:\/\/sezona.lv\/en\/wp-json\/wp\/v2\/product_brand?post=78574"},{"taxonomy":"product_cat","embeddable":true,"href":"https:\/\/sezona.lv\/en\/wp-json\/wp\/v2\/product_cat?post=78574"},{"taxonomy":"product_tag","embeddable":true,"href":"https:\/\/sezona.lv\/en\/wp-json\/wp\/v2\/product_tag?post=78574"}],"curies":[{"name":"wp","href":"https:\/\/api.w.org\/{rel}","templated":true}]}}