{"id":78575,"date":"2025-07-11T16:41:16","date_gmt":"2025-07-11T13:41:16","guid":{"rendered":"https:\/\/demo8.ecube.lv\/sezona.lv\/products\/victorinox-nazis-forester-m-grip\/"},"modified":"2025-07-14T15:26:20","modified_gmt":"2025-07-14T12:26:20","slug":"victorinox-nazis-forester-m-grip","status":"publish","type":"product","link":"https:\/\/sezona.lv\/en\/products\/victorinox-nazis-forester-m-grip\/","title":{"rendered":"Victorinox Nazis Forester M Grip"},"content":{"rendered":"<p>Ori\u0123in\u0101lais &Scaron;veices armijas nazis. Izgatavots no kvalitat\u012bva  ner\u016bs\u0113jo&scaron;a t\u0113rauda. &Scaron;im modelim ir liels asmens, z\u0101\u0123\u012btis un labi  satverams rokturis. Viss kas nepiecie&scaron;ams kvalitat\u012bvai atp\u016btai pie  dabas. Ra\u017eots &Scaron;veic\u0113.<\/p>\n<h4>Specifik\u0101cija:<\/h4>\n<p><strong>Materi\u0101ls:<\/strong> ner\u016bs\u0113jo&scaron;ais t\u0113rauds <br \/><strong>Izm\u0113rs:<\/strong> 111mm x 18.5mm <br \/><strong>Kr\u0101sa:<\/strong> melna\/sarkana<\/p>\n<h4>Funkcijas:<\/h4>\n<p>1. Konservu attais\u0101mais <br \/>2. Mazais plakanais skr\u016bvgriezis <br \/>3. Kor\u0137vi\u013c\u0137is <br \/>4. \u012alens <br \/>5. Atsl\u0113gu ri\u0146\u0137is<br \/>6. Lielais asmens <br \/>7. Pude\u013cu attais\u0101mais <br \/>8. Fiks\u0113jams lielais plakanais skr\u016bvgriezis <br \/>9. Z\u0101\u0123\u012btis<br \/>10. Vadu izol\u0101cijas no\u0146\u0113m\u0113js<\/p>\n","protected":false},"excerpt":{"rendered":"<p>Ori\u0123in\u0101lais &Scaron;veices armijas nazis. Izgatavots no kvalitat\u012bva ner\u016bs\u0113jo&scaron;a t\u0113rauda. &Scaron;im modelim ir liels asmens, z\u0101\u0123\u012btis un labi satverams rokturis. Viss kas nepiecie&scaron;ams kvalitat\u012bvai atp\u016btai pie dabas. Ra\u017eots &Scaron;veic\u0113. Specifik\u0101cija: Materi\u0101ls: ner\u016bs\u0113jo&scaron;ais t\u0113rauds Izm\u0113rs: 111mm x 18.5mm Kr\u0101sa: melna\/sarkana Funkcijas: 1. Konservu attais\u0101mais 2. Mazais plakanais skr\u016bvgriezis 3. Kor\u0137vi\u013c\u0137is 4. \u012alens 5. Atsl\u0113gu ri\u0146\u0137is6. Lielais asmens [&hellip;]<\/p>\n","protected":false},"featured_media":70434,"template":"","meta":[],"product_brand":[54],"product_cat":[4558,4571,4734],"product_tag":[],"class_list":{"0":"post-78575","1":"product","2":"type-product","3":"status-publish","4":"has-post-thumbnail","6":"product_brand-victorinox","7":"product_cat-for-tourism-recreation","8":"product_cat-dishes-knives-folding-tables-for-tourism-recreation","9":"product_cat-swiss-knives-dishes-knives-folding-tables-for-tourism-recreation","11":"first","12":"instock","13":"shipping-taxable","14":"purchasable","15":"product-type-simple"},"_links":{"self":[{"href":"https:\/\/sezona.lv\/en\/wp-json\/wp\/v2\/product\/78575","targetHints":{"allow":["GET"]}}],"collection":[{"href":"https:\/\/sezona.lv\/en\/wp-json\/wp\/v2\/product"}],"about":[{"href":"https:\/\/sezona.lv\/en\/wp-json\/wp\/v2\/types\/product"}],"wp:featuredmedia":[{"embeddable":true,"href":"https:\/\/sezona.lv\/en\/wp-json\/wp\/v2\/media\/70434"}],"wp:attachment":[{"href":"https:\/\/sezona.lv\/en\/wp-json\/wp\/v2\/media?parent=78575"}],"wp:term":[{"taxonomy":"product_brand","embeddable":true,"href":"https:\/\/sezona.lv\/en\/wp-json\/wp\/v2\/product_brand?post=78575"},{"taxonomy":"product_cat","embeddable":true,"href":"https:\/\/sezona.lv\/en\/wp-json\/wp\/v2\/product_cat?post=78575"},{"taxonomy":"product_tag","embeddable":true,"href":"https:\/\/sezona.lv\/en\/wp-json\/wp\/v2\/product_tag?post=78575"}],"curies":[{"name":"wp","href":"https:\/\/api.w.org\/{rel}","templated":true}]}}