{"id":78576,"date":"2025-07-11T16:41:17","date_gmt":"2025-07-11T13:41:17","guid":{"rendered":"https:\/\/demo8.ecube.lv\/sezona.lv\/products\/victorinox-nazis-evo-grip-10\/"},"modified":"2025-07-14T15:26:21","modified_gmt":"2025-07-14T12:26:21","slug":"victorinox-nazis-evo-grip-10","status":"publish","type":"product","link":"https:\/\/sezona.lv\/en\/products\/victorinox-nazis-evo-grip-10\/","title":{"rendered":"Victorinox Nazis Evo Grip 10"},"content":{"rendered":"<div class=\"rte\">\n<div class=\"rte\">\n<p>Vid\u0113ja izm\u0113ra kabatas nazis ar konservu attais\u0101mo. Izgatavots no kvalitat\u012bva ner\u016bs\u0113jo&scaron;a t\u0113rauda. Ra\u017eots &Scaron;veic\u0113.<\/p>\n<h4>Specifik\u0101cija:<\/h4>\n<p><strong>Materi\u0101ls:<\/strong> ner\u016bs\u0113jo&scaron;ais t\u0113rauds <br \/><strong>Izm\u0113rs:<\/strong> 17.5x85mm<br \/><strong>Svars: <\/strong>59 grami<\/p>\n<h4>Funkcijas:<\/h4>\n<p>1. Konservu attais\u0101mais <br \/>2. Mazais plakanais skr\u016bvgriezis <br \/>3. Kor\u0137vi\u013c\u0137is <br \/>4. \u012alens <br \/>5. Zobu bakst\u0101mais <br \/>6. Pincet\u012bte <br \/>7. Liels asmens<br \/>8. Pude\u013cu attais\u0101mais <br \/>9. Lielais plakanais skr\u016bvgriezis<br \/>10. Atsl\u0113gu ri\u0146\u0137is<br \/>11. Nagu v\u012ble<br \/>12. Zemnagu t\u012br\u012bt\u0101js<br \/>13. Vadu izol\u0101cijas no\u0146\u0113m\u0113js<strong><br \/><\/strong><\/p>\n<\/div>\n<\/div>\n","protected":false},"excerpt":{"rendered":"<p>Vid\u0113ja izm\u0113ra kabatas nazis ar konservu attais\u0101mo. Izgatavots no kvalitat\u012bva ner\u016bs\u0113jo&scaron;a t\u0113rauda. Ra\u017eots &Scaron;veic\u0113. Specifik\u0101cija: Materi\u0101ls: ner\u016bs\u0113jo&scaron;ais t\u0113rauds Izm\u0113rs: 17.5x85mmSvars: 59 grami Funkcijas: 1. Konservu attais\u0101mais 2. Mazais plakanais skr\u016bvgriezis 3. Kor\u0137vi\u013c\u0137is 4. \u012alens 5. Zobu bakst\u0101mais 6. Pincet\u012bte 7. Liels asmens8. Pude\u013cu attais\u0101mais 9. Lielais plakanais skr\u016bvgriezis10. Atsl\u0113gu ri\u0146\u0137is11. Nagu v\u012ble12. Zemnagu t\u012br\u012bt\u0101js13. Vadu [&hellip;]<\/p>\n","protected":false},"featured_media":70437,"template":"","meta":[],"product_brand":[54],"product_cat":[4558,4571,4734],"product_tag":[],"class_list":{"0":"post-78576","1":"product","2":"type-product","3":"status-publish","4":"has-post-thumbnail","6":"product_brand-victorinox","7":"product_cat-for-tourism-recreation","8":"product_cat-dishes-knives-folding-tables-for-tourism-recreation","9":"product_cat-swiss-knives-dishes-knives-folding-tables-for-tourism-recreation","11":"first","12":"instock","13":"shipping-taxable","14":"purchasable","15":"product-type-simple"},"_links":{"self":[{"href":"https:\/\/sezona.lv\/en\/wp-json\/wp\/v2\/product\/78576","targetHints":{"allow":["GET"]}}],"collection":[{"href":"https:\/\/sezona.lv\/en\/wp-json\/wp\/v2\/product"}],"about":[{"href":"https:\/\/sezona.lv\/en\/wp-json\/wp\/v2\/types\/product"}],"wp:featuredmedia":[{"embeddable":true,"href":"https:\/\/sezona.lv\/en\/wp-json\/wp\/v2\/media\/70437"}],"wp:attachment":[{"href":"https:\/\/sezona.lv\/en\/wp-json\/wp\/v2\/media?parent=78576"}],"wp:term":[{"taxonomy":"product_brand","embeddable":true,"href":"https:\/\/sezona.lv\/en\/wp-json\/wp\/v2\/product_brand?post=78576"},{"taxonomy":"product_cat","embeddable":true,"href":"https:\/\/sezona.lv\/en\/wp-json\/wp\/v2\/product_cat?post=78576"},{"taxonomy":"product_tag","embeddable":true,"href":"https:\/\/sezona.lv\/en\/wp-json\/wp\/v2\/product_tag?post=78576"}],"curies":[{"name":"wp","href":"https:\/\/api.w.org\/{rel}","templated":true}]}}