{"id":78577,"date":"2025-07-11T16:41:19","date_gmt":"2025-07-11T13:41:19","guid":{"rendered":"https:\/\/demo8.ecube.lv\/sezona.lv\/products\/victorinox-naza-maks-belt-pouch-swisstool\/"},"modified":"2025-07-14T15:26:22","modified_gmt":"2025-07-14T12:26:22","slug":"victorinox-naza-maks-belt-pouch-swisstool","status":"publish","type":"product","link":"https:\/\/sezona.lv\/en\/products\/victorinox-naza-maks-belt-pouch-swisstool\/","title":{"rendered":"Victorinox Na\u017ea maks Belt pouch SwissTool"},"content":{"rendered":"<div class=\"rte\"><span id=\"result_box\" lang=\"lv\"><span>Maks na\u017eu s\u0113rijai 0.87 &#8230;- 0.90 &#8230; un SwissTools s\u0113rijas instrumentiem. Stiprin\u0101s pie jostas, <\/span><span>apr\u012bkots  ar met\u0101la &#8220;portfe\u013ca&#8221; tipa aizdari. Izgatavots no dab\u012bg\u0101s \u0101das.  Paredz\u0113ts na\u017eiem l\u012bdz 4 instrumentiem, kuriem ir nofiks\u0113jami asme\u0146i.<\/span><\/span><\/div>\n","protected":false},"excerpt":{"rendered":"<p>Maks na\u017eu s\u0113rijai 0.87 &#8230;- 0.90 &#8230; un SwissTools s\u0113rijas instrumentiem. Stiprin\u0101s pie jostas, apr\u012bkots ar met\u0101la &#8220;portfe\u013ca&#8221; tipa aizdari. Izgatavots no dab\u012bg\u0101s \u0101das. Paredz\u0113ts na\u017eiem l\u012bdz 4 instrumentiem, kuriem ir nofiks\u0113jami asme\u0146i.<\/p>\n","protected":false},"featured_media":70440,"template":"","meta":[],"product_brand":[54],"product_cat":[4558,4571,4740],"product_tag":[],"class_list":{"0":"post-78577","1":"product","2":"type-product","3":"status-publish","4":"has-post-thumbnail","6":"product_brand-victorinox","7":"product_cat-for-tourism-recreation","8":"product_cat-dishes-knives-folding-tables-for-tourism-recreation","9":"product_cat-knife-accessories-dishes-knives-folding-tables-for-tourism-recreation","11":"first","12":"instock","13":"shipping-taxable","14":"purchasable","15":"product-type-simple"},"_links":{"self":[{"href":"https:\/\/sezona.lv\/en\/wp-json\/wp\/v2\/product\/78577","targetHints":{"allow":["GET"]}}],"collection":[{"href":"https:\/\/sezona.lv\/en\/wp-json\/wp\/v2\/product"}],"about":[{"href":"https:\/\/sezona.lv\/en\/wp-json\/wp\/v2\/types\/product"}],"wp:featuredmedia":[{"embeddable":true,"href":"https:\/\/sezona.lv\/en\/wp-json\/wp\/v2\/media\/70440"}],"wp:attachment":[{"href":"https:\/\/sezona.lv\/en\/wp-json\/wp\/v2\/media?parent=78577"}],"wp:term":[{"taxonomy":"product_brand","embeddable":true,"href":"https:\/\/sezona.lv\/en\/wp-json\/wp\/v2\/product_brand?post=78577"},{"taxonomy":"product_cat","embeddable":true,"href":"https:\/\/sezona.lv\/en\/wp-json\/wp\/v2\/product_cat?post=78577"},{"taxonomy":"product_tag","embeddable":true,"href":"https:\/\/sezona.lv\/en\/wp-json\/wp\/v2\/product_tag?post=78577"}],"curies":[{"name":"wp","href":"https:\/\/api.w.org\/{rel}","templated":true}]}}